{"id":32,"date":"2017-11-05T22:49:01","date_gmt":"2017-11-06T00:49:01","guid":{"rendered":"https:\/\/terra.ufpr.br\/analiseambiental\/?page_id=32"},"modified":"2017-11-07T20:57:20","modified_gmt":"2017-11-07T22:57:20","slug":"disciplinas","status":"publish","type":"page","link":"https:\/\/terra.ufpr.br\/analiseambiental\/disciplinas\/","title":{"rendered":"Disciplinas"},"content":{"rendered":"<p>O curso possui carga hor\u00e1ria total de <strong>375 horas<\/strong>, sendo 250 horas de conte\u00fados te\u00f3ricos e 125 horas de aulas pr\u00e1ticas de campo.<\/p>\n<p>As aulas compreendem o per\u00edodo letivo de mar\u00e7o a julho e agosto a dezembro, acontecendo todas as <strong>6as-feiras<\/strong> no hor\u00e1rio noturno (<strong>das 19 \u00e0s 22hs<\/strong>) e <strong>s\u00e1bados<\/strong> o dia todo (<strong>das 8 \u00e0s 12hs e das 13 \u00e0s 17hs<\/strong>).<\/p>\n<p>&nbsp;<\/p>\n<table width=\"712\">\n<tbody>\n<tr>\n<td width=\"51%\"><strong>Disciplina <\/strong><\/td>\n<td width=\"10%\"><strong>CH Total<\/strong><\/td>\n<\/tr>\n<tr>\n<td width=\"51%\"><a href=\"https:\/\/terra.ufpr.br\/analiseambiental\/a-relacao-sociedade-natureza-e-os-problemas-socioambientais-contemporaneos\/\">A Rela\u00e7\u00e3o Sociedade-Natureza e os Problemas Socioambientais Contempor\u00e2neos<\/a><\/td>\n<td width=\"10%\">12h<\/td>\n<\/tr>\n<tr>\n<td width=\"51%\"><a href=\"https:\/\/terra.ufpr.br\/analiseambiental\/cartografia-geral-e-digital\/\">Cartografia Geral e Digital<\/a><\/td>\n<td width=\"10%\">25h<\/td>\n<\/tr>\n<tr>\n<td width=\"51%\"><a href=\"https:\/\/terra.ufpr.br\/analiseambiental\/sensoriamento-remoto\/\">Sensoriamento Remoto<\/a><\/td>\n<td width=\"10%\">25h<\/td>\n<\/tr>\n<tr>\n<td width=\"51%\"><a href=\"https:\/\/terra.ufpr.br\/analiseambiental\/sistema-de-informacoes-geograficas\/\">Sistema de Informa\u00e7\u00f5es Geogr\u00e1ficas<\/a><\/td>\n<td width=\"10%\">25h<\/td>\n<\/tr>\n<tr>\n<td width=\"51%\"><a href=\"https:\/\/terra.ufpr.br\/analiseambiental\/o-espaco-urbano-metropolitano-nos-estudos-ambientais\/\">O Espa\u00e7o Urbano &#8211; Metropolitano nos Estudos Ambientais<\/a><\/td>\n<td width=\"10%\">24h<\/td>\n<\/tr>\n<tr>\n<td width=\"51%\"><a href=\"https:\/\/terra.ufpr.br\/analiseambiental\/analise-do-meio-socioeconomico-nos-estudos-ambientais\/\">An\u00e1lise do Meio Socioecon\u00f4mico nos Estudos Ambientais<\/a><\/td>\n<td width=\"10%\">24h<\/td>\n<\/tr>\n<tr>\n<td width=\"51%\"><a href=\"https:\/\/terra.ufpr.br\/analiseambiental\/modelagem-numerica-ambiental\/\">Modelagem Num\u00e9rica Ambiental<\/a><\/td>\n<td width=\"10%\">24h<\/td>\n<\/tr>\n<tr>\n<td width=\"51%\"><a href=\"https:\/\/terra.ufpr.br\/analiseambiental\/metodologia-de-pesquisa-em-analise-ambiental\/\">Metodologia de Pesquisa em An\u00e1lise Ambiental<\/a><\/td>\n<td width=\"10%\">24h<\/td>\n<\/tr>\n<tr>\n<td width=\"51%\"><a href=\"https:\/\/terra.ufpr.br\/analiseambiental\/climatologia-aplicada-a-analise-ambiental\/\">Climatologia Aplicada \u00e0 An\u00e1lise Ambiental<\/a><\/td>\n<td width=\"10%\">24h<\/td>\n<\/tr>\n<tr>\n<td width=\"51%\"><a href=\"https:\/\/terra.ufpr.br\/analiseambiental\/geopedologia-nos-estudos-ambientais\/\">Geopedologia nos Estudos Ambientais<\/a><\/td>\n<td width=\"10%\">24h<\/td>\n<\/tr>\n<tr>\n<td width=\"51%\"><a href=\"https:\/\/terra.ufpr.br\/analiseambiental\/analise-de-bacias-hidrograficas\/\">An\u00e1lise de Bacias Hidrogr\u00e1ficas<\/a><\/td>\n<td width=\"10%\">24h<\/td>\n<\/tr>\n<tr>\n<td width=\"51%\"><a href=\"https:\/\/terra.ufpr.br\/analiseambiental\/fitogeografia-nos-estudos-ambientais\/\">Fitogeografia nos Estudos Ambientais<\/a><\/td>\n<td width=\"10%\">24h<\/td>\n<\/tr>\n<tr>\n<td width=\"51%\"><a href=\"https:\/\/terra.ufpr.br\/analiseambiental\/biogeografia-analise-da-fauna\/\">Biogeografia: An\u00e1lise da Fauna<\/a><\/td>\n<td width=\"10%\">24h<\/td>\n<\/tr>\n<tr>\n<td width=\"51%\"><a href=\"https:\/\/terra.ufpr.br\/analiseambiental\/arqueologia-nos-estudos-ambientais\/\">Arqueologia nos Estudos Ambientais<\/a><\/td>\n<td width=\"10%\">24h<\/td>\n<\/tr>\n<tr>\n<td width=\"51%\"><a href=\"https:\/\/terra.ufpr.br\/analiseambiental\/direito-ambiental\/\">Direito Ambiental<\/a><\/td>\n<td width=\"10%\">24h<\/td>\n<\/tr>\n<tr>\n<td width=\"51%\"><a href=\"https:\/\/terra.ufpr.br\/analiseambiental\/planejamento-e-gestao-ambiental\/\">Planejamento e Gest\u00e3o Ambiental<\/a><\/td>\n<td width=\"10%\">24h<\/td>\n<\/tr>\n<\/tbody>\n<\/table>\n<p>&nbsp;<\/p>\n","protected":false},"excerpt":{"rendered":"<p>O curso possui carga hor\u00e1ria total de 375 horas, sendo 250 horas de conte\u00fados te\u00f3ricos e 125 horas de aulas pr\u00e1ticas de campo. As aulas compreendem o per\u00edodo letivo de mar\u00e7o a julho e agosto a dezembro, acontecendo todas as 6as-feiras no hor\u00e1rio noturno (das 19 \u00e0s 22hs) e s\u00e1bados o dia todo (das 8 [&hellip;]<\/p>\n","protected":false},"author":1317,"featured_media":0,"parent":0,"menu_order":0,"comment_status":"closed","ping_status":"closed","template":"","meta":{"footnotes":""},"class_list":["post-32","page","type-page","status-publish","hentry"],"_links":{"self":[{"href":"https:\/\/terra.ufpr.br\/analiseambiental\/wp-json\/wp\/v2\/pages\/32"}],"collection":[{"href":"https:\/\/terra.ufpr.br\/analiseambiental\/wp-json\/wp\/v2\/pages"}],"about":[{"href":"https:\/\/terra.ufpr.br\/analiseambiental\/wp-json\/wp\/v2\/types\/page"}],"author":[{"embeddable":true,"href":"https:\/\/terra.ufpr.br\/analiseambiental\/wp-json\/wp\/v2\/users\/1317"}],"replies":[{"embeddable":true,"href":"https:\/\/terra.ufpr.br\/analiseambiental\/wp-json\/wp\/v2\/comments?post=32"}],"version-history":[{"count":7,"href":"https:\/\/terra.ufpr.br\/analiseambiental\/wp-json\/wp\/v2\/pages\/32\/revisions"}],"predecessor-version":[{"id":109,"href":"https:\/\/terra.ufpr.br\/analiseambiental\/wp-json\/wp\/v2\/pages\/32\/revisions\/109"}],"wp:attachment":[{"href":"https:\/\/terra.ufpr.br\/analiseambiental\/wp-json\/wp\/v2\/media?parent=32"}],"curies":[{"name":"wp","href":"https:\/\/api.w.org\/{rel}","templated":true}]}}