{"id":34,"date":"2017-11-05T22:57:46","date_gmt":"2017-11-06T00:57:46","guid":{"rendered":"https:\/\/terra.ufpr.br\/analiseambiental\/?page_id=34"},"modified":"2017-11-05T22:57:46","modified_gmt":"2017-11-06T00:57:46","slug":"corpo-docente","status":"publish","type":"page","link":"https:\/\/terra.ufpr.br\/analiseambiental\/corpo-docente\/","title":{"rendered":"Corpo Docente"},"content":{"rendered":"<p><strong>Andr\u00e9 Luciano Malheiros<\/strong><br \/>\nEngenheiro Civil, Doutorando em M\u00e9todos Num\u00e9ricos (UFPR)<br \/>\n<a href=\"http:\/\/lattes.cnpq.br\/0973556830462183\" target=\"_blank\" rel=\"noopener\">lattes.cnpq.br\/0973556830462183<\/a><\/p>\n<p><strong>Camila Domit<\/strong><br \/>\nBi\u00f3loga, Doutora em Zoologia (UFPR)<br \/>\n<a href=\"http:\/\/lattes.cnpq.br\/0315094345358871\" target=\"_blank\" rel=\"noopener\">lattes.cnpq.br\/0315094345358871<\/a><\/p>\n<p><strong>Claudinei Taborda da Silveira<\/strong><br \/>\nGe\u00f3grafo, Doutor em Geografia (UFPR)<br \/>\n<a href=\"http:\/\/lattes.cnpq.br\/4436295285744827\" target=\"_blank\" rel=\"noopener\">lattes.cnpq.br\/4436295285744827<\/a><\/p>\n<p><strong>Daniele Regina Pontes<\/strong><br \/>\nBacharel em Direito, Doutora em Direito (UFPR)<br \/>\n<a href=\"http:\/\/lattes.cnpq.br\/8832243043288463\" target=\"_blank\" rel=\"noopener\">lattes.cnpq.br\/8832243043288463<\/a><\/p>\n<p><strong>Edenilson Roberto do Nascimento<\/strong><br \/>\nGe\u00f3grafo, Doutor em Geologia (UFPR)<br \/>\n<a href=\"http:\/\/lattes.cnpq.br\/6160873798115347\" target=\"_blank\" rel=\"noopener\">lattes.cnpq.br\/6160873798115347<\/a><\/p>\n<p><strong>Elaine de C\u00e1cia Lima Frick<\/strong><br \/>\nGe\u00f3grafa, Mestra em Engenharia Florestal (UFPR)<br \/>\n<a href=\"http:\/\/lattes.cnpq.br\/9400078367890458\" target=\"_blank\" rel=\"noopener\">lattes.cnpq.br\/9400078367890458<\/a><\/p>\n<p><strong>Eduardo Vedor de Paula<\/strong><br \/>\nGe\u00f3grafo, Doutor em Geografia (UFPR)<br \/>\n<a href=\"http:\/\/lattes.cnpq.br\/3566556553832046\" target=\"_blank\" rel=\"noopener\">lattes.cnpq.br\/3566556553832046<\/a><\/p>\n<p><strong>Helder Rafael Nocko<\/strong><br \/>\nEngenheiro Ambiental, Mestre em M\u00e9todos Num\u00e9ricos (UFPR)<br \/>\n<a href=\"http:\/\/lattes.cnpq.br\/1070667177488862\" target=\"_blank\" rel=\"noopener\">lattes.cnpq.br\/1070667177488862<\/a><\/p>\n<p><strong>Laercio Loiola Brochier<\/strong><br \/>\nGe\u00f3logo, Doutor em Arqueologia (USP)<br \/>\n<a href=\"http:\/\/lattes.cnpq.br\/7324201026772018\" target=\"_blank\" rel=\"noopener\">lattes.cnpq.br\/7324201026772018<\/a><\/p>\n<p><strong>Larissa Warnavin<\/strong><br \/>\nGe\u00f3grafa, Doutora em Geografia (UFPR)<br \/>\n<a href=\"http:\/\/lattes.cnpq.br\/2116659446884763\" target=\"_blank\" rel=\"noopener\">lattes.cnpq.br\/2116659446884763<\/a><\/p>\n<p><strong>Leonardo Jos\u00e9 Cordeiro dos Santos<\/strong><br \/>\nGe\u00f3grafo, Doutor em Geografia F\u00edsica (USP)<br \/>\n<a href=\"http:\/\/lattes.cnpq.br\/9998364756956271\" target=\"_blank\" rel=\"noopener\">lattes.cnpq.br\/9998364756956271<\/a><\/p>\n<p><strong>Mauricio Bergamini Scheer<\/strong><br \/>\nEngenheiro Florestal, Doutor em Engenharia Florestal (UFPR)<br \/>\n<a href=\"http:\/\/lattes.cnpq.br\/0183995863484543\" target=\"_blank\" rel=\"noopener\">lattes.cnpq.br\/0183995863484543<\/a><\/p>\n<p><strong>Olga Lucia Castreghini de Freitas-Firkowski<\/strong><br \/>\nGe\u00f3grafa, Doutora em Geografia Humana (USP)<br \/>\n<a href=\"http:\/\/lattes.cnpq.br\/9800077863356518\" target=\"_blank\" rel=\"noopener\">lattes.cnpq.br\/9800077863356518<\/a><\/p>\n<p><strong>Orestes Jarentchuk Junior<\/strong><br \/>\nGe\u00f3grafo, Doutorando em Geografia (UFPR)<br \/>\n<a href=\"http:\/\/lattes.cnpq.br\/3261095143756624\" target=\"_blank\" rel=\"noopener\">lattes.cnpq.br\/3261095143756624<\/a><\/p>\n<p><strong>Rossana Ribeiro Ciminelli<\/strong><br \/>\nEconomista, Mestra em Economia (UFMG)<br \/>\n<a href=\"http:\/\/lattes.cnpq.br\/1036653977519901\" target=\"_blank\" rel=\"noopener\">lattes.cnpq.br\/1036653977519901<\/a><\/p>\n<p><strong>Tony Vinicius Moreira Sampaio<\/strong><br \/>\nGe\u00f3grafo, Doutor em Geografia (UFMG)<br \/>\n<a href=\"http:\/\/lattes.cnpq.br\/3011361852627614\" target=\"_blank\" rel=\"noopener\">lattes.cnpq.br\/3011361852627614<\/a><\/p>\n<p><strong>Wilson Fl\u00e1vio Feltrim Roseghini<\/strong><br \/>\nGe\u00f3grafo, Doutor em Geografia (UFPR)<br \/>\n<a href=\"http:\/\/lattes.cnpq.br\/2169966917320531\" target=\"_blank\" rel=\"noopener\">lattes.cnpq.br\/2169966917320531<\/a><\/p>\n<p>&nbsp;<\/p>\n","protected":false},"excerpt":{"rendered":"<p>Andr\u00e9 Luciano Malheiros Engenheiro Civil, Doutorando em M\u00e9todos Num\u00e9ricos (UFPR) lattes.cnpq.br\/0973556830462183 Camila Domit Bi\u00f3loga, Doutora em Zoologia (UFPR) lattes.cnpq.br\/0315094345358871 Claudinei Taborda da Silveira Ge\u00f3grafo, Doutor em Geografia (UFPR) lattes.cnpq.br\/4436295285744827 Daniele Regina Pontes Bacharel em Direito, Doutora em Direito (UFPR) lattes.cnpq.br\/8832243043288463 Edenilson Roberto do Nascimento Ge\u00f3grafo, Doutor em Geologia (UFPR) lattes.cnpq.br\/6160873798115347 Elaine de C\u00e1cia Lima Frick [&hellip;]<\/p>\n","protected":false},"author":1317,"featured_media":0,"parent":0,"menu_order":0,"comment_status":"closed","ping_status":"closed","template":"","meta":{"footnotes":""},"class_list":["post-34","page","type-page","status-publish","hentry"],"_links":{"self":[{"href":"https:\/\/terra.ufpr.br\/analiseambiental\/wp-json\/wp\/v2\/pages\/34"}],"collection":[{"href":"https:\/\/terra.ufpr.br\/analiseambiental\/wp-json\/wp\/v2\/pages"}],"about":[{"href":"https:\/\/terra.ufpr.br\/analiseambiental\/wp-json\/wp\/v2\/types\/page"}],"author":[{"embeddable":true,"href":"https:\/\/terra.ufpr.br\/analiseambiental\/wp-json\/wp\/v2\/users\/1317"}],"replies":[{"embeddable":true,"href":"https:\/\/terra.ufpr.br\/analiseambiental\/wp-json\/wp\/v2\/comments?post=34"}],"version-history":[{"count":1,"href":"https:\/\/terra.ufpr.br\/analiseambiental\/wp-json\/wp\/v2\/pages\/34\/revisions"}],"predecessor-version":[{"id":35,"href":"https:\/\/terra.ufpr.br\/analiseambiental\/wp-json\/wp\/v2\/pages\/34\/revisions\/35"}],"wp:attachment":[{"href":"https:\/\/terra.ufpr.br\/analiseambiental\/wp-json\/wp\/v2\/media?parent=34"}],"curies":[{"name":"wp","href":"https:\/\/api.w.org\/{rel}","templated":true}]}}