{"id":56,"date":"2017-11-05T23:40:56","date_gmt":"2017-11-06T01:40:56","guid":{"rendered":"https:\/\/terra.ufpr.br\/analiseambiental\/?page_id=56"},"modified":"2017-11-05T23:56:27","modified_gmt":"2017-11-06T01:56:27","slug":"localizacao","status":"publish","type":"page","link":"https:\/\/terra.ufpr.br\/analiseambiental\/localizacao\/","title":{"rendered":"Localiza\u00e7\u00e3o"},"content":{"rendered":"<p>Av. Prof. Francisco H. dos Santos, s \/ n &#8211; Centro Polit\u00e9cnico<br \/>\nEdif\u00edcio Jo\u00e3o Jos\u00e9 Bigarella &#8211; 1 \u00b0 andar &#8211; Sala 108<br \/>\nCEP 81.531-990 \u2013 Caixa Postal 19001<br \/>\nCuritiba \u2013 PR<\/p>\n<p>&nbsp;<\/p>\n<div id=\"attachment_64\" style=\"width: 650px\" class=\"wp-caption aligncenter\"><a href=\"https:\/\/goo.gl\/maps\/kcKfFEN5dc22\" target=\"_blank\" rel=\"noopener\"><img loading=\"lazy\" decoding=\"async\" aria-describedby=\"caption-attachment-64\" class=\"wp-image-64\" title=\"Edif\u00edcio Jo\u00e3o Jos\u00e9 Bigarella, Setor de Ci\u00eancias da Terra\" src=\"https:\/\/terra.ufpr.br\/analiseambiental\/wp-content\/uploads\/sites\/4\/2017\/11\/inaugura\u00e7\u00e3o-042-1024x768predioterra-300x225.jpg\" alt=\"\" width=\"640\" height=\"480\" srcset=\"https:\/\/terra.ufpr.br\/analiseambiental\/wp-content\/uploads\/sites\/4\/2017\/11\/inaugura\u00e7\u00e3o-042-1024x768predioterra-300x225.jpg 300w, https:\/\/terra.ufpr.br\/analiseambiental\/wp-content\/uploads\/sites\/4\/2017\/11\/inaugura\u00e7\u00e3o-042-1024x768predioterra-768x576.jpg 768w, https:\/\/terra.ufpr.br\/analiseambiental\/wp-content\/uploads\/sites\/4\/2017\/11\/inaugura\u00e7\u00e3o-042-1024x768predioterra.jpg 1024w\" sizes=\"(max-width: 640px) 100vw, 640px\" \/><\/a><p id=\"caption-attachment-64\" class=\"wp-caption-text\"><em>Edif\u00edcio Jo\u00e3o Jos\u00e9 Bigarella, Setor de Ci\u00eancias da Terra<\/em><\/p><\/div>\n","protected":false},"excerpt":{"rendered":"<p>Av. Prof. Francisco H. dos Santos, s \/ n &#8211; Centro Polit\u00e9cnico Edif\u00edcio Jo\u00e3o Jos\u00e9 Bigarella &#8211; 1 \u00b0 andar &#8211; Sala 108 CEP 81.531-990 \u2013 Caixa Postal 19001 Curitiba \u2013 PR &nbsp;<\/p>\n","protected":false},"author":1317,"featured_media":0,"parent":0,"menu_order":0,"comment_status":"closed","ping_status":"closed","template":"","meta":{"footnotes":""},"class_list":["post-56","page","type-page","status-publish","hentry"],"_links":{"self":[{"href":"https:\/\/terra.ufpr.br\/analiseambiental\/wp-json\/wp\/v2\/pages\/56"}],"collection":[{"href":"https:\/\/terra.ufpr.br\/analiseambiental\/wp-json\/wp\/v2\/pages"}],"about":[{"href":"https:\/\/terra.ufpr.br\/analiseambiental\/wp-json\/wp\/v2\/types\/page"}],"author":[{"embeddable":true,"href":"https:\/\/terra.ufpr.br\/analiseambiental\/wp-json\/wp\/v2\/users\/1317"}],"replies":[{"embeddable":true,"href":"https:\/\/terra.ufpr.br\/analiseambiental\/wp-json\/wp\/v2\/comments?post=56"}],"version-history":[{"count":7,"href":"https:\/\/terra.ufpr.br\/analiseambiental\/wp-json\/wp\/v2\/pages\/56\/revisions"}],"predecessor-version":[{"id":65,"href":"https:\/\/terra.ufpr.br\/analiseambiental\/wp-json\/wp\/v2\/pages\/56\/revisions\/65"}],"wp:attachment":[{"href":"https:\/\/terra.ufpr.br\/analiseambiental\/wp-json\/wp\/v2\/media?parent=56"}],"curies":[{"name":"wp","href":"https:\/\/api.w.org\/{rel}","templated":true}]}}