{"id":101,"date":"2017-10-04T21:31:35","date_gmt":"2017-10-05T00:31:35","guid":{"rendered":"https:\/\/terra.ufpr.br\/infrageo\/?page_id=101"},"modified":"2017-10-26T16:49:22","modified_gmt":"2017-10-26T18:49:22","slug":"qgis-9-3","status":"publish","type":"page","link":"https:\/\/terra.ufpr.br\/infrageo\/qgis-9-3\/","title":{"rendered":"QGis 2.14.1"},"content":{"rendered":"<p>O software <em><strong>QGIS<\/strong><\/em> apresenta duas ferramentas para valida\u00e7\u00e3o topol\u00f3gica: <em><strong>&#8220;Verificar a validade geom\u00e9trica&#8221;<\/strong><\/em> e <em><strong>&#8220;Valida\u00e7\u00e3o topol\u00f3gica&#8221;.<\/strong><\/em><\/p>\n<p><strong>Verificar a validade geom\u00e9trica<\/strong><\/p>\n<p><strong>1-\u00a0<\/strong>Adicione no <em><strong>QGIS<\/strong> <\/em>o arquivo vetorial que pretendes verificar, arrastando o mesmo do <em><strong>Painel do buscador<\/strong><\/em> at\u00e9 o<em><strong> painel de camadas.<\/strong><\/em><\/p>\n<p><img loading=\"lazy\" decoding=\"async\" class=\"alignnone wp-image-170 size-full\" src=\"https:\/\/terra.ufpr.br\/infrageo\/wp-content\/uploads\/sites\/2\/2017\/10\/01.png\" alt=\"\" width=\"310\" height=\"487\" srcset=\"https:\/\/terra.ufpr.br\/infrageo\/wp-content\/uploads\/sites\/2\/2017\/10\/01.png 310w, https:\/\/terra.ufpr.br\/infrageo\/wp-content\/uploads\/sites\/2\/2017\/10\/01-191x300.png 191w\" sizes=\"(max-width: 310px) 100vw, 310px\" \/><\/p>\n<p>&nbsp;<\/p>\n<p><strong>2-<\/strong>\u00a0Acesse o seguinte caminho na barra de menu: <em><strong>Vetor<\/strong><\/em> \u2192 <em><strong>Geometrias<\/strong><\/em> \u2192 <em><strong>Verificar a validade da geometria.<\/strong><\/em><\/p>\n<p><img loading=\"lazy\" decoding=\"async\" class=\"alignnone wp-image-159 size-full\" src=\"https:\/\/terra.ufpr.br\/infrageo\/wp-content\/uploads\/sites\/2\/2017\/10\/1508321831934759.png\" alt=\"\" width=\"880\" height=\"700\" \/>\u00a0<img loading=\"lazy\" decoding=\"async\" class=\"alignnone wp-image-172 size-full\" src=\"https:\/\/terra.ufpr.br\/infrageo\/wp-content\/uploads\/sites\/2\/2017\/10\/02.png\" alt=\"\" width=\"598\" height=\"471\" srcset=\"https:\/\/terra.ufpr.br\/infrageo\/wp-content\/uploads\/sites\/2\/2017\/10\/02.png 598w, https:\/\/terra.ufpr.br\/infrageo\/wp-content\/uploads\/sites\/2\/2017\/10\/02-300x236.png 300w\" sizes=\"(max-width: 598px) 100vw, 598px\" \/><\/p>\n<p><strong>3-<\/strong> Na janela que ir\u00e1 se abrir, em <em><strong>Selecione a camada vetorial<\/strong><\/em>, selecione o vetor que pretende verificar a geometria. Em seguida clique em <em><strong>Ok.<\/strong><\/em><\/p>\n<p><img loading=\"lazy\" decoding=\"async\" class=\"alignnone wp-image-173 size-full\" src=\"https:\/\/terra.ufpr.br\/infrageo\/wp-content\/uploads\/sites\/2\/2017\/10\/03.png\" alt=\"\" width=\"391\" height=\"570\" srcset=\"https:\/\/terra.ufpr.br\/infrageo\/wp-content\/uploads\/sites\/2\/2017\/10\/03.png 391w, https:\/\/terra.ufpr.br\/infrageo\/wp-content\/uploads\/sites\/2\/2017\/10\/03-206x300.png 206w\" sizes=\"(max-width: 391px) 100vw, 391px\" \/><\/p>\n<p>&nbsp;<\/p>\n<p><strong>4-<\/strong> Em seguida, uma listagem de fei\u00e7\u00f5es e seus respectivos erros ser\u00e1 apresentada. Para visualizar cada erro, \u00e9 necess\u00e1rio dar duplo clique sobre o mesmo na listagem. O erro ser\u00e1 indicado pelo <em><strong>X vermelho.<\/strong><\/em><\/p>\n<p><img loading=\"lazy\" decoding=\"async\" class=\"alignnone size-medium wp-image-162\" src=\"https:\/\/terra.ufpr.br\/infrageo\/wp-content\/uploads\/sites\/2\/2017\/10\/1508322465204256-293x300.png\" alt=\"\" width=\"293\" height=\"300\" \/><img loading=\"lazy\" decoding=\"async\" class=\"alignnone wp-image-180 size-full\" src=\"https:\/\/terra.ufpr.br\/infrageo\/wp-content\/uploads\/sites\/2\/2017\/10\/img4.png\" alt=\"\" width=\"571\" height=\"574\" srcset=\"https:\/\/terra.ufpr.br\/infrageo\/wp-content\/uploads\/sites\/2\/2017\/10\/img4.png 571w, https:\/\/terra.ufpr.br\/infrageo\/wp-content\/uploads\/sites\/2\/2017\/10\/img4-150x150.png 150w, https:\/\/terra.ufpr.br\/infrageo\/wp-content\/uploads\/sites\/2\/2017\/10\/img4-298x300.png 298w\" sizes=\"(max-width: 571px) 100vw, 571px\" \/><\/p>\n<p><strong>5-<\/strong> Para o processo de corre\u00e7\u00e3o dos erros \u00e9 indicado <em><strong>ativar o modo de ader\u00eancia<\/strong><\/em>. Para o ativar, siga este caminho: <em><strong>Configura\u00e7\u00f5es<\/strong><\/em> \u2192<em><strong> Op\u00e7\u00f5es de ader\u00eancia.<\/strong><\/em> Uma janela ir\u00e1 abrir e nesta selecione o modo de ader\u00eancia <em><strong>Avan\u00e7ado<\/strong><\/em>, e configure o modo conforme a imagem abaixo. Este procedimento auxiliar\u00e1 o processo de corre\u00e7\u00e3o dos erros pois habilitar\u00e1 a atra\u00e7\u00e3o nas interse\u00e7\u00f5es dos pol\u00edgonos, facilitando a edi\u00e7\u00e3o dos n\u00f3s.<\/p>\n<p><img loading=\"lazy\" decoding=\"async\" class=\"alignnone wp-image-181 size-full\" src=\"https:\/\/terra.ufpr.br\/infrageo\/wp-content\/uploads\/sites\/2\/2017\/10\/img5.png\" alt=\"\" width=\"810\" height=\"154\" srcset=\"https:\/\/terra.ufpr.br\/infrageo\/wp-content\/uploads\/sites\/2\/2017\/10\/img5.png 810w, https:\/\/terra.ufpr.br\/infrageo\/wp-content\/uploads\/sites\/2\/2017\/10\/img5-300x57.png 300w, https:\/\/terra.ufpr.br\/infrageo\/wp-content\/uploads\/sites\/2\/2017\/10\/img5-768x146.png 768w\" sizes=\"(max-width: 810px) 100vw, 810px\" \/><img loading=\"lazy\" decoding=\"async\" class=\"alignnone wp-image-164\" src=\"https:\/\/terra.ufpr.br\/infrageo\/wp-content\/uploads\/sites\/2\/2017\/10\/1508322845356540-300x83.png\" alt=\"\" width=\"326\" height=\"90\" \/><\/p>\n<p><strong>6-<\/strong> A corre\u00e7\u00e3o dos erros ser\u00e1 realizada de forma manual. Para esta etapa \u00e9 necess\u00e1rio <em><strong>habilitar a edi\u00e7\u00e3o nas ferramentas de edi\u00e7\u00e3o.<\/strong><\/em><\/p>\n<p><img loading=\"lazy\" decoding=\"async\" class=\"alignnone wp-image-182 size-full\" src=\"https:\/\/terra.ufpr.br\/infrageo\/wp-content\/uploads\/sites\/2\/2017\/10\/img6.png\" alt=\"\" width=\"727\" height=\"94\" srcset=\"https:\/\/terra.ufpr.br\/infrageo\/wp-content\/uploads\/sites\/2\/2017\/10\/img6.png 727w, https:\/\/terra.ufpr.br\/infrageo\/wp-content\/uploads\/sites\/2\/2017\/10\/img6-300x39.png 300w\" sizes=\"(max-width: 727px) 100vw, 727px\" \/><img loading=\"lazy\" decoding=\"async\" class=\"alignnone size-medium wp-image-166\" src=\"https:\/\/terra.ufpr.br\/infrageo\/wp-content\/uploads\/sites\/2\/2017\/10\/1508323124622725-300x37.png\" alt=\"\" width=\"300\" height=\"37\" \/><\/p>\n<p><strong>7-<\/strong> Dependendo do tipo de erro encontrado, diferentes procedimentos para corre\u00e7\u00e3o ser\u00e3o utilizados. Dois tipos de erros muito encontrados s\u00e3o quando h\u00e1 <em><strong>n\u00f3s duplicados<\/strong><\/em> e<em><strong> quando segmentos de dois pol\u00edgonos se interceptam.<\/strong><\/em> No primeiro caso, para a corre\u00e7\u00e3o do erro \u00e9 necess\u00e1rio habilitar a edi\u00e7\u00e3o<em><strong> (Alternar edi\u00e7\u00e3o)<\/strong><\/em> \u2192 Selecione a <em><strong>Ferramenta de n\u00f3s<\/strong><\/em> \u2192 Clique sobre o n\u00f3 duplicado e remova-o. No segundo caso, \u00e9 necess\u00e1rio, usando a <em><strong>Ferramenta de n\u00f3s<\/strong><\/em>, mover os n\u00f3s dos pol\u00edgonos para verificar qual deles est\u00e1 interceptando, e em seguida remov\u00ea-lo ou alter\u00e1-lo.<\/p>\n<p>&nbsp;<\/p>\n<p><strong>Verificador de Topologia<\/strong><\/p>\n<p><strong>1-<\/strong> O complemento <em><strong>Verificador de topologia d<\/strong><\/em>ever\u00e1 ser habilitado (caso ainda n\u00e3o esteja). Para isso, siga este caminho: <em><strong>Complementos<\/strong><\/em> \u2192 <em><strong>Gerenciar e instalar complementos&#8230;<\/strong> <\/em>Busque pelo <em><strong>Verificador de topologia<\/strong><\/em> e o instale e ative.<\/p>\n<p><img loading=\"lazy\" decoding=\"async\" class=\"alignnone size-medium wp-image-168\" src=\"https:\/\/terra.ufpr.br\/infrageo\/wp-content\/uploads\/sites\/2\/2017\/10\/1508323239594722-300x236.png\" alt=\"\" width=\"300\" height=\"236\" \/><img loading=\"lazy\" decoding=\"async\" class=\"alignnone wp-image-183 size-full\" src=\"https:\/\/terra.ufpr.br\/infrageo\/wp-content\/uploads\/sites\/2\/2017\/10\/img07.png\" alt=\"\" width=\"799\" height=\"622\" srcset=\"https:\/\/terra.ufpr.br\/infrageo\/wp-content\/uploads\/sites\/2\/2017\/10\/img07.png 799w, https:\/\/terra.ufpr.br\/infrageo\/wp-content\/uploads\/sites\/2\/2017\/10\/img07-300x234.png 300w, https:\/\/terra.ufpr.br\/infrageo\/wp-content\/uploads\/sites\/2\/2017\/10\/img07-768x598.png 768w\" sizes=\"(max-width: 799px) 100vw, 799px\" \/><\/p>\n<p><strong>2-<\/strong> Com o complemento j\u00e1 instalado e ativado, v\u00e1 at\u00e9 <em><strong>Vetor<\/strong><\/em> \u2192 <em><strong>Verificador de Topologia<\/strong><\/em> \u2192 <em><strong>Verificador de topologia.<\/strong><\/em><\/p>\n<p><img loading=\"lazy\" decoding=\"async\" class=\"alignnone wp-image-184 size-full\" src=\"https:\/\/terra.ufpr.br\/infrageo\/wp-content\/uploads\/sites\/2\/2017\/10\/img8.png\" alt=\"\" width=\"606\" height=\"341\" srcset=\"https:\/\/terra.ufpr.br\/infrageo\/wp-content\/uploads\/sites\/2\/2017\/10\/img8.png 606w, https:\/\/terra.ufpr.br\/infrageo\/wp-content\/uploads\/sites\/2\/2017\/10\/img8-300x169.png 300w\" sizes=\"(max-width: 606px) 100vw, 606px\" \/><\/p>\n<p><strong>3-<\/strong> Ao abrir a janela do <em><strong>Verificador de Topologia<\/strong><\/em>, clique em <em><strong>Configurar<\/strong><\/em> (dentro do pol\u00edgono vermelho na imagem). Uma nova janela ser\u00e1 aberta. Nesta ser\u00e3o adicionadas as regras topol\u00f3gicas que o usu\u00e1rio pretende verificar. Em <em><strong>Regras Atuais<\/strong> <\/em>o usu\u00e1rio selecionar\u00e1 o(s) arquivo(s) vetorial(is) a ser(em) verificado(s) e qual a regra a ser verificada. Para adicionar uma regra basta clicar em <em><strong>Adicionar Regra<\/strong><\/em>, e para excluir uma regra basta clicar em <em><strong>Excluir Regra.<\/strong><\/em><\/p>\n<p><img loading=\"lazy\" decoding=\"async\" class=\"alignnone wp-image-185 size-full\" src=\"https:\/\/terra.ufpr.br\/infrageo\/wp-content\/uploads\/sites\/2\/2017\/10\/img9.png\" alt=\"\" width=\"712\" height=\"312\" srcset=\"https:\/\/terra.ufpr.br\/infrageo\/wp-content\/uploads\/sites\/2\/2017\/10\/img9.png 712w, https:\/\/terra.ufpr.br\/infrageo\/wp-content\/uploads\/sites\/2\/2017\/10\/img9-300x131.png 300w\" sizes=\"(max-width: 712px) 100vw, 712px\" \/><\/p>\n<p><strong>4-<\/strong> S\u00e3o oito o n\u00famero de regras dispon\u00edveis para verifica\u00e7\u00e3o. Cada regra pode ser seguida segundo o tipo de arquivo vetorial em quest\u00e3o (quadro abaixo):<\/p>\n<p><img loading=\"lazy\" decoding=\"async\" class=\"alignnone wp-image-187 size-full\" src=\"https:\/\/terra.ufpr.br\/infrageo\/wp-content\/uploads\/sites\/2\/2017\/10\/img10.png\" alt=\"\" width=\"811\" height=\"222\" srcset=\"https:\/\/terra.ufpr.br\/infrageo\/wp-content\/uploads\/sites\/2\/2017\/10\/img10.png 811w, https:\/\/terra.ufpr.br\/infrageo\/wp-content\/uploads\/sites\/2\/2017\/10\/img10-300x82.png 300w, https:\/\/terra.ufpr.br\/infrageo\/wp-content\/uploads\/sites\/2\/2017\/10\/img10-768x210.png 768w\" sizes=\"(max-width: 811px) 100vw, 811px\" \/><\/p>\n<p><strong>5-<\/strong> Ap\u00f3s adicionar as regras que desejas verificar, clique em <em><strong>Ok<\/strong><\/em>. De volta a janela do verificador, clique em <em><strong>Validar Tudo.<\/strong><\/em> Os erros aparecer\u00e3o listados em uma tabela segundo o <em><strong>ID<\/strong> <strong>das fei\u00e7\u00f5es.<\/strong><\/em><\/p>\n<p><img loading=\"lazy\" decoding=\"async\" class=\"alignnone wp-image-189 size-full\" src=\"https:\/\/terra.ufpr.br\/infrageo\/wp-content\/uploads\/sites\/2\/2017\/10\/img11.png\" alt=\"\" width=\"427\" height=\"494\" srcset=\"https:\/\/terra.ufpr.br\/infrageo\/wp-content\/uploads\/sites\/2\/2017\/10\/img11.png 427w, https:\/\/terra.ufpr.br\/infrageo\/wp-content\/uploads\/sites\/2\/2017\/10\/img11-259x300.png 259w\" sizes=\"(max-width: 427px) 100vw, 427px\" \/><\/p>\n<p><strong>6-<\/strong> Para mostrar o erro na fei\u00e7\u00e3o, clique sobre mesmo listado na tabela.<\/p>\n<p><img loading=\"lazy\" decoding=\"async\" class=\"alignnone wp-image-191 size-full\" src=\"https:\/\/terra.ufpr.br\/infrageo\/wp-content\/uploads\/sites\/2\/2017\/10\/img12.png\" alt=\"\" width=\"628\" height=\"322\" srcset=\"https:\/\/terra.ufpr.br\/infrageo\/wp-content\/uploads\/sites\/2\/2017\/10\/img12.png 628w, https:\/\/terra.ufpr.br\/infrageo\/wp-content\/uploads\/sites\/2\/2017\/10\/img12-300x154.png 300w\" sizes=\"(max-width: 628px) 100vw, 628px\" \/><\/p>\n<p><strong>7-<\/strong> Para o processo de corre\u00e7\u00e3o dos erros \u00e9 indicado <em><strong>ativar o modo de ader\u00eancia.<\/strong><\/em> Para o ativar, siga este caminho: <em><strong>Configura\u00e7\u00f5es<\/strong> <\/em>\u2192 <em><strong>Op\u00e7\u00f5es de ader\u00eancia.<\/strong> <\/em>Uma janela abrir\u00e1 e nesta selecione o modo de ader\u00eancia <em><strong>Avan\u00e7ado,<\/strong><\/em> e configure o modo conforme a imagem abaixo. Este procedimento auxiliar\u00e1 o processo de corre\u00e7\u00e3o dos erros pois habilitar\u00e1 a atra\u00e7\u00e3o nas interse\u00e7\u00f5es dos pol\u00edgonos, facilitando a edi\u00e7\u00e3o dos n\u00f3s.<\/p>\n<p><img loading=\"lazy\" decoding=\"async\" class=\"alignnone wp-image-181 size-full\" src=\"https:\/\/terra.ufpr.br\/infrageo\/wp-content\/uploads\/sites\/2\/2017\/10\/img5.png\" alt=\"\" width=\"810\" height=\"154\" srcset=\"https:\/\/terra.ufpr.br\/infrageo\/wp-content\/uploads\/sites\/2\/2017\/10\/img5.png 810w, https:\/\/terra.ufpr.br\/infrageo\/wp-content\/uploads\/sites\/2\/2017\/10\/img5-300x57.png 300w, https:\/\/terra.ufpr.br\/infrageo\/wp-content\/uploads\/sites\/2\/2017\/10\/img5-768x146.png 768w\" sizes=\"(max-width: 810px) 100vw, 810px\" \/><\/p>\n<p><strong>8-<\/strong> A corre\u00e7\u00e3o dos erros deve ser efetuada de forma manual, utilizando as <em><strong>Ferramentas de edi\u00e7\u00e3o.<\/strong><\/em><\/p>\n<p><img loading=\"lazy\" decoding=\"async\" class=\"alignnone wp-image-182 size-full\" src=\"https:\/\/terra.ufpr.br\/infrageo\/wp-content\/uploads\/sites\/2\/2017\/10\/img6.png\" alt=\"\" width=\"727\" height=\"94\" srcset=\"https:\/\/terra.ufpr.br\/infrageo\/wp-content\/uploads\/sites\/2\/2017\/10\/img6.png 727w, https:\/\/terra.ufpr.br\/infrageo\/wp-content\/uploads\/sites\/2\/2017\/10\/img6-300x39.png 300w\" sizes=\"(max-width: 727px) 100vw, 727px\" \/><\/p>\n<p><strong>9-<\/strong> Dependendo do tipo de erro encontrado, diferentes procedimentos para corre\u00e7\u00e3o ser\u00e3o utilizados. Por exemplo, em caso de <em><strong>fei\u00e7\u00f5es duplicadas<\/strong><\/em>, pode-se selecionar uma das fei\u00e7\u00f5es e exclu\u00ed-la. Em caso de<em><strong> lacunas<\/strong><\/em>, pode-se utilizar a ferramenta <em><strong>Adicionar fei\u00e7\u00e3o<\/strong><\/em>, criando uma nova fei\u00e7\u00e3o (utilizando como auxiliar a ferramenta <em><strong>Habilitar tra\u00e7ar<\/strong><\/em>). A <em><strong>Ferramenta de n\u00f3s<\/strong><\/em> pode ser utilizada para excluir, criar e mover n\u00f3s, sendo \u00fatil nos casos de <em><strong>sobreposi\u00e7\u00e3o<\/strong><\/em> de pol\u00edgonos e lacunas entre pol\u00edgonos.<\/p>\n<p><strong>10-<\/strong> Ao finalizar este procedimento, salve as edi\u00e7\u00f5es realizadas. Deste modo, as corre\u00e7\u00f5es topol\u00f3gicas estar\u00e3o finalizadas.<\/p>\n<p><img loading=\"lazy\" decoding=\"async\" class=\"alignnone wp-image-194 size-full\" src=\"https:\/\/terra.ufpr.br\/infrageo\/wp-content\/uploads\/sites\/2\/2017\/10\/img13.png\" alt=\"\" width=\"571\" height=\"87\" srcset=\"https:\/\/terra.ufpr.br\/infrageo\/wp-content\/uploads\/sites\/2\/2017\/10\/img13.png 571w, https:\/\/terra.ufpr.br\/infrageo\/wp-content\/uploads\/sites\/2\/2017\/10\/img13-300x46.png 300w\" sizes=\"(max-width: 571px) 100vw, 571px\" \/><\/p>\n","protected":false},"excerpt":{"rendered":"<p>O software QGIS apresenta duas ferramentas para valida\u00e7\u00e3o topol\u00f3gica: &#8220;Verificar a validade geom\u00e9trica&#8221; e &#8220;Valida\u00e7\u00e3o topol\u00f3gica&#8221;. Verificar a validade geom\u00e9trica 1-\u00a0Adicione no QGIS o arquivo vetorial que pretendes verificar, arrastando o mesmo do Painel do buscador at\u00e9 o painel de camadas. &nbsp; 2-\u00a0Acesse o seguinte caminho na barra de menu: Vetor \u2192 Geometrias \u2192 Verificar [&hellip;]<\/p>\n","protected":false},"author":1315,"featured_media":0,"parent":0,"menu_order":0,"comment_status":"closed","ping_status":"closed","template":"","meta":{"footnotes":""},"class_list":["post-101","page","type-page","status-publish","hentry"],"_links":{"self":[{"href":"https:\/\/terra.ufpr.br\/infrageo\/wp-json\/wp\/v2\/pages\/101"}],"collection":[{"href":"https:\/\/terra.ufpr.br\/infrageo\/wp-json\/wp\/v2\/pages"}],"about":[{"href":"https:\/\/terra.ufpr.br\/infrageo\/wp-json\/wp\/v2\/types\/page"}],"author":[{"embeddable":true,"href":"https:\/\/terra.ufpr.br\/infrageo\/wp-json\/wp\/v2\/users\/1315"}],"replies":[{"embeddable":true,"href":"https:\/\/terra.ufpr.br\/infrageo\/wp-json\/wp\/v2\/comments?post=101"}],"version-history":[{"count":22,"href":"https:\/\/terra.ufpr.br\/infrageo\/wp-json\/wp\/v2\/pages\/101\/revisions"}],"predecessor-version":[{"id":195,"href":"https:\/\/terra.ufpr.br\/infrageo\/wp-json\/wp\/v2\/pages\/101\/revisions\/195"}],"wp:attachment":[{"href":"https:\/\/terra.ufpr.br\/infrageo\/wp-json\/wp\/v2\/media?parent=101"}],"curies":[{"name":"wp","href":"https:\/\/api.w.org\/{rel}","templated":true}]}}