{"id":103,"date":"2017-10-04T21:31:51","date_gmt":"2017-10-05T00:31:51","guid":{"rendered":"https:\/\/terra.ufpr.br\/infrageo\/?page_id=103"},"modified":"2017-11-08T00:20:27","modified_gmt":"2017-11-08T02:20:27","slug":"arcgis-9-3","status":"publish","type":"page","link":"https:\/\/terra.ufpr.br\/infrageo\/arcgis-9-3\/","title":{"rendered":"ArcGis 9.3"},"content":{"rendered":"<p><strong>1\u2013<\/strong> Como primeira etapa ser\u00e1 necess\u00e1rio criar um <em><strong>geodatabase.<\/strong><\/em><\/p>\n<p>Criar um <em><strong>geodatabase<\/strong><\/em>: abra o <em><strong>ArcCatalog<\/strong> <\/em>\u2192 Entre no diret\u00f3rio onde vai ser criado o <em><strong>geodatabase<\/strong><\/em> \u2192 Clique com o bot\u00e3o direito e em seguida clique em <em><strong>new<\/strong><\/em> e em seguida sobre <em><strong>personal <\/strong><strong><em>g<\/em>eodatabase<\/strong><\/em> \u2192 D\u00ea um nome ao <em><strong>geodatabase.<\/strong><\/em><\/p>\n<p><img loading=\"lazy\" decoding=\"async\" class=\"alignnone wp-image-196 size-full\" src=\"https:\/\/terra.ufpr.br\/infrageo\/wp-content\/uploads\/sites\/2\/2017\/10\/arc1.png\" alt=\"\" width=\"855\" height=\"582\" srcset=\"https:\/\/terra.ufpr.br\/infrageo\/wp-content\/uploads\/sites\/2\/2017\/10\/arc1.png 855w, https:\/\/terra.ufpr.br\/infrageo\/wp-content\/uploads\/sites\/2\/2017\/10\/arc1-300x204.png 300w, https:\/\/terra.ufpr.br\/infrageo\/wp-content\/uploads\/sites\/2\/2017\/10\/arc1-768x523.png 768w\" sizes=\"(max-width: 855px) 100vw, 855px\" \/><\/p>\n<p><strong>2-<\/strong> Crie um <em><strong>Feature Dataset:<\/strong><\/em> Entre no diret\u00f3rio do<em><strong> personal geodatabase<\/strong><\/em> anteriormente criado e clique no bot\u00e3o direito \u2192 clique em<em><strong> new<\/strong> <\/em>\u2192 clique em<em><strong> Feature Dataset.<\/strong><\/em><\/p>\n<p><img loading=\"lazy\" decoding=\"async\" class=\"alignnone wp-image-199 size-full\" src=\"https:\/\/terra.ufpr.br\/infrageo\/wp-content\/uploads\/sites\/2\/2017\/10\/arc2.png\" alt=\"\" width=\"849\" height=\"588\" srcset=\"https:\/\/terra.ufpr.br\/infrageo\/wp-content\/uploads\/sites\/2\/2017\/10\/arc2.png 849w, https:\/\/terra.ufpr.br\/infrageo\/wp-content\/uploads\/sites\/2\/2017\/10\/arc2-300x208.png 300w, https:\/\/terra.ufpr.br\/infrageo\/wp-content\/uploads\/sites\/2\/2017\/10\/arc2-768x532.png 768w\" sizes=\"(max-width: 849px) 100vw, 849px\" \/><\/p>\n<p><strong>3-<\/strong> Nomeie o <em><strong>Feature Dataset<\/strong><\/em> e clique em <em><strong>Avan\u00e7ar<\/strong><\/em>. Em seguida, insira o sistema de coordenadas. Nesta etapa, \u00e9 aconselh\u00e1vel importar o sistema de coordenadas do arquivo <em><strong>shp<\/strong><\/em> que ser\u00e1 verificado. Para isso clique em <em><strong>Import<\/strong><\/em>, e encontre o arquivo <em><strong>shp<\/strong><\/em> e o adicione. Em seguida, clique em <em><strong>Avan\u00e7ar.<\/strong><\/em><\/p>\n<p><img loading=\"lazy\" decoding=\"async\" class=\"alignnone wp-image-201 size-full\" src=\"https:\/\/terra.ufpr.br\/infrageo\/wp-content\/uploads\/sites\/2\/2017\/10\/arc3.png\" alt=\"\" width=\"552\" height=\"633\" srcset=\"https:\/\/terra.ufpr.br\/infrageo\/wp-content\/uploads\/sites\/2\/2017\/10\/arc3.png 552w, https:\/\/terra.ufpr.br\/infrageo\/wp-content\/uploads\/sites\/2\/2017\/10\/arc3-262x300.png 262w\" sizes=\"(max-width: 552px) 100vw, 552px\" \/><\/p>\n<p><strong>4-<\/strong> Clique em <em><strong>Avan\u00e7ar<\/strong><\/em> nas etapas seguintes e na \u00faltima clique <em><strong>Finish<\/strong><\/em>. Deste modo, o <em><strong>Feature Dataset<\/strong> <\/em>est\u00e1 criado.<\/p>\n<p><strong>5-<\/strong> Em seguida crie um <em><strong>Feature Class<\/strong><\/em> do arquivo que deseja verificar: Clique com o bot\u00e3o direito sobre o <em><strong>F<\/strong><strong><em>ea<\/em>ture Dataset<\/strong><\/em> e depois clique em <em><strong>new<\/strong><\/em> \u2192 <em><strong>F<\/strong><\/em><em><strong>eature Class<\/strong><\/em>. D\u00ea o nome e escolha se vai inserir somente os pol\u00edgonos, linhas ou pontos, ou tamb\u00e9m <em><strong>annotations.<\/strong><\/em> Clique em\u00a0<em><strong>Avan\u00e7ar.<\/strong><\/em><\/p>\n<p><img loading=\"lazy\" decoding=\"async\" class=\"alignnone wp-image-203 size-full\" src=\"https:\/\/terra.ufpr.br\/infrageo\/wp-content\/uploads\/sites\/2\/2017\/10\/arc4.png\" alt=\"\" width=\"507\" height=\"588\" srcset=\"https:\/\/terra.ufpr.br\/infrageo\/wp-content\/uploads\/sites\/2\/2017\/10\/arc4.png 507w, https:\/\/terra.ufpr.br\/infrageo\/wp-content\/uploads\/sites\/2\/2017\/10\/arc4-259x300.png 259w\" sizes=\"(max-width: 507px) 100vw, 507px\" \/><\/p>\n<p><strong>6-<\/strong> Na pr\u00f3xima janela clique em <em><strong>Import<\/strong><\/em>, para importar a tabela do arquivo<em><strong> shp<\/strong><\/em> que ser\u00e1 inserido no<em><strong> Feature Class.<\/strong><\/em> Ao final clique em <em><strong>Finish<\/strong><\/em>. Deste modo, o <em><strong>Feature Class<\/strong><\/em> foi criado.<\/p>\n<p><img loading=\"lazy\" decoding=\"async\" class=\"alignnone wp-image-204 size-full\" src=\"https:\/\/terra.ufpr.br\/infrageo\/wp-content\/uploads\/sites\/2\/2017\/10\/arc5.png\" alt=\"\" width=\"504\" height=\"582\" srcset=\"https:\/\/terra.ufpr.br\/infrageo\/wp-content\/uploads\/sites\/2\/2017\/10\/arc5.png 504w, https:\/\/terra.ufpr.br\/infrageo\/wp-content\/uploads\/sites\/2\/2017\/10\/arc5-260x300.png 260w\" sizes=\"(max-width: 504px) 100vw, 504px\" \/><\/p>\n<p><strong>7-<\/strong> Em seguida, ser\u00e1 adicionado o arquivo <em><strong>shp<\/strong><\/em> para o<em><strong> Feature Class.<\/strong><\/em> Para isto clique com o bot\u00e3o direito do mouse sobre a <em><strong>F<\/strong><\/em><em><strong>eature Class<\/strong><\/em> \u2192<em><strong> Load data.<\/strong><\/em> Encontre o arquivo <em><strong>shp<\/strong><\/em> que ser\u00e1 inserida nesta <em><strong>F<\/strong><\/em><em><strong>eature Class<\/strong><\/em>. Clique em <em><strong>add<\/strong><\/em> e em <em><strong>Avan\u00e7ar<\/strong><\/em>, at\u00e9 o procedimento ser finalizado.<\/p>\n<p><img loading=\"lazy\" decoding=\"async\" class=\"alignnone wp-image-206 size-full\" src=\"https:\/\/terra.ufpr.br\/infrageo\/wp-content\/uploads\/sites\/2\/2017\/10\/arc6.png\" alt=\"\" width=\"531\" height=\"357\" srcset=\"https:\/\/terra.ufpr.br\/infrageo\/wp-content\/uploads\/sites\/2\/2017\/10\/arc6.png 531w, https:\/\/terra.ufpr.br\/infrageo\/wp-content\/uploads\/sites\/2\/2017\/10\/arc6-300x202.png 300w\" sizes=\"(max-width: 531px) 100vw, 531px\" \/><\/p>\n<p>Obs: O arquivo <em><strong>shp<\/strong><\/em> de origem e a <em><strong>Feature Class<\/strong><\/em> s\u00e3o arquivos diferentes. Deste modo, qualquer modifica\u00e7\u00e3o na <em><strong>Feature Class<\/strong><\/em> n\u00e3o afetar\u00e1 o arquivo <em><strong>shp.<\/strong><\/em><\/p>\n<p><strong>8-<\/strong> Na fase seguinte, crie uma topologia: entre no diret\u00f3rio do <em><strong>Feature Dataset<\/strong><\/em> \u2192 clique com o bot\u00e3o direito \u2192 clique em <em><strong>new<\/strong><\/em> \u2192 clique em\u00a0<em><strong>topology.<\/strong><\/em><\/p>\n<p><img loading=\"lazy\" decoding=\"async\" class=\"alignnone wp-image-207 size-full\" src=\"https:\/\/terra.ufpr.br\/infrageo\/wp-content\/uploads\/sites\/2\/2017\/10\/arc8.png\" alt=\"\" width=\"846\" height=\"534\" srcset=\"https:\/\/terra.ufpr.br\/infrageo\/wp-content\/uploads\/sites\/2\/2017\/10\/arc8.png 846w, https:\/\/terra.ufpr.br\/infrageo\/wp-content\/uploads\/sites\/2\/2017\/10\/arc8-300x189.png 300w, https:\/\/terra.ufpr.br\/infrageo\/wp-content\/uploads\/sites\/2\/2017\/10\/arc8-768x485.png 768w\" sizes=\"(max-width: 846px) 100vw, 846px\" \/><\/p>\n<p><strong>9-<\/strong> Vai abrir-se a janela para a cria\u00e7\u00e3o da topologia. Clique em <em><strong>Avan\u00e7ar<\/strong><\/em> na primeira janela, e na segunda nomeie a topologia e avance. Em seguida selecione o(s) arquivo(s)<em><strong> shp<\/strong><\/em> que pretende que participe da topologia (estes devem estar inseridos no mesmo <em><strong>Feature Dataset.<\/strong><\/em> Clique em <em><strong>Avan\u00e7ar<\/strong><\/em> e na fase seguinte clique novamente em <em><strong>Avan\u00e7<\/strong><\/em><em><strong>ar.<\/strong><\/em><\/p>\n<p><img loading=\"lazy\" decoding=\"async\" class=\"alignnone wp-image-208 size-full\" src=\"https:\/\/terra.ufpr.br\/infrageo\/wp-content\/uploads\/sites\/2\/2017\/10\/arc9.png\" alt=\"\" width=\"599\" height=\"516\" srcset=\"https:\/\/terra.ufpr.br\/infrageo\/wp-content\/uploads\/sites\/2\/2017\/10\/arc9.png 599w, https:\/\/terra.ufpr.br\/infrageo\/wp-content\/uploads\/sites\/2\/2017\/10\/arc9-300x258.png 300w\" sizes=\"(max-width: 599px) 100vw, 599px\" \/><\/p>\n<p><strong>10-<\/strong> Em seguida adicione as regras topol\u00f3gicas que ser\u00e3o verificadas. Clique em <em><strong>Add Rule,<\/strong><\/em> e ir\u00e1 abrir uma nova janela. Nesta, para adicionar uma regra, selecione o <em><strong>Feature of Feature Class<\/strong><\/em> e selecione a regra (<em><strong>Rule<\/strong><\/em>). No caso de regras que verificar\u00e3o a rela\u00e7\u00e3o entre duas fei\u00e7\u00f5es diferentes, adicione o outro <em><strong>Feature<\/strong><\/em> em<em><strong> Feature Class<\/strong><\/em>. Clique em <em><strong>Ok<\/strong><\/em> e a regra ser\u00e1 adicionada. No lado direito da janela, haver\u00e1 uma breve descri\u00e7\u00e3o da regra a ser adicionada.<\/p>\n<p><img loading=\"lazy\" decoding=\"async\" class=\"alignnone wp-image-210 size-full\" src=\"https:\/\/terra.ufpr.br\/infrageo\/wp-content\/uploads\/sites\/2\/2017\/10\/arc10.png\" alt=\"\" width=\"988\" height=\"415\" srcset=\"https:\/\/terra.ufpr.br\/infrageo\/wp-content\/uploads\/sites\/2\/2017\/10\/arc10.png 988w, https:\/\/terra.ufpr.br\/infrageo\/wp-content\/uploads\/sites\/2\/2017\/10\/arc10-300x126.png 300w, https:\/\/terra.ufpr.br\/infrageo\/wp-content\/uploads\/sites\/2\/2017\/10\/arc10-768x323.png 768w\" sizes=\"(max-width: 988px) 100vw, 988px\" \/><\/p>\n<p>Com todas as regras adicionadas, clique em<em><strong> Ok.<\/strong><\/em> Na \u00faltima fase, clique em <em><strong>Finish<\/strong><\/em>. Uma aba pedindo para validar a topologia ir\u00e1 aparecer, onde clicar\u00e1 <em><strong>Sim.<\/strong><\/em> Deste modo, a topologia estar\u00e1 criada.<\/p>\n<p><strong>A partir desta fase, ser\u00e1 realizada a corre\u00e7\u00e3o dos erros topol\u00f3gicos.<\/strong><\/p>\n<p><strong>11-<\/strong> Abra o <em><strong>ArcMap<\/strong><\/em>: adicione a topologia criada anteriormente. Inicie o <em><strong>Editor<\/strong><\/em> \u2192 clique em <em><strong>More Editing Tools<\/strong><\/em> \u2192 Selecione <em><strong>Topology.<\/strong><\/em><\/p>\n<p><img loading=\"lazy\" decoding=\"async\" class=\"alignnone wp-image-211 size-full\" src=\"https:\/\/terra.ufpr.br\/infrageo\/wp-content\/uploads\/sites\/2\/2017\/10\/arc11.png\" alt=\"\" width=\"358\" height=\"557\" srcset=\"https:\/\/terra.ufpr.br\/infrageo\/wp-content\/uploads\/sites\/2\/2017\/10\/arc11.png 358w, https:\/\/terra.ufpr.br\/infrageo\/wp-content\/uploads\/sites\/2\/2017\/10\/arc11-193x300.png 193w\" sizes=\"(max-width: 358px) 100vw, 358px\" \/><\/p>\n<p><strong>12-<\/strong> V\u00e1 at\u00e9 a aba da ferramenta <em><strong>Topology<\/strong><\/em> \u2192 clique em <em><strong>Error Inspector.<\/strong><\/em><\/p>\n<p><img loading=\"lazy\" decoding=\"async\" class=\"alignnone wp-image-212 size-full\" src=\"https:\/\/terra.ufpr.br\/infrageo\/wp-content\/uploads\/sites\/2\/2017\/10\/arc12.png\" alt=\"\" width=\"750\" height=\"45\" srcset=\"https:\/\/terra.ufpr.br\/infrageo\/wp-content\/uploads\/sites\/2\/2017\/10\/arc12.png 750w, https:\/\/terra.ufpr.br\/infrageo\/wp-content\/uploads\/sites\/2\/2017\/10\/arc12-300x18.png 300w\" sizes=\"(max-width: 750px) 100vw, 750px\" \/><\/p>\n<p><strong>13-<\/strong> Uma tabela ser\u00e1 aberta. Clicando em <em><strong>Search Now<\/strong><\/em> os erros ser\u00e3o listados na tabela. Em <em><strong>Show<\/strong> <\/em>pode-se exibir os erros segundo sua natureza. Obs: erros que aparecer\u00e3o na tabela ser\u00e3o referentes aos erros que ocorrem na \u00e1rea exibida no <em><strong>Data View<\/strong><\/em>. Para visualizar inteiramente a \u00e1rea, clique com o bot\u00e3o direito sobre a <em><strong>layer<\/strong> <\/em>em quest\u00e3o e em seguida clique <em><strong>Zoom to layer.<\/strong><\/em><\/p>\n<p><img loading=\"lazy\" decoding=\"async\" class=\"alignnone wp-image-214 size-full\" src=\"https:\/\/terra.ufpr.br\/infrageo\/wp-content\/uploads\/sites\/2\/2017\/10\/arc13.png\" alt=\"\" width=\"996\" height=\"219\" srcset=\"https:\/\/terra.ufpr.br\/infrageo\/wp-content\/uploads\/sites\/2\/2017\/10\/arc13.png 996w, https:\/\/terra.ufpr.br\/infrageo\/wp-content\/uploads\/sites\/2\/2017\/10\/arc13-300x66.png 300w, https:\/\/terra.ufpr.br\/infrageo\/wp-content\/uploads\/sites\/2\/2017\/10\/arc13-768x169.png 768w\" sizes=\"(max-width: 996px) 100vw, 996px\" \/><\/p>\n<p><strong>14-<\/strong> Para mostrar o erro na fei\u00e7\u00e3o, clique com o bot\u00e3o direito sobre o erro listado na tabela e em seguida clique em <em><strong>Zoom to.<\/strong><\/em><\/p>\n<p><img loading=\"lazy\" decoding=\"async\" class=\"alignnone wp-image-215 size-full\" src=\"https:\/\/terra.ufpr.br\/infrageo\/wp-content\/uploads\/sites\/2\/2017\/10\/arc14.png\" alt=\"\" width=\"850\" height=\"615\" srcset=\"https:\/\/terra.ufpr.br\/infrageo\/wp-content\/uploads\/sites\/2\/2017\/10\/arc14.png 850w, https:\/\/terra.ufpr.br\/infrageo\/wp-content\/uploads\/sites\/2\/2017\/10\/arc14-300x217.png 300w, https:\/\/terra.ufpr.br\/infrageo\/wp-content\/uploads\/sites\/2\/2017\/10\/arc14-768x556.png 768w\" sizes=\"(max-width: 850px) 100vw, 850px\" \/><\/p>\n<p>15- Para realizar a corre\u00e7\u00e3o dos erros topol\u00f3gicos identificados, clique com o bot\u00e3o direito sobre o erro listado na tabela. Ir\u00e1 ser apresentado op\u00e7\u00f5es de a\u00e7\u00f5es que podem serem tomadas a fim de corrigir o erro. Tamb\u00e9m tem-se a op\u00e7\u00e3o de marcar o erro como uma exce\u00e7\u00e3o \u00e0 regra. Todas as modifica\u00e7\u00f5es aqui realizadas ir\u00e3o refletir no<em><strong>\u00a0Feature Class.<\/strong><\/em><\/p>\n<p><img loading=\"lazy\" decoding=\"async\" class=\"alignnone size-medium wp-image-216\" src=\"https:\/\/terra.ufpr.br\/infrageo\/wp-content\/uploads\/sites\/2\/2017\/10\/arc15-253x300.png\" alt=\"\" width=\"253\" height=\"300\" srcset=\"https:\/\/terra.ufpr.br\/infrageo\/wp-content\/uploads\/sites\/2\/2017\/10\/arc15-253x300.png 253w, https:\/\/terra.ufpr.br\/infrageo\/wp-content\/uploads\/sites\/2\/2017\/10\/arc15.png 288w\" sizes=\"(max-width: 253px) 100vw, 253px\" \/><\/p>\n<p>16- Para validar as corre\u00e7\u00f5es de topologia realizadas, v\u00e1 at\u00e9 a aba da ferramenta de topologia e clique em <em><strong>Validate Topology In Current Extent.<\/strong><\/em><\/p>\n<p><img loading=\"lazy\" decoding=\"async\" class=\"alignnone wp-image-218 size-full\" src=\"https:\/\/terra.ufpr.br\/infrageo\/wp-content\/uploads\/sites\/2\/2017\/10\/arc16.png\" alt=\"\" width=\"764\" height=\"51\" srcset=\"https:\/\/terra.ufpr.br\/infrageo\/wp-content\/uploads\/sites\/2\/2017\/10\/arc16.png 764w, https:\/\/terra.ufpr.br\/infrageo\/wp-content\/uploads\/sites\/2\/2017\/10\/arc16-300x20.png 300w\" sizes=\"(max-width: 764px) 100vw, 764px\" \/><\/p>\n<p>17- Ao final de todo o processo de corre\u00e7\u00e3o dos erros de topologia, v\u00e1 at\u00e9 a aba da ferramenta <em><strong>Editor<\/strong><\/em> e clique em <em><strong>Editor<\/strong><\/em> \u2192 Clique em <em><strong>Save Edition.<\/strong><\/em> Feche a ferramenta\u00a0<em><strong>Editor.<\/strong><\/em><\/p>\n<p><img loading=\"lazy\" decoding=\"async\" class=\"alignnone wp-image-219 size-full\" src=\"https:\/\/terra.ufpr.br\/infrageo\/wp-content\/uploads\/sites\/2\/2017\/10\/arc17.png\" alt=\"\" width=\"247\" height=\"630\" srcset=\"https:\/\/terra.ufpr.br\/infrageo\/wp-content\/uploads\/sites\/2\/2017\/10\/arc17.png 247w, https:\/\/terra.ufpr.br\/infrageo\/wp-content\/uploads\/sites\/2\/2017\/10\/arc17-118x300.png 118w\" sizes=\"(max-width: 247px) 100vw, 247px\" \/><\/p>\n<p>18- Para exportar o arquivo com topologia corrigida em formato <em><strong>shp,<\/strong><\/em> clique com o bot\u00e3o direito sobre o<em><strong> layer<\/strong><\/em> \u2192 Clique em <em><strong>Data<\/strong><\/em> \u2192 Clique em <em><strong>Export Data&#8230;<\/strong><\/em>\u2192 e salve o arquivo em formato <em><strong>shp.<\/strong><\/em><\/p>\n<p><img loading=\"lazy\" decoding=\"async\" class=\"alignnone wp-image-220 size-full\" src=\"https:\/\/terra.ufpr.br\/infrageo\/wp-content\/uploads\/sites\/2\/2017\/10\/arc18.png\" alt=\"\" width=\"567\" height=\"621\" srcset=\"https:\/\/terra.ufpr.br\/infrageo\/wp-content\/uploads\/sites\/2\/2017\/10\/arc18.png 567w, https:\/\/terra.ufpr.br\/infrageo\/wp-content\/uploads\/sites\/2\/2017\/10\/arc18-274x300.png 274w\" sizes=\"(max-width: 567px) 100vw, 567px\" \/><\/p>\n","protected":false},"excerpt":{"rendered":"<p>1\u2013 Como primeira etapa ser\u00e1 necess\u00e1rio criar um geodatabase. Criar um geodatabase: abra o ArcCatalog \u2192 Entre no diret\u00f3rio onde vai ser criado o geodatabase \u2192 Clique com o bot\u00e3o direito e em seguida clique em new e em seguida sobre personal geodatabase \u2192 D\u00ea um nome ao geodatabase. 2- Crie um Feature Dataset: Entre [&hellip;]<\/p>\n","protected":false},"author":1315,"featured_media":0,"parent":0,"menu_order":0,"comment_status":"closed","ping_status":"closed","template":"","meta":{"footnotes":""},"class_list":["post-103","page","type-page","status-publish","hentry"],"_links":{"self":[{"href":"https:\/\/terra.ufpr.br\/infrageo\/wp-json\/wp\/v2\/pages\/103"}],"collection":[{"href":"https:\/\/terra.ufpr.br\/infrageo\/wp-json\/wp\/v2\/pages"}],"about":[{"href":"https:\/\/terra.ufpr.br\/infrageo\/wp-json\/wp\/v2\/types\/page"}],"author":[{"embeddable":true,"href":"https:\/\/terra.ufpr.br\/infrageo\/wp-json\/wp\/v2\/users\/1315"}],"replies":[{"embeddable":true,"href":"https:\/\/terra.ufpr.br\/infrageo\/wp-json\/wp\/v2\/comments?post=103"}],"version-history":[{"count":17,"href":"https:\/\/terra.ufpr.br\/infrageo\/wp-json\/wp\/v2\/pages\/103\/revisions"}],"predecessor-version":[{"id":221,"href":"https:\/\/terra.ufpr.br\/infrageo\/wp-json\/wp\/v2\/pages\/103\/revisions\/221"}],"wp:attachment":[{"href":"https:\/\/terra.ufpr.br\/infrageo\/wp-json\/wp\/v2\/media?parent=103"}],"curies":[{"name":"wp","href":"https:\/\/api.w.org\/{rel}","templated":true}]}}