{"id":106,"date":"2017-10-04T21:33:37","date_gmt":"2017-10-05T00:33:37","guid":{"rendered":"https:\/\/terra.ufpr.br\/infrageo\/?page_id=106"},"modified":"2017-11-08T00:40:51","modified_gmt":"2017-11-08T02:40:51","slug":"arcgis-10-3","status":"publish","type":"page","link":"https:\/\/terra.ufpr.br\/infrageo\/arcgis-10-3\/","title":{"rendered":"ArcGis 10.3"},"content":{"rendered":"<p>Para o procedimento de verifica\u00e7\u00e3o de topologia seja realizado, \u00e9 necess\u00e1rio que antes seja criada uma <em><strong>Geodatabase.<\/strong><\/em><\/p>\n<p><strong>1-<\/strong> Para criar a <strong><em>geodatabase<\/em><\/strong> primeiro deve-se abrir o <strong>ArcCatalog<\/strong>\u00a0e<strong>\u00a0<\/strong>entrar no diret\u00f3rio em que vai ser criado o <strong><em>geodatabase -&gt;\u00a0<\/em><\/strong>clique com o bot\u00e3o direito e em seguida clique em<em><strong> new<\/strong><\/em> e depois em<em><strong> personal geodatabase\u00a0<\/strong><\/em>-&gt; por fim, d\u00ea um nome ao <em><strong>geodatabase.\u00a0<\/strong><\/em><\/p>\n<p><img loading=\"lazy\" decoding=\"async\" class=\"alignnone wp-image-225 size-full\" src=\"https:\/\/terra.ufpr.br\/infrageo\/wp-content\/uploads\/sites\/2\/2017\/10\/gis3.png\" alt=\"\" width=\"1152\" height=\"612\" srcset=\"https:\/\/terra.ufpr.br\/infrageo\/wp-content\/uploads\/sites\/2\/2017\/10\/gis3.png 1152w, https:\/\/terra.ufpr.br\/infrageo\/wp-content\/uploads\/sites\/2\/2017\/10\/gis3-300x159.png 300w, https:\/\/terra.ufpr.br\/infrageo\/wp-content\/uploads\/sites\/2\/2017\/10\/gis3-768x408.png 768w, https:\/\/terra.ufpr.br\/infrageo\/wp-content\/uploads\/sites\/2\/2017\/10\/gis3-1024x544.png 1024w\" sizes=\"(max-width: 1152px) 100vw, 1152px\" \/><\/p>\n<p><strong>2-\u00a0<\/strong>Crie um\u00a0<em><strong>Feature Dataset<\/strong><\/em>: Entre no diret\u00f3rio do\u00a0<em><strong>personal geodatabase<\/strong><\/em> anteriormente criado e clique no bot\u00e3o direito -&gt; clique em\u00a0<em><strong>new\u00a0<\/strong><\/em>-&gt; clique em\u00a0<em><strong>Feature Dataset<\/strong><\/em><\/p>\n<p><img loading=\"lazy\" decoding=\"async\" class=\"alignnone wp-image-222 size-full\" src=\"https:\/\/terra.ufpr.br\/infrageo\/wp-content\/uploads\/sites\/2\/2017\/10\/gis1.png\" alt=\"\" width=\"1154\" height=\"608\" srcset=\"https:\/\/terra.ufpr.br\/infrageo\/wp-content\/uploads\/sites\/2\/2017\/10\/gis1.png 1154w, https:\/\/terra.ufpr.br\/infrageo\/wp-content\/uploads\/sites\/2\/2017\/10\/gis1-300x158.png 300w, https:\/\/terra.ufpr.br\/infrageo\/wp-content\/uploads\/sites\/2\/2017\/10\/gis1-768x405.png 768w, https:\/\/terra.ufpr.br\/infrageo\/wp-content\/uploads\/sites\/2\/2017\/10\/gis1-1024x540.png 1024w\" sizes=\"(max-width: 1154px) 100vw, 1154px\" \/><img loading=\"lazy\" decoding=\"async\" class=\"alignnone wp-image-154 size-full\" src=\"https:\/\/terra.ufpr.br\/infrageo\/wp-content\/uploads\/sites\/2\/2017\/10\/Quest\u00e3o-Enem-2002-quest\u00e3o-51.jpg\" alt=\"\" width=\"512\" height=\"317\" \/><\/p>\n<p><strong>3-\u00a0<\/strong>Nomeie o\u00a0\u00a0<em><strong>Feature Dataset\u00a0<\/strong><\/em>e clique em <em><strong>avan\u00e7ar.\u00a0<\/strong><\/em>Em seguida, insira o sistema de coordenadas. Nesta etapa, \u00e9 aconselh\u00e1vel importar o sistemade coordenadas do arquivo\u00a0<em><strong>shp<\/strong><\/em> e o adicione. Em seguida, clique em\u00a0<em><strong>avan\u00e7ar.\u00a0<\/strong><\/em><\/p>\n<p><img loading=\"lazy\" decoding=\"async\" class=\"alignnone wp-image-223 size-full\" src=\"https:\/\/terra.ufpr.br\/infrageo\/wp-content\/uploads\/sites\/2\/2017\/10\/gis2.png\" alt=\"\" width=\"1147\" height=\"605\" srcset=\"https:\/\/terra.ufpr.br\/infrageo\/wp-content\/uploads\/sites\/2\/2017\/10\/gis2.png 1147w, https:\/\/terra.ufpr.br\/infrageo\/wp-content\/uploads\/sites\/2\/2017\/10\/gis2-300x158.png 300w, https:\/\/terra.ufpr.br\/infrageo\/wp-content\/uploads\/sites\/2\/2017\/10\/gis2-768x405.png 768w, https:\/\/terra.ufpr.br\/infrageo\/wp-content\/uploads\/sites\/2\/2017\/10\/gis2-1024x540.png 1024w\" sizes=\"(max-width: 1147px) 100vw, 1147px\" \/><\/p>\n<p><strong>4-\u00a0<\/strong>Clique em\u00a0<em><strong>avan\u00e7ar\u00a0<\/strong><\/em> nas etapas seguintes e na \u00faltima clique em\u00a0<em><strong> Finish.\u00a0<\/strong><\/em>Deste modo, o\u00a0<em><strong>Feature Dataset\u00a0<\/strong><\/em>est\u00e1 criado.<\/p>\n<p><strong>5-\u00a0<\/strong>Em seguida crie um\u00a0<strong><em>Feature Class\u00a0<\/em><\/strong>do arquivo que deseja verificar: dentro do diret\u00f3rio da\u00a0<em><strong>Feature Dataset\u00a0<\/strong><\/em>anteriormente criado, clique com o bot\u00e3o direito em\u00a0<em><strong>Import<\/strong><\/em> -&gt; \u00a0<em><strong>Feature Class (single).<\/strong><\/em><\/p>\n<p><img loading=\"lazy\" decoding=\"async\" class=\"alignnone wp-image-226 size-full\" src=\"https:\/\/terra.ufpr.br\/infrageo\/wp-content\/uploads\/sites\/2\/2017\/10\/gis5.png\" alt=\"\" width=\"1146\" height=\"606\" srcset=\"https:\/\/terra.ufpr.br\/infrageo\/wp-content\/uploads\/sites\/2\/2017\/10\/gis5.png 1146w, https:\/\/terra.ufpr.br\/infrageo\/wp-content\/uploads\/sites\/2\/2017\/10\/gis5-300x159.png 300w, https:\/\/terra.ufpr.br\/infrageo\/wp-content\/uploads\/sites\/2\/2017\/10\/gis5-768x406.png 768w, https:\/\/terra.ufpr.br\/infrageo\/wp-content\/uploads\/sites\/2\/2017\/10\/gis5-1024x541.png 1024w\" sizes=\"(max-width: 1146px) 100vw, 1146px\" \/><\/p>\n<p><strong>6-\u00a0<\/strong>Na janela que se abrir\u00e1, insira em <em><strong>Input\u00a0<\/strong><strong>Features\u00a0<\/strong><\/em>o arquivo\u00a0<em><strong>shp\u00a0<\/strong><\/em>que pretende verificar, e em\u00a0<em><strong>Output\u00a0<\/strong><\/em><em><strong>Feature Class\u00a0<\/strong><\/em> nomeie o arquivo de sa\u00edda -&gt; clique em\u00a0<em><strong>OK.<\/strong><\/em><\/p>\n<p><img loading=\"lazy\" decoding=\"async\" class=\"alignnone wp-image-227 size-full\" src=\"https:\/\/terra.ufpr.br\/infrageo\/wp-content\/uploads\/sites\/2\/2017\/10\/gis6.png\" alt=\"\" width=\"459\" height=\"581\" srcset=\"https:\/\/terra.ufpr.br\/infrageo\/wp-content\/uploads\/sites\/2\/2017\/10\/gis6.png 459w, https:\/\/terra.ufpr.br\/infrageo\/wp-content\/uploads\/sites\/2\/2017\/10\/gis6-237x300.png 237w\" sizes=\"(max-width: 459px) 100vw, 459px\" \/><\/p>\n<p>Obs. O arquivo\u00a0<em><strong>shp<\/strong><\/em> de origem e a\u00a0<em><strong>Feature Class\u00a0<\/strong><\/em> s\u00e3o arquivos diferentes. Deste modo, qualquer modifica\u00e7\u00e3o na <strong><em>F<\/em><\/strong><em><strong>eature Class<\/strong><\/em> n\u00e3o afetar\u00e1 o arquivo<em><strong>\u00a0shp.<\/strong><\/em><\/p>\n<p><strong>7-\u00a0<\/strong>Na fase seguinte, crie uma topologia: entre no diret\u00f3rio do\u00a0<em><strong>Feature Dataset\u00a0<\/strong><\/em>-&gt; clique com o bot\u00e3o direito -&gt; clique em\u00a0<em><strong>new\u00a0<\/strong><\/em>-&gt; clique em\u00a0<em><strong>topology.\u00a0<\/strong><\/em><\/p>\n<p><img loading=\"lazy\" decoding=\"async\" class=\"alignnone wp-image-228 size-full\" src=\"https:\/\/terra.ufpr.br\/infrageo\/wp-content\/uploads\/sites\/2\/2017\/10\/gis7.png\" alt=\"\" width=\"723\" height=\"422\" srcset=\"https:\/\/terra.ufpr.br\/infrageo\/wp-content\/uploads\/sites\/2\/2017\/10\/gis7.png 723w, https:\/\/terra.ufpr.br\/infrageo\/wp-content\/uploads\/sites\/2\/2017\/10\/gis7-300x175.png 300w\" sizes=\"(max-width: 723px) 100vw, 723px\" \/><\/p>\n<p><strong>8-\u00a0<\/strong>Ser\u00e1 aberta uma janela para a cria\u00e7\u00e3o da topologia. Clique em\u00a0<em><strong>avan\u00e7ar\u00a0<\/strong><\/em>na primeira janela, e na segunda janela nomeie a topologia e avance. Em seguida selecione o(s) arquivo(s)\u00a0<em><strong>shp<\/strong><\/em> que pretende que participe da topologia (estes devem estar inseridos no mesmo\u00a0<em><strong>Feature Dataset<\/strong><\/em>). Clique em\u00a0<em><strong>avan\u00e7ar\u00a0<\/strong><\/em>e na fase seguinte clique novamente em\u00a0<em><strong>avan\u00e7ar.\u00a0<\/strong><\/em><\/p>\n<p><img loading=\"lazy\" decoding=\"async\" class=\"alignnone wp-image-229 size-full\" src=\"https:\/\/terra.ufpr.br\/infrageo\/wp-content\/uploads\/sites\/2\/2017\/10\/gis8.png\" alt=\"\" width=\"595\" height=\"516\" srcset=\"https:\/\/terra.ufpr.br\/infrageo\/wp-content\/uploads\/sites\/2\/2017\/10\/gis8.png 595w, https:\/\/terra.ufpr.br\/infrageo\/wp-content\/uploads\/sites\/2\/2017\/10\/gis8-300x260.png 300w\" sizes=\"(max-width: 595px) 100vw, 595px\" \/><\/p>\n<p><strong>9-\u00a0<\/strong>Em seguida adicione as regras topol\u00f3gicas que ser\u00e3o verificadas. Clique em\u00a0<em><strong>Add Rule,<\/strong><\/em> e ir\u00e1 abrir uma nova janela -&gt; para adicionar uma regra, selecione o\u00a0<em><strong>Feature of Feature Class\u00a0<\/strong><\/em> e selecione a regra (<em><strong>Rule<\/strong><\/em>). No caso de regras que verificar\u00e3o a rela\u00e7\u00e3o entre duas fei\u00e7\u00f5es diferentes, adicione o outro\u00a0<em><strong>Feature \u00a0<\/strong><\/em>em\u00a0<em><strong>Feature Class.\u00a0<\/strong><\/em> Clique em\u00a0<em><strong>OK\u00a0<\/strong><\/em>e a regra ser\u00e1 adicionada.<\/p>\n<p><img loading=\"lazy\" decoding=\"async\" class=\"alignnone wp-image-230 size-full\" src=\"https:\/\/terra.ufpr.br\/infrageo\/wp-content\/uploads\/sites\/2\/2017\/10\/gis9.png\" alt=\"\" width=\"1009\" height=\"398\" srcset=\"https:\/\/terra.ufpr.br\/infrageo\/wp-content\/uploads\/sites\/2\/2017\/10\/gis9.png 1009w, https:\/\/terra.ufpr.br\/infrageo\/wp-content\/uploads\/sites\/2\/2017\/10\/gis9-300x118.png 300w, https:\/\/terra.ufpr.br\/infrageo\/wp-content\/uploads\/sites\/2\/2017\/10\/gis9-768x303.png 768w\" sizes=\"(max-width: 1009px) 100vw, 1009px\" \/><\/p>\n<p>Com todas as regras adicionadas, clique em\u00a0<em><strong>OK.\u00a0<\/strong><\/em>Na \u00faltima fase, clique em <em><strong>F<\/strong><\/em><em><strong>inish.\u00a0<\/strong><\/em>Uma aba pedindo para validar a topologia ir\u00e1 aparecer, onde clicar\u00e1\u00a0<em><strong>Sim.\u00a0<\/strong><\/em>Deste modo, a topologia ser\u00e1 criada.<\/p>\n<p><strong>A partir desta fase, ser\u00e1 realizada a corre\u00e7\u00e3o dos erros topol\u00f3gicos.<\/strong><\/p>\n<p><strong>10-\u00a0<\/strong>Abra o\u00a0<em><strong>ArcMap:\u00a0<\/strong><\/em>adicione a topologia criada anteriormente. Inicie o\u00a0<em><strong>Editor\u00a0<\/strong><\/em>-&gt; clique em\u00a0<em><strong> More Editing Tools\u00a0<\/strong><\/em>-&gt; Selecione\u00a0<em><strong>Topology.<\/strong><\/em><\/p>\n<p><img loading=\"lazy\" decoding=\"async\" class=\"alignnone wp-image-231 size-full\" src=\"https:\/\/terra.ufpr.br\/infrageo\/wp-content\/uploads\/sites\/2\/2017\/10\/gis10.png\" alt=\"\" width=\"458\" height=\"573\" srcset=\"https:\/\/terra.ufpr.br\/infrageo\/wp-content\/uploads\/sites\/2\/2017\/10\/gis10.png 458w, https:\/\/terra.ufpr.br\/infrageo\/wp-content\/uploads\/sites\/2\/2017\/10\/gis10-240x300.png 240w\" sizes=\"(max-width: 458px) 100vw, 458px\" \/><\/p>\n<p><strong>11-\u00a0<\/strong>V\u00e1 at\u00e9 a aba da ferramenta\u00a0<em><strong>Topology\u00a0<\/strong><\/em>-&gt; clique em\u00a0<em><strong>Error Inspector.<\/strong><\/em><\/p>\n<p><img loading=\"lazy\" decoding=\"async\" class=\"alignnone wp-image-232 size-full\" src=\"https:\/\/terra.ufpr.br\/infrageo\/wp-content\/uploads\/sites\/2\/2017\/10\/gis11.png\" alt=\"\" width=\"480\" height=\"79\" srcset=\"https:\/\/terra.ufpr.br\/infrageo\/wp-content\/uploads\/sites\/2\/2017\/10\/gis11.png 480w, https:\/\/terra.ufpr.br\/infrageo\/wp-content\/uploads\/sites\/2\/2017\/10\/gis11-300x49.png 300w\" sizes=\"(max-width: 480px) 100vw, 480px\" \/><\/p>\n<p><strong>12-\u00a0<\/strong>Uma tabela ser\u00e1 aberta. Clicando em\u00a0<em><strong>Search Now\u00a0<\/strong><\/em>os erros ser\u00e3o listados na tabela. Em\u00a0<em><strong>Show<\/strong><\/em> pode-se exibir os erros segundo a natureza.<\/p>\n<p><img loading=\"lazy\" decoding=\"async\" class=\"alignnone wp-image-233 size-full\" src=\"https:\/\/terra.ufpr.br\/infrageo\/wp-content\/uploads\/sites\/2\/2017\/10\/gis12.png\" alt=\"\" width=\"869\" height=\"169\" srcset=\"https:\/\/terra.ufpr.br\/infrageo\/wp-content\/uploads\/sites\/2\/2017\/10\/gis12.png 869w, https:\/\/terra.ufpr.br\/infrageo\/wp-content\/uploads\/sites\/2\/2017\/10\/gis12-300x58.png 300w, https:\/\/terra.ufpr.br\/infrageo\/wp-content\/uploads\/sites\/2\/2017\/10\/gis12-768x149.png 768w\" sizes=\"(max-width: 869px) 100vw, 869px\" \/><\/p>\n<p>Obs. Erros que aparecer\u00e3o na tabela ser\u00e3o referentes aos erros que ocorrem na \u00e1rea exibida no\u00a0<em><strong>Data View<\/strong><\/em>. Para visualizar inteiramente a \u00e1rea, clique com o bot\u00e3o direito sobre a layer em quest\u00e3o e em seguida clique\u00a0<em><strong>Zoom to layer.<\/strong><\/em><\/p>\n<p><strong>13-\u00a0<\/strong>Para mostrar o erro na fei\u00e7\u00e3o, clique com o bot\u00e3o direito sobre o erro listado na tabela e em seguida em\u00a0<em><strong>Zoom to.\u00a0<\/strong><\/em><\/p>\n<p><img loading=\"lazy\" decoding=\"async\" class=\"alignnone wp-image-234 size-full\" src=\"https:\/\/terra.ufpr.br\/infrageo\/wp-content\/uploads\/sites\/2\/2017\/10\/gis13.png\" alt=\"\" width=\"867\" height=\"405\" srcset=\"https:\/\/terra.ufpr.br\/infrageo\/wp-content\/uploads\/sites\/2\/2017\/10\/gis13.png 867w, https:\/\/terra.ufpr.br\/infrageo\/wp-content\/uploads\/sites\/2\/2017\/10\/gis13-300x140.png 300w, https:\/\/terra.ufpr.br\/infrageo\/wp-content\/uploads\/sites\/2\/2017\/10\/gis13-768x359.png 768w\" sizes=\"(max-width: 867px) 100vw, 867px\" \/><\/p>\n<p><img loading=\"lazy\" decoding=\"async\" class=\"alignnone wp-image-235 size-full\" src=\"https:\/\/terra.ufpr.br\/infrageo\/wp-content\/uploads\/sites\/2\/2017\/10\/gis132.png\" alt=\"\" width=\"867\" height=\"537\" srcset=\"https:\/\/terra.ufpr.br\/infrageo\/wp-content\/uploads\/sites\/2\/2017\/10\/gis132.png 867w, https:\/\/terra.ufpr.br\/infrageo\/wp-content\/uploads\/sites\/2\/2017\/10\/gis132-300x186.png 300w, https:\/\/terra.ufpr.br\/infrageo\/wp-content\/uploads\/sites\/2\/2017\/10\/gis132-768x476.png 768w\" sizes=\"(max-width: 867px) 100vw, 867px\" \/><\/p>\n<p><strong>14-\u00a0<\/strong>Para realizar a corre\u00e7\u00e3o dos erros topol\u00f3gicos identificados, clique com o bot\u00e3o direito sobre o erro listado na tabela. Ir\u00e1 ser apresentado op\u00e7\u00f5es de a\u00e7\u00f5es que podem ser tomadas a fim de corrigir o erro. Tamb\u00e9m tem-se a op\u00e7\u00e3o de marcar erro como uma exce\u00e7\u00e3o \u00e0 regra. Todas as modifica\u00e7\u00f5es aqui realizadas ir\u00e3o refletir no\u00a0<em><strong>Feature Class.<\/strong><\/em><\/p>\n<p><img loading=\"lazy\" decoding=\"async\" class=\"alignnone size-medium wp-image-236\" src=\"https:\/\/terra.ufpr.br\/infrageo\/wp-content\/uploads\/sites\/2\/2017\/10\/gis14-278x300.png\" alt=\"\" width=\"278\" height=\"300\" srcset=\"https:\/\/terra.ufpr.br\/infrageo\/wp-content\/uploads\/sites\/2\/2017\/10\/gis14-278x300.png 278w, https:\/\/terra.ufpr.br\/infrageo\/wp-content\/uploads\/sites\/2\/2017\/10\/gis14.png 292w\" sizes=\"(max-width: 278px) 100vw, 278px\" \/><\/p>\n<p><strong>15-\u00a0<\/strong>Para validar as corre\u00e7\u00f5es de topologia realizadas, v\u00e1 at\u00e9 a aba da ferramenta de topologia e clique em\u00a0<em><strong>Validate Topology In Current Extent.<\/strong><\/em><\/p>\n<p><img loading=\"lazy\" decoding=\"async\" class=\"alignnone wp-image-237 size-full\" src=\"https:\/\/terra.ufpr.br\/infrageo\/wp-content\/uploads\/sites\/2\/2017\/10\/gis15.png\" alt=\"\" width=\"668\" height=\"309\" srcset=\"https:\/\/terra.ufpr.br\/infrageo\/wp-content\/uploads\/sites\/2\/2017\/10\/gis15.png 668w, https:\/\/terra.ufpr.br\/infrageo\/wp-content\/uploads\/sites\/2\/2017\/10\/gis15-300x139.png 300w\" sizes=\"(max-width: 668px) 100vw, 668px\" \/><\/p>\n<p><strong>16-\u00a0<\/strong>Ao final de todo processo de corre\u00e7\u00e3o dos erros de topologia, v\u00e1 at\u00e9 a aba da ferramenta\u00a0<em><strong>Editor<\/strong><\/em> e clique em\u00a0<em><strong>Editor -&gt;\u00a0<\/strong><\/em>Clique em\u00a0<em><strong>Save Edition.<\/strong><\/em>\u00a0Feche a ferramenta\u00a0<em><strong>Editor.<\/strong><\/em><\/p>\n<p><img loading=\"lazy\" decoding=\"async\" class=\"alignnone size-medium wp-image-238\" src=\"https:\/\/terra.ufpr.br\/infrageo\/wp-content\/uploads\/sites\/2\/2017\/10\/gis16-129x300.png\" alt=\"\" width=\"129\" height=\"300\" srcset=\"https:\/\/terra.ufpr.br\/infrageo\/wp-content\/uploads\/sites\/2\/2017\/10\/gis16-129x300.png 129w, https:\/\/terra.ufpr.br\/infrageo\/wp-content\/uploads\/sites\/2\/2017\/10\/gis16.png 213w\" sizes=\"(max-width: 129px) 100vw, 129px\" \/><\/p>\n<p><strong>17-\u00a0<\/strong>Para exportar o arquivo com topologia corrigida em formato\u00a0<em><strong>shp<\/strong><\/em>, clique com o bot\u00e3o direito sobre o\u00a0<em><strong>layer\u00a0<\/strong><\/em>-&gt; Clique em\u00a0<em><strong>Data<\/strong><\/em> -&gt; Clique em\u00a0<em><strong>Export Data&#8230;\u00a0<\/strong><\/em>-&gt; e salve o arquivo em formato\u00a0<em><strong>shp.\u00a0<\/strong><\/em><\/p>\n<p><img loading=\"lazy\" decoding=\"async\" class=\"alignnone wp-image-239 size-full\" src=\"https:\/\/terra.ufpr.br\/infrageo\/wp-content\/uploads\/sites\/2\/2017\/10\/gis17.png\" alt=\"\" width=\"522\" height=\"591\" srcset=\"https:\/\/terra.ufpr.br\/infrageo\/wp-content\/uploads\/sites\/2\/2017\/10\/gis17.png 522w, https:\/\/terra.ufpr.br\/infrageo\/wp-content\/uploads\/sites\/2\/2017\/10\/gis17-265x300.png 265w\" sizes=\"(max-width: 522px) 100vw, 522px\" \/><\/p>\n","protected":false},"excerpt":{"rendered":"<p>Para o procedimento de verifica\u00e7\u00e3o de topologia seja realizado, \u00e9 necess\u00e1rio que antes seja criada uma Geodatabase. 1- Para criar a geodatabase primeiro deve-se abrir o ArcCatalog\u00a0e\u00a0entrar no diret\u00f3rio em que vai ser criado o geodatabase -&gt;\u00a0clique com o bot\u00e3o direito e em seguida clique em new e depois em personal geodatabase\u00a0-&gt; por fim, d\u00ea [&hellip;]<\/p>\n","protected":false},"author":1315,"featured_media":0,"parent":0,"menu_order":0,"comment_status":"closed","ping_status":"closed","template":"","meta":{"footnotes":""},"class_list":["post-106","page","type-page","status-publish","hentry"],"_links":{"self":[{"href":"https:\/\/terra.ufpr.br\/infrageo\/wp-json\/wp\/v2\/pages\/106"}],"collection":[{"href":"https:\/\/terra.ufpr.br\/infrageo\/wp-json\/wp\/v2\/pages"}],"about":[{"href":"https:\/\/terra.ufpr.br\/infrageo\/wp-json\/wp\/v2\/types\/page"}],"author":[{"embeddable":true,"href":"https:\/\/terra.ufpr.br\/infrageo\/wp-json\/wp\/v2\/users\/1315"}],"replies":[{"embeddable":true,"href":"https:\/\/terra.ufpr.br\/infrageo\/wp-json\/wp\/v2\/comments?post=106"}],"version-history":[{"count":21,"href":"https:\/\/terra.ufpr.br\/infrageo\/wp-json\/wp\/v2\/pages\/106\/revisions"}],"predecessor-version":[{"id":241,"href":"https:\/\/terra.ufpr.br\/infrageo\/wp-json\/wp\/v2\/pages\/106\/revisions\/241"}],"wp:attachment":[{"href":"https:\/\/terra.ufpr.br\/infrageo\/wp-json\/wp\/v2\/media?parent=106"}],"curies":[{"name":"wp","href":"https:\/\/api.w.org\/{rel}","templated":true}]}}