{"id":242,"date":"2017-11-08T00:41:58","date_gmt":"2017-11-08T02:41:58","guid":{"rendered":"https:\/\/terra.ufpr.br\/infrageo\/?page_id=242"},"modified":"2017-11-08T10:36:04","modified_gmt":"2017-11-08T12:36:04","slug":"perfil-de-metadados-brasileiro-sumarizado","status":"publish","type":"page","link":"https:\/\/terra.ufpr.br\/infrageo\/perfil-de-metadados-brasileiro-sumarizado\/","title":{"rendered":"Perfil de Metadados Brasileiro Sumarizado"},"content":{"rendered":"<p>O Perfil de Metadados Geoespaciais Brasileiro (MGB), tem o\u00a0objetivo de identificar as se\u00e7\u00f5es, entidades e elementos que descrevem com propriedade e qualidade as caracter\u00edsticas de dados geoespaciais produzidos no Brasil (CONCAR, 2009). Este \u00e9 o modelo utilizado pelo INFRAGEO do Departamento de Geografia da UFPR, para a sistematiza\u00e7\u00e3o de seus metadados.<\/p>\n<p>Abaixo, segue um perfil sumarizado do MGB, ou seja, mais simplificado, contendo as principais entidades do perfil MGB:<\/p>\n<p><img loading=\"lazy\" decoding=\"async\" class=\"alignnone wp-image-247 size-full\" src=\"https:\/\/terra.ufpr.br\/infrageo\/wp-content\/uploads\/sites\/2\/2017\/11\/sumarizado.png\" alt=\"\" width=\"583\" height=\"463\" srcset=\"https:\/\/terra.ufpr.br\/infrageo\/wp-content\/uploads\/sites\/2\/2017\/11\/sumarizado.png 583w, https:\/\/terra.ufpr.br\/infrageo\/wp-content\/uploads\/sites\/2\/2017\/11\/sumarizado-300x238.png 300w\" sizes=\"(max-width: 583px) 100vw, 583px\" \/><\/p>\n<p>A seguir, encontram-se as descri\u00e7\u00f5es de preenchimento de cada entidade do Perfil MGB Sumarizado.<\/p>\n<ol>\n<li><strong>Nome:<\/strong> T\u00edtulo \u00a0 \u00a0\u00a0<strong>Se\u00e7\u00e3o:<\/strong> Cita\u00e7\u00e3o \u00a0 \u00a0 <strong>Obrigatoriedade:<\/strong> Obrigat\u00f3rio<\/li>\n<\/ol>\n<p><strong>Defini\u00e7\u00e3o:\u00a0<\/strong>Designa\u00e7\u00e3o pela qual s\u00e3o conhecidos os CDG. O t\u00edtulo deve permitir identificar o CDG com o maior rigor poss\u00edvel, indicando, se poss\u00edvel, a s\u00e9rie a que pertence, o tema, \u00e1rea geogr\u00e1fica, \u00edndice de nomenclatura da folha, escala, etc. Se o CDG contempla um produto do SCN, recomenda-se que o t\u00edtulo contenha: escala, nome da folha e \u00edndice de nomenclatura. A ocorr\u00eancia deste elemento \u00e9 \u00fanica.<\/p>\n<p><strong>Exemplo:<\/strong>\u00a0Carta Topogr\u00e1fica 1:25.000 SD24-X-A-VI-1-NO ou\u00a0Atlas Geogr\u00e1fico Escolar<\/p>\n<p>2.\u00a0<strong>Nome:<\/strong>\u00a0Data \u00a0 \u00a0\u00a0<strong>Se\u00e7\u00e3o:<\/strong> Cita\u00e7\u00e3o \u00a0 \u00a0 <strong>Obrigatoriedade:<\/strong> Obrigat\u00f3rio \u00a0 \u00a0 <strong>Elementos:\u00a0<\/strong>Data, Tipo de Data<\/p>\n<p><strong>Defini\u00e7\u00e3o: <\/strong>Data dos CDG citados.<strong> O formato para a data \u00e9 quatro d\u00edgitos para o ano, dois d\u00edgitos para o m\u00eas e dois d\u00edgitos para o dia (AAAA-MM-DD).<\/strong>\u00a0A data est\u00e1 sempre associada a um tipo de data: o elemento &#8220;Tipo de Data&#8221;. Este elemento s\u00f3 pode ter os tipos definidos na lista controlada ISO: &#8220;CI_DateTypeCode&#8221;, veja Anexo 5.2 .<\/p>\n<p>No caso da data de cria\u00e7\u00e3o de um recurso, a data deve sempre refletir a realidade temporal dos dados adquiridos. Por exemplo: Para cartas topogr\u00e1ficas do SCN oriundas de: &#8211; modelos fotogram\u00e9tricos : data de restitui\u00e7\u00e3o. &#8211; cartas compiladas: data de compila\u00e7\u00e3o. &#8211; cartas-imagem e ortoimagens: data da gera\u00e7\u00e3o do produto. As datas dos insumos dos processos fotogram\u00e9tricos, de imageamento e de compila\u00e7\u00e3o ser\u00e3o informadas no elemento linhagem. Um recurso pode ter v\u00e1rias datas associadas, porque podem ser efetuadas v\u00e1rias atualiza\u00e7\u00f5es e publica\u00e7\u00f5es de um mesmo recurso.<\/p>\n<p><strong>Exemplo:\u00a0<\/strong>1996-12-01, cria\u00e7\u00e3o; 1998-01-01, publica\u00e7\u00e3o.<\/p>\n<p>3.\u00a0<strong>Nome:<\/strong>\u00a0Respons\u00e1vel \u00a0 \u00a0\u00a0<strong>Se\u00e7\u00e3o:<\/strong>\u00a0Identifica\u00e7\u00e3o, Metadados, Distribui\u00e7\u00e3o \u00a0 \u00a0<strong>Obrigatoriedade:<\/strong> Obrigat\u00f3rio \u00a0 \u00a0 <strong>Elementos:\u00a0<\/strong>Nome da Organiza\u00e7\u00e3o, Fun\u00e7\u00e3o.<\/p>\n<p><strong>Defini\u00e7\u00e3o:<\/strong>\u00a0Identifica\u00e7\u00e3o e forma de contato com a(s) pessoa(s) ou organiza\u00e7\u00e3o(\u00f5es) respons\u00e1vel(is) pelo CDG e metadados. Estes elementos s\u00e3o documentados em v\u00e1rios contextos diferentes. Em qualquer contexto \u00e9 sempre obrigat\u00f3rio o preenchimento do &#8220;Nome da Organiza\u00e7\u00e3o&#8221; e &#8220;Fun\u00e7\u00e3o&#8221; desempenhada pela organiza\u00e7\u00e3o ou entidade referida, relativamente ao recurso que est\u00e1 sendo documentado.<\/p>\n<p>O objetivo da utiliza\u00e7\u00e3o do elemento &#8220;Fun\u00e7\u00e3o&#8221; \u00e9 distinguir os v\u00e1rios respons\u00e1veis ou contatos que possam existir, atribuindo um papel ou fun\u00e7\u00e3o predeterminados a cada contato. Os pap\u00e9is ou fun\u00e7\u00f5es poss\u00edveis s\u00e3o definidos na lista controlada &#8220;CI_RoleCode&#8221;, veja Anexo 5.2 . Estes elementos s\u00e3o utilizados em diversos contextos, sendo obrigat\u00f3ria a documenta\u00e7\u00e3o da identifica\u00e7\u00e3o e\/ou contato do &#8220;produtor&#8221; e &#8220;detentor&#8221; do recurso no caso de ser cartografia (em conson\u00e2ncia com o Sistema Cartogr\u00e1fico Nacional &#8211; SCN). De uma forma geral \u00e9 sempre obrigat\u00f3rio documentar pelo menos a identifica\u00e7\u00e3o e\/ou contato de um respons\u00e1vel ou ponto de contato. Tamb\u00e9m \u00e9 obrigat\u00f3ria a indica\u00e7\u00e3o do respons\u00e1vel ou autor dos metadados, sendo neste caso Vers\u00e3o homologada em novembro\/2009 30 atribu\u00edda a fun\u00e7\u00e3o &#8220;autor&#8221;. O respons\u00e1vel ou autor dos metadados n\u00e3o \u00e9 documentado no contexto da identifica\u00e7\u00e3o do recurso como os anteriores, mas sim no contexto dos metametadados. No \u00e2mbito da CONCAR, devem ser documentados o &#8220;produtor&#8221;, \u201ctutor\u201d e &#8220;distribuidor&#8221; do recurso. O distribuidor \u00e9 documentado no contexto dos elementos referentes \u00e0 distribui\u00e7\u00e3o do recurso.<\/p>\n<p><strong>Exemplo:\u00a0<\/strong>Funda\u00e7\u00e3o Instituto Brasileiro de Geografia e Estat\u00edstica \u2013 IBGE\/ Diretoria de Geoci\u00eancias \u2013 DGC\/ Coordena\u00e7\u00e3o de Cartografia \u2013 CCAR, produtor;<\/p>\n<p>4.\u00a0<strong>Nome:<\/strong>\u00a0Exten\u00e7\u00e3o Geog\u0155afica \u00a0 \u00a0\u00a0<strong>Se\u00e7\u00e3o:<\/strong>\u00a0Exten\u00e7\u00e3o \u00a0 \u00a0<strong>Obrigatoriedade:<\/strong>\u00a0Condicional \u00a0 \u00a0<strong>Elementos:\u00a0<\/strong>Pol\u00edgono Delimitador, Ret\u00e2ngulo Envolvente, Identificador Geogr\u00e1fico.<\/p>\n<p><strong>Defini\u00e7\u00e3o:\u00a0<\/strong>Extens\u00e3o geogr\u00e1fica do conjunto de dados geoespaciais.Extens\u00e3o geogr\u00e1fica do conjunto de dados geoespaciais.\u00a0Esta extens\u00e3o pode ser documentada pelo &#8220;Pol\u00edgono Delimitador&#8221;,\u00a0&#8220;Ret\u00e2ngulo Envolvente&#8221; ou &#8220;Identificador Geogr\u00e1fico&#8221;.<br \/>\nO elemento &#8221; Pol\u00edgono Delimitador&#8221; \u00e9 o conjunto de pontos que formam<br \/>\no referido pol\u00edgono.\u00a0O elemento &#8220;Ret\u00e2ngulo Envolvente&#8221; \u00e9 composto por 4 coordenadas<br \/>\ngeogr\u00e1ficas:<br \/>\n<strong>Longitude Lim\u00edtrofe Oeste:<\/strong> Coordenada ocidental do limite da extens\u00e3o do conjunto de dados geoespaciais, expressa em longitude utilizando graus decimais (e valores positivos a oriente).<br \/>\n<strong>Longitude Lim\u00edtrofe Este:<\/strong> Coordenada oriental do limite da\u00a0extens\u00e3o do conjunto de dados geoespaciais, expressa em longitude utilizando graus decimais (e valores positivos a oriente).<br \/>\n<strong>Latitude Lim\u00edtrofe Sul:<\/strong> Coordenada meridional do limite da extens\u00e3o do conjunto de dados geoespaciais, expressa em latitude, utilizando graus decimais (e valores positivos a norte).<br \/>\n<strong>Latitude Lim\u00edtrofe Norte:<\/strong> Coordenada setentrional do limite da extens\u00e3o do conjunto de dados geoespaciais, expressa em latitude, utilizando graus decimais (e valores positivos a norte)<\/p>\n<p><strong>Exemplo:<\/strong>\u00a0 Ret\u00e2ngulo Envolvente:<\/p>\n<p>&nbsp;<\/p>\n<p>Longitude Lim\u00edtrofe Oeste: -38,00<br \/>\nLongitude Lim\u00edtrofe Este: -37,83<br \/>\nLatitude Lim\u00edtrofe Sul: -12.63<br \/>\nLatitude Lim\u00edtrofe Norte: -12,50<\/p>\n<p>5.\u00a0<strong>Nome:\u00a0<\/strong>Idioma \u00a0 \u00a0\u00a0<strong>Se\u00e7\u00e3o:\u00a0<\/strong>Metadados, Identifica\u00e7\u00e3o do CDG \u00a0 \u00a0\u00a0<strong>Obrigatoriedade:\u00a0<\/strong>Obrigat\u00f3rio<\/p>\n<p><strong>Descri\u00e7\u00e3o:<\/strong>\u00a0Idioma utilizado.\u00a0Aplica-se em dois contextos diferentes:<br \/>\n<strong>1) Metametadados.<\/strong> Idioma utilizado nos metadados. Documenta\u00e7\u00e3o\u00a0obrigat\u00f3ria. Corresponde ao idioma principal utilizado nos metadados.\u00a0Outros idiomas podem ser utilizados no mesmo documento de\u00a0metadados.<br \/>\n<strong>2) Identifica\u00e7\u00e3o do Conjunto de Dados Geogr\u00e1ficos (CDG).<\/strong> Idioma\u00a0utilizado no CDG. Documenta\u00e7\u00e3o condicional, dependendo da exist\u00eancia\u00a0de texto no CDG.<br \/>\nA Cardinalidade \u00e9 m\u00faltipla em ambos os casos. Os metadados podem\u00a0estar em v\u00e1rios idiomas, por exemplo, portugu\u00eas e ingl\u00eas, assim como o\u00a0texto de um CDG.<br \/>\nO idioma deve ser definido segundo os c\u00f3digos existentes na lista ISO\u00a0639-2.<br \/>\nO c\u00f3digo para o portugu\u00eas \u00e9 &#8220;pt&#8221;. Para outros c\u00f3digos ver em:<br \/>\nhttp:\/\/pt.wikipedia.org\/wiki\/ISO_639<\/p>\n<p><strong>Exemplo:\u00a0<\/strong>pt (portugu\u00eas)<\/p>\n<p>6.\u00a0<strong>Nome:\u00a0<\/strong>C\u00f3digo de Caracteres \u00a0 \u00a0\u00a0<strong>Se\u00e7\u00e3o:\u00a0<\/strong>Metadados, Identifica\u00e7\u00e3o do CDG \u00a0 \u00a0\u00a0<strong>Obrigatoriedade:\u00a0<\/strong>Condicional<\/p>\n<p><strong>Descri\u00e7\u00e3o:\u00a0<\/strong>Norma de codifica\u00e7\u00e3o inform\u00e1tica de caracteres.\u00a0Este elemento aplica-se em dois contextos diferentes:<br \/>\n<strong>1) Metametadados.<\/strong> Norma de codifica\u00e7\u00e3o de caracteres utilizada para o\u00a0documento de metadados. Documenta\u00e7\u00e3o obrigat\u00f3ria. Recomenda-se a\u00a0utiliza\u00e7\u00e3o do &#8220;UTF-8&#8221;. Este conjunto de caracteres ou norma de\u00a0codifica\u00e7\u00e3o de caracteres, para al\u00e9m de incluir os caracteres especiais\u00a0portugueses, \u00e9 o conjunto de caracteres predefinido para os documentos\u00a0XML.<br \/>\n<strong>2) Identifica\u00e7\u00e3o do Conjunto de Dados Geogr\u00e1ficos (CDG).<\/strong> Norma de\u00a0codifica\u00e7\u00e3o de caracteres utilizada no CDG. A documenta\u00e7\u00e3o \u00e9\u00a0condicional, dependendo da exist\u00eancia de texto no CDG.\u00a0Este elemento s\u00f3 aceita termos da lista controlada ISO 19115 \u00a0\u201cMD_CharacterSetCode\u201d, veja Anexo 5.2.<\/p>\n<p><strong>Exemplo:<\/strong> utf8<\/p>\n<p>7.\u00a0<strong>Nome:\u00a0<\/strong> Categoria Tem\u00e1tica \u00a0 \u00a0\u00a0<strong>Se\u00e7\u00e3o:\u00a0<\/strong>Identifica\u00e7\u00e3o do CDG \u00a0 \u00a0\u00a0<strong>Obrigatoriedade:\u00a0<\/strong>Obrigat\u00f3rio<\/p>\n<p><strong>Descri\u00e7\u00e3o:<\/strong>\u00a0Tema principal do CDG.\u00a0Classifica\u00e7\u00e3o tem\u00e1tica geral utilizada para auxiliar o agrupamento e\u00a0pesquisa dos CDG dispon\u00edveis.\u00a0Este elemento s\u00f3 pode tomar os termos da lista controlada ISO\u00a0&#8220;MD_TopicCategoryCode&#8221;, veja Anexo 5.2 .<br \/>\nUm CDG pode ter v\u00e1rias categorias tem\u00e1ticas associadas. Por exemplo,\u00a0uma cartografia topogr\u00e1fica pode ter v\u00e1rios tipos de informa\u00e7\u00e3o como\u00a0altimetria, rede vi\u00e1ria e ferrovi\u00e1ria, patrim\u00f4nio edificado, etc.<br \/>\n<strong>Exemplo:<\/strong>\u00a0mapeamentoBasicoTopografico<\/p>\n","protected":false},"excerpt":{"rendered":"<p>O Perfil de Metadados Geoespaciais Brasileiro (MGB), tem o\u00a0objetivo de identificar as se\u00e7\u00f5es, entidades e elementos que descrevem com propriedade e qualidade as caracter\u00edsticas de dados geoespaciais produzidos no Brasil (CONCAR, 2009). Este \u00e9 o modelo utilizado pelo INFRAGEO do Departamento de Geografia da UFPR, para a sistematiza\u00e7\u00e3o de seus metadados. Abaixo, segue um perfil [&hellip;]<\/p>\n","protected":false},"author":1315,"featured_media":0,"parent":0,"menu_order":0,"comment_status":"closed","ping_status":"closed","template":"","meta":{"footnotes":""},"class_list":["post-242","page","type-page","status-publish","hentry"],"_links":{"self":[{"href":"https:\/\/terra.ufpr.br\/infrageo\/wp-json\/wp\/v2\/pages\/242"}],"collection":[{"href":"https:\/\/terra.ufpr.br\/infrageo\/wp-json\/wp\/v2\/pages"}],"about":[{"href":"https:\/\/terra.ufpr.br\/infrageo\/wp-json\/wp\/v2\/types\/page"}],"author":[{"embeddable":true,"href":"https:\/\/terra.ufpr.br\/infrageo\/wp-json\/wp\/v2\/users\/1315"}],"replies":[{"embeddable":true,"href":"https:\/\/terra.ufpr.br\/infrageo\/wp-json\/wp\/v2\/comments?post=242"}],"version-history":[{"count":8,"href":"https:\/\/terra.ufpr.br\/infrageo\/wp-json\/wp\/v2\/pages\/242\/revisions"}],"predecessor-version":[{"id":253,"href":"https:\/\/terra.ufpr.br\/infrageo\/wp-json\/wp\/v2\/pages\/242\/revisions\/253"}],"wp:attachment":[{"href":"https:\/\/terra.ufpr.br\/infrageo\/wp-json\/wp\/v2\/media?parent=242"}],"curies":[{"name":"wp","href":"https:\/\/api.w.org\/{rel}","templated":true}]}}