{"id":1675,"date":"2020-04-15T16:35:37","date_gmt":"2020-04-15T19:35:37","guid":{"rendered":"https:\/\/terra.ufpr.br\/laboclima\/?page_id=1675"},"modified":"2026-04-16T14:23:10","modified_gmt":"2026-04-16T17:23:10","slug":"sacer","status":"publish","type":"page","link":"https:\/\/terra.ufpr.br\/laboclima\/sacer\/","title":{"rendered":"SACER &#8211; Sistema de Alerta Clim\u00e1tico para Enfermidades Respirat\u00f3rias"},"content":{"rendered":"\n<p style=\"font-size:14px\">Desenvolvido em car\u00e1ter especial pelo Laborat\u00f3rio de Climatologia (LABOCLIMA) da Universidade Federal do Paran\u00e1 (UFPR), este servi\u00e7o objetiva contribuir com as a\u00e7\u00f5es emergenciais de enfrentamento \u00e0 pandemia do novo coronav\u00edrus (SARS-CoV-2) atrav\u00e9s de um sistema que alerta para a forma\u00e7\u00e3o de condi\u00e7\u00f5es clim\u00e1ticas favor\u00e1veis \u00e0 sua transmiss\u00e3o no Estado do Paran\u00e1. Este boletim ter\u00e1 periodicidade semanal de publica\u00e7\u00e3o, em conson\u00e2ncia com a semana epidemiol\u00f3gica brasileira. Os dados meteorol\u00f3gicos utilizados no modelo foram cedidos pelo SIMEPAR (Instituto Tecnol\u00f3gico do Paran\u00e1).<\/p>\n\n\n\n<p style=\"font-size:14px\">Os par\u00e2metros utilizados para cria\u00e7\u00e3o dos \u00edndices de alerta foram definidos a partir de in\u00fameros estudos envolvendo tanto os casos atuais da pandemia do novo coronav\u00edrus como de outras pandemias que apresentaram padr\u00e3o similar de dissemina\u00e7\u00e3o, como o H1N1, que se baseiam na variabilidade da <strong><em>temperatura e umidade relativa e absoluta do ar<\/em><\/strong>. Tais limiares retratam exclusivamente a suscetibilidade \u00e0 infec\u00e7\u00e3o por SARS-CoV-2 e outros v\u00edrus que atingem o sistema respirat\u00f3rio, n\u00e3o considerando os padr\u00f5es sociais de contato, aglomera\u00e7\u00e3o, circula\u00e7\u00e3o e transmiss\u00e3o do v\u00edrus.<\/p>\n\n\n\n<p class=\"has-text-align-center has-vivid-red-color has-text-color\" style=\"font-size:14px\"><strong>IMPORTANTE: Alertas de n\u00edvel m\u00e9dio ou baixo n\u00e3o anulam completamente os riscos de transmiss\u00e3o de COVID,&nbsp;Influenza,&nbsp;H1N1&nbsp;e&nbsp;demais&nbsp;v\u00edrus. Desse&nbsp;modo, ressalta-se que novos estudos continuam sendo divulgados, tornando indispens\u00e1vel a atualiza\u00e7\u00e3o e calibra\u00e7\u00e3o constante deste sistema de alerta.<\/strong><\/p>\n\n\n<div class=\"wp-block-image\">\n<figure class=\"aligncenter size-full\"><img loading=\"lazy\" decoding=\"async\" width=\"2337\" height=\"1651\" src=\"https:\/\/terra.ufpr.br\/laboclima\/wp-content\/uploads\/sites\/3\/2026\/04\/15.png\" alt=\"\" class=\"wp-image-7006\" srcset=\"https:\/\/terra.ufpr.br\/laboclima\/wp-content\/uploads\/sites\/3\/2026\/04\/15.png 2337w, https:\/\/terra.ufpr.br\/laboclima\/wp-content\/uploads\/sites\/3\/2026\/04\/15-300x212.png 300w, https:\/\/terra.ufpr.br\/laboclima\/wp-content\/uploads\/sites\/3\/2026\/04\/15-1024x723.png 1024w, https:\/\/terra.ufpr.br\/laboclima\/wp-content\/uploads\/sites\/3\/2026\/04\/15-768x543.png 768w, https:\/\/terra.ufpr.br\/laboclima\/wp-content\/uploads\/sites\/3\/2026\/04\/15-1536x1085.png 1536w, https:\/\/terra.ufpr.br\/laboclima\/wp-content\/uploads\/sites\/3\/2026\/04\/15-2048x1447.png 2048w\" sizes=\"(max-width: 2337px) 100vw, 2337px\" \/><\/figure><\/div>\n\n\n<p style=\"font-size:14px\"><strong>Entendendo o mapa: cores verde escuro representam alerta baixo; cores verde claro ao amarelo representam n\u00edvel de alerta m\u00e9dio; do amarelo ao ocre\/laranja o alerta \u00e9 alto e do laranja ao vermelho n\u00edvel de alerta muito alto. <\/strong><\/p>\n\n\n\n<p class=\"has-vivid-red-color has-text-color\" style=\"font-size:11px\">  <em>Os produtos apresentados nesta p\u00e1gina n\u00e3o podem ser&nbsp;usados para prop\u00f3sitos comerciais, copiados integral ou parcialmente para a reprodu\u00e7\u00e3o em meios de divulga\u00e7\u00e3o, sem a expressa autoriza\u00e7\u00e3o do Laborat\u00f3rio de Climatologia &#8211; Laboclima\/UFPR. Os usu\u00e1rios dever\u00e3o sempre mencionar a fonte das informa\u00e7\u00f5es e dados como &#8220;Laboclima &#8211; UFPR&#8221;. A gera\u00e7\u00e3o e a divulga\u00e7\u00e3o de produtos operacionais obedecem crit\u00e9rios sist\u00eamicos de controle de qualidade, padroniza\u00e7\u00e3o e periodicidade de disponibiliza\u00e7\u00e3o. Em nenhum caso o Laboclima &#8211; UFPR pode ser responsabilizado por danos especiais, indiretos ou decorrentes, ou nenhum dano vinculado ao que provenha do uso indevido destes produtos.<\/em> <\/p>\n\n\n\n<p>.<\/p>\n\n\n\n<p class=\"has-text-align-center\">Para d\u00favidas ou dados anteriores, favor entrar em contato pelo e-mail: <a href=\"https:\/\/terra.ufpr.br\/laboclima\/contato\/\">laboclima@ufpr.br<\/a>&nbsp;<\/p>\n\n\n\n<p><strong>Refer\u00eancias:<\/strong><\/p>\n\n\n\n<p style=\"font-size:10px\"> A.C. AULER; F.A.M. C\u00c1SSARO, V.O. da SILVA; et al. Evidence that high temperatures and intermediate relative humidity might favor the spread of COVID-19 in tropical climate: A case study for the most affected Brazilian cities, Science of the Total Environment (2020), <a href=\"https:\/\/doi.org\/10.1016\/j.scitotenv.2020.139090\">https:\/\/doi.org\/10.1016\/j.scitotenv.2020.139090<\/a> &#8211; ARAUJO, M.B.; NAIMI, B. Spread of SARS-CoV-2 Coronavirus likely constrained by climate. MedRxiv. <a href=\"http:\/\/doi.org\/10.1101\/2020.03.12.20034728\">http:\/\/doi.org\/10.1101\/2020.03.12.20034728<\/a> &#8211; BUKHARI, Q.; JAMEEL, Y. Will coronavirus pandemic diminish by summer? SSRN.&nbsp;<a rel=\"noreferrer noopener\" href=\"https:\/\/dx.doi.org\/10.2139\/ssrn.3556998\" target=\"_blank\">http:\/\/dx.doi.org\/10.2139\/ssrn.3556998<\/a> &#8211; CHAN, K.; PEIRIS, J.; LAM, S.; POON, L.; YUEN, K.; SETO, W. The effects of temperature and relative humidity on the viability of the SARS coronavirus. Advances Virology <a href=\"http:\/\/doi.org\/10.1155\/2011\/734690\">http:\/\/doi.org\/10.1155\/2011\/734690<\/a> &#8211; LOWEN, A. C.; STEEL, J. Roles of Humidity and Temperature in Shaping Influenza Seasonality. Journal of Virology Jun 2014, 88 (14) 7692-7695. <a href=\"http:\/\/dx.doi.org\/10.1128\/JVI.03544-13\">http:\/\/dx.doi.org\/10.1128\/JVI.03544-13<\/a> &#8211; MA, Y.; ZHAO, Y.; LIU, J.; HE, X.; WANG, B.; FU, S.; YAN, J.; NIU, J.; ZHOU, J.; LUO, B. Effects of temperature variation and humidity on the death of COVID-19 in Wuhan, China. Science of the Total Environment. <a href=\"https:\/\/doi.org\/10.1016\/j.scitotenv.2020.138226\">https:\/\/doi.org\/10.1016\/j.scitotenv.2020.138226<\/a> &#8211;  MENDON\u00c7A, F. A.; ANJOS, Max; COLLISCHONN, E.; MURARA, P. G.; ELY, D. F.; LIMBERGER, L.; NASCIMENTO JR, L.; CRUZ, G. C. F.; ROSEGHINI, W.; ANDRADE, A. Climate and Covid-19 &#8211; Upgrade and solar radiation influences based on Brazil cases (2020), <a href=\"https:\/\/doi.org\/10.21203\/rs.3.rs-32885\/v1\">https:\/\/doi.org\/10.21203\/rs.3.rs-32885\/v1<\/a> &#8211; MENDON\u00c7A, F. A. ; ROSEGHINI, W. F. F.; AQUINO JUNIOR, J. ; CASTELHANO, F. J. ; HOFFMAN, T. Systema d&#8217;Alerte Climato-Meteorologique de Prevention de l&#8217;Epidemie de Dengue (Bresil). In: XXIV Colloque de l&#8217;Association Internationale de Climatologie, 2011. Actes du XXIV Colloque de l&#8217;Association Internationale de Climatologie. Rovereto: AICLIM, 2011. v. 1. p. 411-416. ISSN\/ISBN: 9782907696173 &#8211; NASSAR, M.S.; BAKHREBAH, M.A.; MEO, S.A.; ALSUABEYL, M.S.; ZAHER, W.A. Global seasonal occurrence of middle east respiratory syndrome coronavirus (MERS-CoV) infection. Eur Ver Med Pharmacol Sci 2018; 22(12): 3913-8. <a href=\"https:\/\/10.0.102.243\/eurrev_201806_15276\">https:\/\/10.26355\/eurrev_201806_15276<\/a> &#8211; OLIVEIROS, B.; CARAMELO, L.; FERREIRA, N.C.; CARAMELO, F. Role of temperature and humidity in the modulation of the doubling time of COVID-19 cases. MedRxiv. <a href=\"https:\/\/doi.org\/10.1101\/2020.03.05.20031872\">https:\/\/doi.org\/10.1101\/2020.03.05.20031872<\/a> &#8211; PRATA, D. N; RODRIGUESA, W; BERMEJO, P. H. Temperature significantly changes COVID-19 transmission in (sub) tropical cities of Brazil. <a href=\"https:\/\/doi.org\/10.1016\/j.scitotenv.2020.138862\">https:\/\/doi.org\/10.1016\/j.scitotenv.2020.138862<\/a> &#8211; WANG, M.; JIANG, A.; GONG, L.; LUO, L.; GUO, W.; LI, C.; ZHENG, J.; LI, C.; YANG, B.; ZENG, J. Temperature significant change COVID-19 Transmission in 429 cities. MedRxiv. <a href=\"https:\/\/doi.org\/10.1101\/2020.02.22.20025791\">https:\/\/doi.org\/10.1101\/2020.02.22.20025791<\/a> &#8211; WHO. World Health Organization. Coronavirus disease (COVID-19) Pandemic. Available in <a href=\"https:\/\/www.who.int\/emergencies\/diseases\/novel-coronavirus-2019\">https:\/\/www.who.int\/emergencies\/diseases\/novel-coronavirus-2019<\/a>.<\/p>\n\n\n\n<p>.<\/p>\n","protected":false},"excerpt":{"rendered":"<p>Desenvolvido em car\u00e1ter especial pelo Laborat\u00f3rio de Climatologia (LABOCLIMA) da Universidade Federal do Paran\u00e1 (UFPR), este servi\u00e7o objetiva contribuir com as a\u00e7\u00f5es emergenciais de enfrentamento \u00e0 pandemia do novo coronav\u00edrus (SARS-CoV-2) atrav\u00e9s de um sistema que alerta para a forma\u00e7\u00e3o de condi\u00e7\u00f5es clim\u00e1ticas favor\u00e1veis \u00e0 sua transmiss\u00e3o no Estado do Paran\u00e1. Este boletim ter\u00e1 periodicidade [&hellip;]<\/p>\n","protected":false},"author":1318,"featured_media":0,"parent":0,"menu_order":0,"comment_status":"closed","ping_status":"closed","template":"","meta":{"footnotes":""},"class_list":["post-1675","page","type-page","status-publish","hentry"],"_links":{"self":[{"href":"https:\/\/terra.ufpr.br\/laboclima\/wp-json\/wp\/v2\/pages\/1675"}],"collection":[{"href":"https:\/\/terra.ufpr.br\/laboclima\/wp-json\/wp\/v2\/pages"}],"about":[{"href":"https:\/\/terra.ufpr.br\/laboclima\/wp-json\/wp\/v2\/types\/page"}],"author":[{"embeddable":true,"href":"https:\/\/terra.ufpr.br\/laboclima\/wp-json\/wp\/v2\/users\/1318"}],"replies":[{"embeddable":true,"href":"https:\/\/terra.ufpr.br\/laboclima\/wp-json\/wp\/v2\/comments?post=1675"}],"version-history":[{"count":458,"href":"https:\/\/terra.ufpr.br\/laboclima\/wp-json\/wp\/v2\/pages\/1675\/revisions"}],"predecessor-version":[{"id":7007,"href":"https:\/\/terra.ufpr.br\/laboclima\/wp-json\/wp\/v2\/pages\/1675\/revisions\/7007"}],"wp:attachment":[{"href":"https:\/\/terra.ufpr.br\/laboclima\/wp-json\/wp\/v2\/media?parent=1675"}],"curies":[{"name":"wp","href":"https:\/\/api.w.org\/{rel}","templated":true}]}}