{"id":2665,"date":"2020-09-29T23:59:41","date_gmt":"2020-09-30T02:59:41","guid":{"rendered":"https:\/\/terra.ufpr.br\/laboclima\/?page_id=2665"},"modified":"2026-02-06T16:40:36","modified_gmt":"2026-02-06T19:40:36","slug":"projeto-nimbus","status":"publish","type":"page","link":"https:\/\/terra.ufpr.br\/laboclima\/projeto-nimbus\/","title":{"rendered":"PROJETO NIMBUS &#8211; A Esta\u00e7\u00e3o Meteorol\u00f3gica como ferramenta para Ensino, Pesquisa e Extens\u00e3o"},"content":{"rendered":"\n<p><strong>PROJETO NIMBUS: <em>A Esta\u00e7\u00e3o Meteorol\u00f3gica como ferramenta para Ensino, Pesquisa e Extens\u00e3o<\/em><\/strong><\/p>\n\n\n\n<figure class=\"wp-block-embed aligncenter is-type-video is-provider-youtube wp-block-embed-youtube wp-embed-aspect-16-9 wp-has-aspect-ratio\"><div class=\"wp-block-embed__wrapper\">\n<iframe loading=\"lazy\" title=\"O Projeto Nimbus\" width=\"500\" height=\"281\" src=\"https:\/\/www.youtube.com\/embed\/alEnQqm3Wv0?feature=oembed\" frameborder=\"0\" allow=\"accelerometer; autoplay; clipboard-write; encrypted-media; gyroscope; picture-in-picture; web-share\" referrerpolicy=\"strict-origin-when-cross-origin\" allowfullscreen><\/iframe>\n<\/div><\/figure>\n\n\n\n<p>O Projeto Nimbus \u00e9 um Projeto de Extens\u00e3o vinculado ao Laborat\u00f3rio de Climatologia (LaboClima) da Universidade Federal do Paran\u00e1 (UFPR), que tem por finalidade apresentar a import\u00e2ncia da observa\u00e7\u00e3o meteorol\u00f3gica para o desenvolvimento da sociedade. Nesse sentido, o projeto visa organizar e incentivar a realiza\u00e7\u00e3o de excurs\u00f5es did\u00e1ticas e visitas supervisionadas no <em>campus <\/em>Centro Polit\u00e9cnico da UFPR, dando a oportunidade para estudantes de diversos n\u00edveis de Curitiba e Regi\u00e3o Metropolitana visitarem uma Esta\u00e7\u00e3o Meteorol\u00f3gica, o Laborat\u00f3rio de Climatologia e participarem de atividades educativas e l\u00fadicas, orientadas por monitores vinculados ao Projeto (bolsistas e volunt\u00e1rios). <br><\/p>\n\n\n\n<p>Durante essas visitas, os monitores t\u00eam como objetivo principal abordar aspectos fundamentais da meteorologia e climatologia, expondo e lidando na pr\u00e1tica com equipamentos meteorol\u00f3gicos modernos utilizados para a medi\u00e7\u00e3o do tempo atmosf\u00e9rico, bem como os que j\u00e1 se tornaram obsoletos com o advento de novas tecnologias (<em>Mini Museu de Meteorologia<\/em>). A ideia \u00e9 oferecer uma vis\u00e3o b\u00e1sica do funcionamento de uma Esta\u00e7\u00e3o Meteorol\u00f3gica, do processo de coleta de dados e do tratamento das informa\u00e7\u00f5es coletadas. Vale destacar que a educa\u00e7\u00e3o clim\u00e1tica, inserida no contexto da educa\u00e7\u00e3o ambiental, norteia o roteiro de atividades previstas para o Projeto Nimbus, e a partir de 2022 tem ampliado sua atua\u00e7\u00e3o e vem realizando a\u00e7\u00f5es de extens\u00e3o universit\u00e1ria em institui\u00e7\u00f5es de ensino de Curitiba e Regi\u00e3o Metropolitana, a exemplo de aulas tem\u00e1ticas, palestras e oficinas did\u00e1tico-pedag\u00f3gicas.<\/p>\n\n\n\n<p>Nesse cen\u00e1rio, esta p\u00e1gina vem para facilitar a divulga\u00e7\u00e3o e o acesso \u00e0s informa\u00e7\u00f5es sobre o Nimbus. Atualmente ele \u00e9 dividido em dois projetos que encontra-se em desenvolvimento na UFPR:<\/p>\n\n\n\n<p><strong>1)<\/strong> O Projeto de Extens\u00e3o &#8220;A Esta\u00e7\u00e3o Meteorol\u00f3gica como ferramenta para Ensino, Pesquisa e Extens\u00e3o&#8221;, que teve in\u00edcio em fevereiro de 2020 e adotou posteriormente a denomina\u00e7\u00e3o Projeto Nimbus (2024) \u2013 do latim, Nuvem de Chuva (PEX-00001139 &#8211; <a href=\"http:\/\/www.proec.ufpr.br\/\" data-type=\"link\" data-id=\"http:\/\/www.proec.ufpr.br\/\">PROEC-UFPR<\/a>);<\/p>\n\n\n\n<p><strong>2)<\/strong> &#8220;Nimbus na Educa\u00e7\u00e3o B\u00e1sica: o ensino do Clima da teoria \u00e0 pr\u00e1tica&#8221;, Projeto de Ensino vinculado ao Programa Licenciar 2024 (<a href=\"http:\/\/www.prograd.ufpr.br\/portal\/\" data-type=\"link\" data-id=\"http:\/\/www.prograd.ufpr.br\/portal\/\">PROGRAD-UFPR<\/a>).<\/p>\n\n\n<div class=\"wp-block-image\">\n<figure class=\"aligncenter is-resized\"><img loading=\"lazy\" decoding=\"async\" width=\"1024\" height=\"995\" src=\"https:\/\/terra.ufpr.br\/laboclima\/wp-content\/uploads\/sites\/3\/2021\/05\/nimbus-1024x995.png\" alt=\"\" class=\"wp-image-3582\" style=\"aspect-ratio:1.0334928229665072;width:216px;height:auto\" srcset=\"https:\/\/terra.ufpr.br\/laboclima\/wp-content\/uploads\/sites\/3\/2021\/05\/nimbus-1024x995.png 1024w, https:\/\/terra.ufpr.br\/laboclima\/wp-content\/uploads\/sites\/3\/2021\/05\/nimbus-300x292.png 300w, https:\/\/terra.ufpr.br\/laboclima\/wp-content\/uploads\/sites\/3\/2021\/05\/nimbus-768x746.png 768w, https:\/\/terra.ufpr.br\/laboclima\/wp-content\/uploads\/sites\/3\/2021\/05\/nimbus.png 1708w\" sizes=\"(max-width: 1024px) 100vw, 1024px\" \/><figcaption class=\"wp-element-caption\">    Logo Oficial do Proj. Nimbus<\/figcaption><\/figure><\/div>\n\n\n<p><strong>Localiza\u00e7\u00e3o e Espa\u00e7o<\/strong><\/p>\n\n\n\n<p><\/p>\n\n\n\n<p>Centro Polit\u00e9cnico UFPR<\/p>\n\n\n\n<ul class=\"wp-block-list\">\n<li>Av. Cel. Francisco H. dos Santos, 100 &#8211; Jardim das Am\u00e9ricas, Curitiba \u2013 PR. <a href=\"https:\/\/campusmap.ufpr.br\/map\/php\/index.php\" data-type=\"link\" data-id=\"https:\/\/campusmap.ufpr.br\/map\/php\/index.php\">Acesse o Mapa de Localiza\u00e7\u00e3o<\/a>.<\/li>\n<\/ul>\n\n\n\n<p>O Centro Polit\u00e9cnico da UFPR surgiu da necessidade de consolida\u00e7\u00e3o da expans\u00e3o da universidade ap\u00f3s a sua federaliza\u00e7\u00e3o, logo, foi inaugurado em 1961 em um espa\u00e7o doado pela prefeitura, no bairro Jardim das Am\u00e9ricas (<a href=\"https:\/\/www.ufpr.brufpr\/\">UFPR<\/a>). <\/p>\n\n\n\n<p>O Instituto Nacional de Meteorologia (<a href=\"https:\/.inmet.gov.br\/\">INMET<\/a>), por sua vez, foi criado pelo Decreto 7.672 do presidente Nilo Pe\u00e7anha, em 18 de novembro de 1909, com o nome de Diretoria de Meteorologia e Astronomia, passando por v\u00e1rias denomina\u00e7\u00f5es at\u00e9 chegar a Instituto Nacional de Meteorologia (Lei 8.490, de 19 de novembro de 1992).  A Esta\u00e7\u00e3o Meteorol\u00f3gica de CURITIBA &#8211; PR, do INMET, fica situada no Centro Polit\u00e9cnico da Universidade Federal do Paran\u00e1 (Latitude: \u201325.45; Longitude: \u201349.23; Altitude: 923 metros).<\/p>\n\n\n\n<p>E por \u00faltimo, o Laborat\u00f3rio de Climatologia (LABOCLIMA), pertencente ao departamento de Geografia da Universidade Federal do Paran\u00e1, vem desde 1990 desenvolvendo atividades de ensino, pesquisa e extens\u00e3o relacionados \u00e0 intera\u00e7\u00e3o entre o clima e as atividades humanas (<a href=\"https:\/\/terra.ufpr.br\/laboclima\/\">LABOCLIMA<\/a>). <br><\/p>\n\n\n\n<p><\/p>\n\n\n\n<p><strong>Agendamento de visitas<\/strong><\/p>\n\n\n\n<p>O contato com membros do Projeto e o agendamento de visitas poder\u00e1 ser feito por e-mail ou de forma presencial no LaboClima\/UFPR. <br>  <\/p>\n\n\n\n<p><\/p>\n\n\n\n<p><strong>Fale Conosco<\/strong><\/p>\n\n\n\n<p>Redes Sociais: <a href=\"https:\/\/www.facebook.com\/projetonimbus\">Facebook<\/a> e <a href=\"https:\/\/www.instagram.com\/projeto.nimbus\">Instagram\ufeff<\/a><\/p>\n\n\n\n<p>E-mail do Projeto: <a href=\"mailto:laboclima@ufpr.br\">laboclima@ufpr.br<\/a> ou <a href=\"estacao@ufpr.br\">estacao@ufpr.br<\/a><\/p>\n\n\n\n<p>Telefone:  +55 (41) 3267-5176 (<em>temporariamente indispon\u00edvel<\/em>).<\/p>\n","protected":false},"excerpt":{"rendered":"<p>PROJETO NIMBUS: A Esta\u00e7\u00e3o Meteorol\u00f3gica como ferramenta para Ensino, Pesquisa e Extens\u00e3o O Projeto Nimbus \u00e9 um Projeto de Extens\u00e3o vinculado ao Laborat\u00f3rio de Climatologia (LaboClima) da Universidade Federal do Paran\u00e1 (UFPR), que tem por finalidade apresentar a import\u00e2ncia da observa\u00e7\u00e3o meteorol\u00f3gica para o desenvolvimento da sociedade. Nesse sentido, o projeto visa organizar e incentivar [&hellip;]<\/p>\n","protected":false},"author":1324,"featured_media":3594,"parent":0,"menu_order":0,"comment_status":"closed","ping_status":"closed","template":"","meta":{"footnotes":""},"class_list":["post-2665","page","type-page","status-publish","has-post-thumbnail","hentry"],"_links":{"self":[{"href":"https:\/\/terra.ufpr.br\/laboclima\/wp-json\/wp\/v2\/pages\/2665"}],"collection":[{"href":"https:\/\/terra.ufpr.br\/laboclima\/wp-json\/wp\/v2\/pages"}],"about":[{"href":"https:\/\/terra.ufpr.br\/laboclima\/wp-json\/wp\/v2\/types\/page"}],"author":[{"embeddable":true,"href":"https:\/\/terra.ufpr.br\/laboclima\/wp-json\/wp\/v2\/users\/1324"}],"replies":[{"embeddable":true,"href":"https:\/\/terra.ufpr.br\/laboclima\/wp-json\/wp\/v2\/comments?post=2665"}],"version-history":[{"count":58,"href":"https:\/\/terra.ufpr.br\/laboclima\/wp-json\/wp\/v2\/pages\/2665\/revisions"}],"predecessor-version":[{"id":6925,"href":"https:\/\/terra.ufpr.br\/laboclima\/wp-json\/wp\/v2\/pages\/2665\/revisions\/6925"}],"wp:featuredmedia":[{"embeddable":true,"href":"https:\/\/terra.ufpr.br\/laboclima\/wp-json\/wp\/v2\/media\/3594"}],"wp:attachment":[{"href":"https:\/\/terra.ufpr.br\/laboclima\/wp-json\/wp\/v2\/media?parent=2665"}],"curies":[{"name":"wp","href":"https:\/\/api.w.org\/{rel}","templated":true}]}}