{"id":326,"date":"2018-02-08T17:28:45","date_gmt":"2018-02-08T19:28:45","guid":{"rendered":"https:\/\/terra.ufpr.br\/laboclima\/?page_id=326"},"modified":"2025-10-20T16:50:04","modified_gmt":"2025-10-20T19:50:04","slug":"noticias","status":"publish","type":"page","link":"https:\/\/terra.ufpr.br\/laboclima\/noticias\/","title":{"rendered":"Not\u00edcias"},"content":{"rendered":"\n<p><strong>17\/10\/2025 &#8211;<\/strong> <a href=\"https:\/\/terra.ufpr.br\/laboclima\/2025\/10\/17\/xvii-sbcg-2027-proxima-edicao-do-simposio-sera-em-florianopolis\/\" data-type=\"link\" data-id=\"https:\/\/terra.ufpr.br\/laboclima\/2025\/10\/17\/xvii-sbcg-2027-proxima-edicao-do-simposio-sera-em-florianopolis\/\">XVII SBCG \u2013 2027: pr\u00f3xima edi\u00e7\u00e3o do Simp\u00f3sio ser\u00e1 em Florian\u00f3polis!<\/a><\/p>\n\n\n\n<p><strong>20\/03\/2025 &#8211;<\/strong> <a href=\"https:\/\/terra.ufpr.br\/laboclima\/2025\/03\/20\/xvi-simposio-brasileiro-de-climatologia-geografica\/\" data-type=\"link\" data-id=\"https:\/\/terra.ufpr.br\/laboclima\/2025\/03\/20\/xvi-simposio-brasileiro-de-climatologia-geografica\/\">XVI Simp\u00f3sio Brasileiro de Climatologia Geogr\u00e1fica<\/a><\/p>\n\n\n\n<p><strong>29\/05\/2023 &#8211;<\/strong> <a href=\"https:\/\/terra.ufpr.br\/laboclima\/2023\/05\/29\/super-live-do-genat-dia-do-geografo\/\" data-type=\"link\" data-id=\"https:\/\/terra.ufpr.br\/laboclima\/2023\/05\/29\/super-live-do-genat-dia-do-geografo\/\">Super Live do GENAT \u2013 Dia do Ge\u00f3grafo<\/a><\/p>\n\n\n\n<p><strong>27\/02\/2023 &#8211; <\/strong><a href=\"https:\/\/terra.ufpr.br\/laboclima\/2023\/02\/27\/prorrogacao-de-prazo-submissao-de-trabalhos-ate-o-dia-30-03-2023\/\" data-type=\"link\" data-id=\"https:\/\/terra.ufpr.br\/laboclima\/2023\/02\/27\/prorrogacao-de-prazo-submissao-de-trabalhos-ate-o-dia-30-03-2023\/\">Prorroga\u00e7\u00e3o de Prazo: Submiss\u00e3o de Trabalhos no XV SBCG at\u00e9 o dia 30\/03\/2023!<\/a><\/p>\n\n\n\n<p><strong>14\/09\/2022 &#8211; <\/strong><a href=\"https:\/\/terra.ufpr.br\/laboclima\/2022\/09\/14\/prepara-enanppas-mesa-redonda-com-o-tema-das-mudancas-a-emergencia-climatica\/\" data-type=\"link\" data-id=\"https:\/\/terra.ufpr.br\/laboclima\/2022\/09\/14\/prepara-enanppas-mesa-redonda-com-o-tema-das-mudancas-a-emergencia-climatica\/\">\u201cPrepara ENANPPAS\u201d \u2013 Mesa Redonda com o tema: Das Mudan\u00e7as \u00e0 Emerg\u00eancia Clim\u00e1tica<\/a><\/p>\n\n\n\n<p><strong>08\/06\/2022 &#8211;<\/strong> <a href=\"https:\/\/terra.ufpr.br\/laboclima\/2022\/06\/08\/evento-ii-ciclo-de-palestras-sobre-sustentabilidade\/\" data-type=\"link\" data-id=\"https:\/\/terra.ufpr.br\/laboclima\/2022\/06\/08\/evento-ii-ciclo-de-palestras-sobre-sustentabilidade\/\">Evento: \u201cII Ciclo de Palestras Sobre Sustentabilidade\u201d<\/a><\/p>\n\n\n\n<p><strong>01\/06\/2022 &#8211;<\/strong> <a href=\"https:\/\/terra.ufpr.br\/laboclima\/2022\/06\/01\/lancamento-do-napi-emergencia-climatica-06-06-2022\/\" data-type=\"link\" data-id=\"https:\/\/terra.ufpr.br\/laboclima\/2022\/06\/01\/lancamento-do-napi-emergencia-climatica-06-06-2022\/\">Lan\u00e7amento do NAPI Emerg\u00eancia Clim\u00e1tica \u2013 06\/06\/2022<\/a><\/p>\n\n\n\n<p><strong>18\/04\/2022 &#8211;<\/strong> <a href=\"https:\/\/terra.ufpr.br\/laboclima\/2022\/04\/18\/primeira-circular-do-xv-sbcg\/\" data-type=\"link\" data-id=\"https:\/\/terra.ufpr.br\/laboclima\/2022\/04\/18\/primeira-circular-do-xv-sbcg\/\">Primeira Circular do XV SBCG<\/a><\/p>\n\n\n\n<p><strong>16\/11\/2021 &#8211;<\/strong> <a href=\"https:\/\/terra.ufpr.br\/laboclima\/2021\/11\/16\/evento-gisday-2021-a-contribuicao-dos-sigs-para-a-analise-da-crise-hidrica-brasileira\/\" data-type=\"link\" data-id=\"https:\/\/terra.ufpr.br\/laboclima\/2021\/11\/16\/evento-gisday-2021-a-contribuicao-dos-sigs-para-a-analise-da-crise-hidrica-brasileira\/\">Evento: \u201cGisDay 2021 | A contribui\u00e7\u00e3o dos SIG\u00b4s para a an\u00e1lise da crise h\u00eddrica brasileira\u201d<\/a><\/p>\n\n\n\n<p><strong>22\/09\/2021 &#8211; <\/strong><a href=\"https:\/\/terra.ufpr.br\/laboclima\/2021\/09\/22\/evento-hora-feliz-da-geografia-riscos-hidricos-concepcoes-e-perspectivas-socioambientais\/\" data-type=\"link\" data-id=\"https:\/\/terra.ufpr.br\/laboclima\/2021\/09\/22\/evento-hora-feliz-da-geografia-riscos-hidricos-concepcoes-e-perspectivas-socioambientais\/\">Evento: \u201cHora Feliz da Geografia \u2013 Riscos H\u00eddricos: Concep\u00e7\u00f5es e Perspectivas Socioambientais\u201d<\/a><\/p>\n\n\n\n<p><strong>18\/08\/2021 &#8211; <\/strong><a href=\"https:\/\/terra.ufpr.br\/laboclima\/2021\/08\/18\/live-gestao-de-riscos-em-areas-urbanas\/\" data-type=\"link\" data-id=\"https:\/\/terra.ufpr.br\/laboclima\/2021\/08\/18\/live-gestao-de-riscos-em-areas-urbanas\/\">Live: \u201cGest\u00e3o de Riscos em \u00c1reas Urbanas\u201d<\/a><\/p>\n\n\n\n<p><strong>01\/07\/2021 &#8211;<\/strong> <a href=\"https:\/\/terra.ufpr.br\/laboclima\/2021\/07\/01\/roda-de-conversa-mudancas-climaticas-e-desafios-socioambientais-presentes-e-futuros\/\" data-type=\"link\" data-id=\"https:\/\/terra.ufpr.br\/laboclima\/2021\/07\/01\/roda-de-conversa-mudancas-climaticas-e-desafios-socioambientais-presentes-e-futuros\/\">Roda de Conversa: \u201cMudan\u00e7as clim\u00e1ticas e desafios socioambientais presentes e futuros\u201d<\/a><\/p>\n\n\n\n<p><strong>30\/06\/2021 &#8211; <\/strong><a href=\"https:\/\/terra.ufpr.br\/laboclima\/2021\/06\/30\/reportagem-seca-historica-curitiba-pr-convive-ha-um-ano-com-rodizio-no-fornecimento-de-agua\/\" data-type=\"link\" data-id=\"https:\/\/terra.ufpr.br\/laboclima\/2021\/06\/30\/reportagem-seca-historica-curitiba-pr-convive-ha-um-ano-com-rodizio-no-fornecimento-de-agua\/\">Reportagem: \u201cSeca Hist\u00f3rica: Curitiba (PR) convive h\u00e1 um ano com rod\u00edzio no fornecimento de \u00e1gua\u201d<\/a><\/p>\n\n\n<p><strong>19\/05\/2021 &#8211;\u00a0<\/strong><a href=\"https:\/\/terra.ufpr.br\/laboclima\/2021\/05\/19\/reportagem-ufpr-firma-acordo-de-cooperacao-para-funcionamento-da-estacao-meteorologica-no-centro-politecnico\/\">Reportagem: \u201cUFPR firma acordo de coopera\u00e7\u00e3o para funcionamento da esta\u00e7\u00e3o meteorol\u00f3gica no Centro Polit\u00e9cnico\u201d<\/a><\/p>\n<p><strong>14\/04\/2021 &#8211;<\/strong>\u00a0<a href=\"https:\/\/terra.ufpr.br\/laboclima\/2021\/04\/14\/reportagem-frio-pode-aumentar-risco-de-transmissao-da-covid-19-alertam-especialistas-rpc-globoplay\/\">Reportagem: \u201cFrio pode aumentar risco de transmiss\u00e3o da Covid-19, alertam especialistas\u201d (RPC\/Globoplay)<\/a><\/p>\n<p><strong>13\/04\/2021 &#8211;\u00a0<\/strong><a href=\"https:\/\/terra.ufpr.br\/laboclima\/2021\/04\/13\/reportagem-ufpr-apresenta-a-equipe-da-gestao-2020-2024-em-cerimonia-virtual\/\">Reportagem: \u201cUFPR apresenta a equipe da gest\u00e3o 2020-2024 em cerim\u00f4nia virtual\u201d<\/a><\/p>\n<p style=\"text-align: justify\"><strong>27\/08\/2020 &#8211;<\/strong>\u00a0<a href=\"https:\/\/terra.ufpr.br\/laboclima\/2020\/08\/27\/materia-do-estudio-c-ocorrencia-de-neve-no-estado-do-parana-e-na-capital-curitiba-rpc-globoplay\/\">Mat\u00e9ria do \u2018Est\u00fadio C\u2019: Ocorr\u00eancia de neve no Estado do Paran\u00e1 e na capital Curitiba (RPC\/Globoplay)<\/a><\/p>\n<p style=\"text-align: justify\"><strong>24\/07\/2020 &#8211;<\/strong> <a href=\"https:\/\/terra.ufpr.br\/laboclima\/2020\/07\/24\/extensao-e-cultura-sistema-criado-pelo-laboclima-da-ufpr-alerta-sobre-tempo-que-favorece-novo-coronavirus-no-parana\/\">Extens\u00e3o e Cultura: \u201cSistema criado pelo LaboClima da UFPR alerta sobre tempo que favorece novo coronav\u00edrus no Paran\u00e1\u201d<\/a><\/p>\n<p style=\"text-align: justify\"><strong>24\/07\/2020 &#8211;<\/strong> <a href=\"https:\/\/terra.ufpr.br\/laboclima\/2020\/07\/24\/reportagem-ciclone-bomba-entenda-como-acontece-o-fenomeno\/\">Reportagem: \u201cCiclone Bomba: entenda como acontece o fen\u00f4meno\u201d<\/a><\/p>\n<p style=\"text-align: justify\"><strong>03\/07\/2020 &#8211;<\/strong> <a href=\"https:\/\/terra.ufpr.br\/laboclima\/2020\/07\/03\/materia-no-bom-dia-sabado-parana-estudo-mostra-que-o-clima-pode-influenciar-a-contaminacao-pelo-coronavirus\/\">Mat\u00e9ria no Bom dia S\u00e1bado \u2013 Paran\u00e1: \u201cEstudo mostra que o clima pode influenciar a contamina\u00e7\u00e3o pelo Coronav\u00edrus\u201d<\/a><\/p>\n<p style=\"text-align: justify\"><strong>23\/05\/2020 &#8211;<\/strong>\u00a0<a href=\"https:\/\/terra.ufpr.br\/laboclima\/2020\/05\/23\/reportagem-reducao-da-poluicao-no-ar-durante-pandemia-convida-a-mudanca-de-comportamento-social\/\">Reportagem: &#8220;Redu\u00e7\u00e3o da polui\u00e7\u00e3o no ar durante pandemia convida \u00e0 mudan\u00e7a de comportamento social&#8221;<\/a><\/p>\n<p style=\"text-align: justify\"><strong>21\/05\/2020 &#8211;<\/strong>\u00a0<a href=\"https:\/\/terra.ufpr.br\/laboclima\/2020\/05\/21\/curitiba-enfrenta-sua-pior-seca-em-40-anos\/\">Reportagem: &#8220;Curitiba enfrenta sua pior seca em 40 anos&#8221;<\/a><\/p>\n<p style=\"text-align: justify\"><strong>11\/04\/2020 &#8211;<\/strong>\u00a0<a href=\"https:\/\/terra.ufpr.br\/laboclima\/2020\/04\/11\/alem-das-oito-reportagem-sobre-o-laboclima-e-publicada-pela-apufpr\/\">Al\u00e9m das Oito: Reportagem sobre o LaboClima \u00e9 publicada pela APUFPR<\/a><\/p>\n<p style=\"text-align: justify\"><strong>23\/03\/2020 &#8211;\u00a0<\/strong><a href=\"https:\/\/terra.ufpr.br\/laboclima\/2020\/03\/23\/suspensao-do-calendario-academico-da-ufpr-e-prorrogada-ate-o-dia-2-de-maio\/\">Suspens\u00e3o do calend\u00e1rio acad\u00eamico da UFPR \u00e9 prorrogada at\u00e9 o dia 2 de maio<\/a><\/p>\n<p style=\"text-align: justify\"><strong>20\/12\/2019 &#8211;<\/strong>\u00a0<a href=\"https:\/\/terra.ufpr.br\/laboclima\/2019\/12\/20\/pesquisadores-da-regiao-sul-realizaram-encontro-sobre-climas-subtropicais-em-curitiba\/\">Pesquisadores da regi\u00e3o Sul realizaram encontro sobre Climas Subtropicais em Curitiba<\/a><\/p>\n<p style=\"text-align: justify\"><strong>13\/12\/2019 &#8211;\u00a0<\/strong><a href=\"https:\/\/terra.ufpr.br\/laboclima\/2019\/12\/13\/escola-de-verao-com-o-tema-riscos-socioambientais-urbanos-completa-quatro-semanas-de-atividades-na-ufpr\/\">Escola de Ver\u00e3o com o tema Riscos Socioambientais Urbanos completa quatro semanas de atividades na UFPR<\/a><\/p>\n<p style=\"text-align: justify\"><strong>04\/11\/2019 &#8211;<\/strong>\u00a0<a href=\"https:\/\/terra.ufpr.br\/laboclima\/2019\/11\/04\/pesquisadores-do-laboclima-realizam-missao-de-pesquisa-na-universidade-de-moncton-canada\/\">Pesquisadores do LaboClima realizam miss\u00e3o de pesquisa na UQ\u00c0M e Universidade de Moncton\/Canad\u00e1<\/a><\/p>\n<p style=\"text-align: justify\"><strong>15\/10\/2019 &#8211;\u00a0<\/strong><a href=\"https:\/\/terra.ufpr.br\/laboclima\/2019\/10\/15\/representantes-da-secretaria-municipal-da-saude-realizam-visita-ao-laboclima\/\">Representantes da Secretaria Municipal da Sa\u00fade realizam visita ao LaboClima<\/a><\/p>\n<p style=\"text-align: justify\"><strong>09\/10\/2019 &#8211;\u00a0<\/strong><a href=\"https:\/\/terra.ufpr.br\/laboclima\/2019\/10\/09\/debate-sobre-as-mudancas-climaticas-globais-na-ufpr-tv\/\">Debate sobre as Mudan\u00e7as Clim\u00e1ticas Globais na UFPR TV<\/a><\/p>\n<p style=\"text-align: justify\"><strong>08\/02\/2018 &#8211;\u00a0<\/strong><a href=\"https:\/\/terra.ufpr.br\/laboclima\/2018\/02\/08\/alunos-de-engenharia-ambiental-realizam-trabalho-de-campo-no-laboratorio-de-climatologia\/\">Alunos de Engenharia Ambiental realizam trabalho de campo no Laborat\u00f3rio de Climatologia<\/a><\/p>\n<p style=\"text-align: justify\"><strong>05\/05\/2017 &#8211;\u00a0<\/strong><a href=\"https:\/\/terra.ufpr.br\/laboclima\/2017\/05\/05\/iiworkshop-nacional\/\">II Workshop nacional na UFPR discute cen\u00e1rios clim\u00e1ticos e a dissemina\u00e7\u00e3o do Aedes aegypti<\/a><\/p>\n\n\n<p><\/p>\n","protected":false},"excerpt":{"rendered":"<p>17\/10\/2025 &#8211; XVII SBCG \u2013 2027: pr\u00f3xima edi\u00e7\u00e3o do Simp\u00f3sio ser\u00e1 em Florian\u00f3polis! 20\/03\/2025 &#8211; XVI Simp\u00f3sio Brasileiro de Climatologia Geogr\u00e1fica 29\/05\/2023 &#8211; Super Live do GENAT \u2013 Dia do Ge\u00f3grafo 27\/02\/2023 &#8211; Prorroga\u00e7\u00e3o de Prazo: Submiss\u00e3o de Trabalhos no XV SBCG at\u00e9 o dia 30\/03\/2023! 14\/09\/2022 &#8211; \u201cPrepara ENANPPAS\u201d \u2013 Mesa Redonda com o [&hellip;]<\/p>\n","protected":false},"author":1324,"featured_media":0,"parent":0,"menu_order":0,"comment_status":"closed","ping_status":"closed","template":"","meta":{"footnotes":""},"class_list":["post-326","page","type-page","status-publish","hentry"],"_links":{"self":[{"href":"https:\/\/terra.ufpr.br\/laboclima\/wp-json\/wp\/v2\/pages\/326"}],"collection":[{"href":"https:\/\/terra.ufpr.br\/laboclima\/wp-json\/wp\/v2\/pages"}],"about":[{"href":"https:\/\/terra.ufpr.br\/laboclima\/wp-json\/wp\/v2\/types\/page"}],"author":[{"embeddable":true,"href":"https:\/\/terra.ufpr.br\/laboclima\/wp-json\/wp\/v2\/users\/1324"}],"replies":[{"embeddable":true,"href":"https:\/\/terra.ufpr.br\/laboclima\/wp-json\/wp\/v2\/comments?post=326"}],"version-history":[{"count":28,"href":"https:\/\/terra.ufpr.br\/laboclima\/wp-json\/wp\/v2\/pages\/326\/revisions"}],"predecessor-version":[{"id":6826,"href":"https:\/\/terra.ufpr.br\/laboclima\/wp-json\/wp\/v2\/pages\/326\/revisions\/6826"}],"wp:attachment":[{"href":"https:\/\/terra.ufpr.br\/laboclima\/wp-json\/wp\/v2\/media?parent=326"}],"curies":[{"name":"wp","href":"https:\/\/api.w.org\/{rel}","templated":true}]}}