{"id":328,"date":"2018-02-08T17:29:20","date_gmt":"2018-02-08T19:29:20","guid":{"rendered":"https:\/\/terra.ufpr.br\/laboclima\/?page_id=328"},"modified":"2025-10-20T16:50:27","modified_gmt":"2025-10-20T19:50:27","slug":"informativos","status":"publish","type":"page","link":"https:\/\/terra.ufpr.br\/laboclima\/informativos\/","title":{"rendered":"Informativos"},"content":{"rendered":"\n<p><strong>17\/10\/2025 &#8211; <\/strong><a href=\"https:\/\/terra.ufpr.br\/laboclima\/2025\/10\/17\/selecao-de-bolsistas-de-mestrado-e-doutorado-no-ppggeo-ufpr-edital-05-2025-propg-sae\/\" data-type=\"link\" data-id=\"https:\/\/terra.ufpr.br\/laboclima\/2025\/10\/17\/selecao-de-bolsistas-de-mestrado-e-doutorado-no-ppggeo-ufpr-edital-05-2025-propg-sae\/\">Sele\u00e7\u00e3o de Bolsistas de Mestrado e Doutorado no PPGGEO\/UFPR (Edital 05\/2025-PROPG\/SAE)<\/a><\/p>\n\n\n\n<p><strong>20\/03\/2025 &#8211;<\/strong> <a href=\"https:\/\/terra.ufpr.br\/laboclima\/2025\/03\/20\/edital-laboclima-001-2025-chamada-para-novos-alunos-2025\/\" data-type=\"link\" data-id=\"https:\/\/terra.ufpr.br\/laboclima\/2025\/03\/20\/edital-laboclima-001-2025-chamada-para-novos-alunos-2025\/\">Edital LABOCLIMA 001-2025 \u2013 Chamada para novos alunos (2025) \u2013 e RESULTADO FINAL<\/a><\/p>\n\n\n\n<p><strong>28\/03\/2024 &#8211;<\/strong> <a href=\"https:\/\/terra.ufpr.br\/laboclima\/2024\/03\/28\/edital-laboclima-2024-chamada-para-novos-alunos-de-extensao-e-licenciar-2024\/\" data-type=\"link\" data-id=\"https:\/\/terra.ufpr.br\/laboclima\/2024\/03\/28\/edital-laboclima-2024-chamada-para-novos-alunos-de-extensao-e-licenciar-2024\/\">Edital Laboclima 2024: Chamada para novos alunos de Extens\u00e3o e Licenciar (2024)<\/a><\/p>\n\n\n\n<p><strong>31\/08\/2023 &#8211; <\/strong><a href=\"https:\/\/terra.ufpr.br\/laboclima\/2023\/08\/31\/estreia-do-canal-do-napi-emergencia-climatica\/\" data-type=\"link\" data-id=\"https:\/\/terra.ufpr.br\/laboclima\/2023\/08\/31\/estreia-do-canal-do-napi-emergencia-climatica\/\">Estreia do Canal do NAPI-Emerg\u00eancia Clim\u00e1tica<\/a><\/p>\n\n\n\n<p><strong>20\/04\/2023 &#8211;<\/strong> <a href=\"https:\/\/terra.ufpr.br\/laboclima\/2023\/04\/20\/edital-2023-extensao-nimbus\/\" data-type=\"link\" data-id=\"https:\/\/terra.ufpr.br\/laboclima\/2023\/04\/20\/edital-2023-extensao-nimbus\/\">Edital 2023 \u2013 Extens\u00e3o (Nimbus)<\/a><\/p>\n\n\n\n<p><strong>14\/04\/2023 &#8211;<\/strong> <a href=\"https:\/\/terra.ufpr.br\/laboclima\/2023\/04\/14\/edital-002-2023-bolsa-ic-napi-emergencia-climatica\/\" data-type=\"link\" data-id=\"https:\/\/terra.ufpr.br\/laboclima\/2023\/04\/14\/edital-002-2023-bolsa-ic-napi-emergencia-climatica\/\">Edital 002-2023 \u2013 Bolsa IC (NAPI \u2013 EMERG\u00caNCIA CLIM\u00c1TICA)<\/a><\/p>\n\n\n\n<p><strong>06\/04\/2023 &#8211;<\/strong> <a href=\"https:\/\/terra.ufpr.br\/laboclima\/2023\/04\/06\/edital-001-2023-bolsa-apoio-tecnico-ii-napi-emergencia-climatica\/\" data-type=\"link\" data-id=\"https:\/\/terra.ufpr.br\/laboclima\/2023\/04\/06\/edital-001-2023-bolsa-apoio-tecnico-ii-napi-emergencia-climatica\/\">Edital 001-2023 \u2013 Bolsa Apoio T\u00e9cnico II (NAPI \u2013 EMERG\u00caNCIA CLIM\u00c1TICA)<\/a><\/p>\n\n\n\n<p><strong>03\/04\/2023 &#8211;<\/strong> <a href=\"https:\/\/terra.ufpr.br\/laboclima\/2023\/04\/03\/edital-2023-licenciar\/\" data-type=\"link\" data-id=\"https:\/\/terra.ufpr.br\/laboclima\/2023\/04\/03\/edital-2023-licenciar\/\">Edital 2023 \u2013 Licenciar<\/a><\/p>\n\n\n\n<p><strong>18\/04\/2022 &#8211;<\/strong> <a href=\"https:\/\/terra.ufpr.br\/laboclima\/2022\/04\/18\/chamada-edital-de-selecao-de-extensao-no-laboclima-prazo-20-04-2022-10hrs\/\" data-type=\"link\" data-id=\"https:\/\/terra.ufpr.br\/laboclima\/2022\/04\/18\/chamada-edital-de-selecao-de-extensao-no-laboclima-prazo-20-04-2022-10hrs\/\">Chamada: Edital de Sele\u00e7\u00e3o de Extens\u00e3o no LaboClima (Prazo: 20\/04\/2022 \u2013 10hrs)<\/a><\/p>\n\n\n\n<p><strong>30\/03\/2022 &#8211;<\/strong> <a href=\"https:\/\/terra.ufpr.br\/laboclima\/2022\/03\/30\/edital-2022-licenciar\/\" data-type=\"link\" data-id=\"https:\/\/terra.ufpr.br\/laboclima\/2022\/03\/30\/edital-2022-licenciar\/\">Edital 2022 \u2013 Licenciar<\/a><\/p>\n\n\n\n<p><strong>01\/09\/2021 &#8211; <\/strong><a href=\"https:\/\/terra.ufpr.br\/laboclima\/2021\/09\/01\/chamada-extensao-e-ou-iniciacao-cientifica-no-laboclima-prazo-03-09-2021\/\" data-type=\"link\" data-id=\"https:\/\/terra.ufpr.br\/laboclima\/2021\/09\/01\/chamada-extensao-e-ou-iniciacao-cientifica-no-laboclima-prazo-03-09-2021\/\">Chamada: Extens\u00e3o e\/ou Inicia\u00e7\u00e3o Cient\u00edfica no LaboClima (Prazo: 03\/09\/2021)<\/a><\/p>\n\n\n\n<p><strong>12\/07\/2021 &#8211; <\/strong><a href=\"https:\/\/terra.ufpr.br\/laboclima\/2021\/07\/12\/curso-de-extensao-a-dinamica-espacial-e-temporal-da-covid-19\/\" data-type=\"link\" data-id=\"https:\/\/terra.ufpr.br\/laboclima\/2021\/07\/12\/curso-de-extensao-a-dinamica-espacial-e-temporal-da-covid-19\/\">Curso de Extens\u00e3o: A Din\u00e2mica Espacial e Temporal da COVID-19<\/a><\/p>\n\n\n\n<p><strong>22\/06\/2021<\/strong> <strong>&#8211;<\/strong> <a href=\"https:\/\/terra.ufpr.br\/laboclima\/2021\/06\/22\/edital-2021-extensao\/\" data-type=\"link\" data-id=\"https:\/\/terra.ufpr.br\/laboclima\/2021\/06\/22\/edital-2021-extensao\/\">Edital 2021 &#8211; Extens\u00e3o<\/a><\/p>\n\n\n<p><strong>21\/05\/2021 &#8211;<\/strong>\u00a0<a href=\"https:\/\/terra.ufpr.br\/laboclima\/2021\/05\/21\/comemoracao-ao-dia-do-geografo-super-live-do-genat\/\">Comemora\u00e7\u00e3o ao Dia do Ge\u00f3grafo: super live do GENAT<\/a><\/p>\n<p><strong>28\/02\/2021 &#8211;<\/strong> <a href=\"https:\/\/terra.ufpr.br\/laboclima\/2021\/02\/28\/seminario-perspectivas-da-pesquisa-e-da-pos-graduacao-no-brasil\/\">Semin\u00e1rio: \u201cPerspectivas da Pesquisa e da P\u00f3s-Gradua\u00e7\u00e3o no Brasil\u201d<\/a><\/p>\n<p><strong>03\/12\/2020 &#8211;<\/strong>\u00a0<a href=\"https:\/\/terra.ufpr.br\/laboclima\/2020\/12\/03\/camafeu-geografico-gestao-de-riscos-e-desastres-hidrologicos\/\">CAMAFEU GEOGR\u00c1FICO: Gest\u00e3o de Riscos e Desastres Hidrol\u00f3gicos<\/a><\/p>\n<p style=\"text-align: justify\"><strong>02\/12\/2020 &#8211;<\/strong> <a href=\"https:\/\/terra.ufpr.br\/laboclima\/2020\/12\/02\/mesa-redonda-live-os-conhecimentos-populares-e-sua-viabilidade-no-ensino\/\">Mesa Redonda (Live): \u201cOs Conhecimentos Populares e sua viabilidade no ensino\u201d<\/a><\/p>\n<p style=\"text-align: justify\"><strong>22\/10\/2020 &#8211;<\/strong>\u00a0<a href=\"https:\/\/terra.ufpr.br\/laboclima\/2020\/10\/22\/live-as-relacoes-entre-o-clima-e-a-difusao-da-covid-19\/\">LIVE: \u201cAs rela\u00e7\u00f5es entre o clima e a difus\u00e3o da Covid-19\u201d<\/a><\/p>\n<p style=\"text-align: justify\"><strong>08\/10\/2020 &#8211;\u00a0<\/strong><a href=\"https:\/\/terra.ufpr.br\/laboclima\/2020\/10\/08\/live-minha-historia\/\">LIVE: \u201cMinha Hist\u00f3ria\u201d<\/a><\/p>\n<p style=\"text-align: justify\"><strong>27\/08\/2020 &#8211;<\/strong> <a href=\"https:\/\/terra.ufpr.br\/laboclima\/2020\/08\/27\/ciclo-de-conversas-geograficas-geografia-ufpr\/\">Ciclo de Conversas Geogr\u00e1ficas (Geografia UFPR)<\/a><\/p>\n<p style=\"text-align: justify\"><strong>25\/08\/2020 &#8211;<\/strong> <a href=\"https:\/\/terra.ufpr.br\/laboclima\/2020\/08\/25\/quintas-geograficas-novas-perspectivas-e-abordagens-na-climatologia\/\">Quintas Geogr\u00e1ficas: \u201cNovas Perspectivas e Abordagens na Climatologia\u201d<\/a><\/p>\n<p style=\"text-align: justify\"><strong>03\/07\/2020 &#8211;<\/strong> <a href=\"https:\/\/terra.ufpr.br\/laboclima\/2020\/07\/03\/mesa-redonda-natureza-espaco-e-sociedade-em-tempos-de-crise\/\">Mesa Redonda: \u201cNatureza, Espa\u00e7o e Sociedade em tempos de crise\u201d<\/a><\/p>\n<p style=\"text-align: justify\"><strong>03\/07\/2020 &#8211;<\/strong>\u00a0<a href=\"https:\/\/terra.ufpr.br\/laboclima\/2020\/07\/03\/programa-bdf-onze-e-meia-os-efeitos-da-privatizacao-da-agua-e-da-energia-no-parana\/\">Programa BDF Onze e Meia: \u201cOs efeitos da privatiza\u00e7\u00e3o da \u00e1gua e da energia no Paran\u00e1\u201d<\/a><\/p>\n<p style=\"text-align: justify\"><strong>28\/06\/2020 &#8211;\u00a0<\/strong><a href=\"https:\/\/terra.ufpr.br\/laboclima\/2020\/06\/28\/live-um-classico-da-geografia-carlos-augusto-de-figueiredo-monteiro\/\">LIVE: \u201cUm cl\u00e1ssico da Geografia \u2013 CARLOS AUGUSTO DE FIGUEIREDO MONTEIRO\u201d<\/a><\/p>\n<p style=\"text-align: justify\"><strong>24\/06\/2020 &#8211;<\/strong>\u00a0<a href=\"https:\/\/terra.ufpr.br\/laboclima\/2020\/06\/24\/live-geografia-socioambiental\/\">LIVE: \u201cGeografia Socioambiental\u201d<\/a><\/p>\n<p style=\"text-align: justify\"><strong>19\/06\/2020 &#8211;<\/strong>\u00a0<a href=\"https:\/\/terra.ufpr.br\/laboclima\/2020\/06\/19\/consulta-on-line-sobre-mudancas-climaticas-em-curitiba\/\">Consulta On-line sobre Mudan\u00e7as Clim\u00e1ticas em Curitiba<\/a><\/p>\n<p style=\"text-align: justify\"><strong>12\/06\/2020 &#8211;<\/strong>\u00a0<a href=\"https:\/\/terra.ufpr.br\/laboclima\/2020\/06\/12\/live-as-vulnerabilidades-socioambientais-no-brasil\/\">LIVE: &#8220;As vulnerabilidades socioambientais no Brasil&#8221;<\/a><\/p>\n<p style=\"text-align: justify\"><strong>08\/06\/2020 &#8211;\u00a0<\/strong><a href=\"https:\/\/terra.ufpr.br\/laboclima\/2020\/06\/08\/live-a-saude-publica-em-tempos-de-pandemia\/\">LIVE: \u201cA Sa\u00fade P\u00fablica em tempos de Pandemia\u201d<\/a><\/p>\n<p style=\"text-align: justify\"><strong>06\/06\/2020 &#8211;<\/strong> <a href=\"https:\/\/terra.ufpr.br\/laboclima\/2020\/06\/06\/edital-de-selecao-discente-extensao\/\">Edital de Sele\u00e7\u00e3o Discente \u2013 Extens\u00e3o<\/a><\/p>\n<p style=\"text-align: justify\"><strong>28\/05\/2020 &#8211;<\/strong><a href=\"https:\/\/terra.ufpr.br\/laboclima\/2020\/05\/28\/resultado-final-da-chamada-para-iniciacao-cientifica-no-laboclima-ufpr\/\"> Resultado Final da Chamada para Inicia\u00e7\u00e3o Cient\u00edfica no LaboClima\/UFPR<\/a><\/p>\n<p style=\"text-align: justify\"><strong>22\/05\/2020 &#8211;\u00a0<\/strong><a href=\"https:\/\/terra.ufpr.br\/laboclima\/2020\/05\/22\/resultado-da-primeira-etapa-iniciacao-cientifica-no-laboclima-ufpr\/\">Resultado da Primeira Etapa \u2013 Inicia\u00e7\u00e3o Cient\u00edfica no LaboClima\/UFPR<\/a><\/p>\n<p style=\"text-align: justify\"><strong>20\/05\/2020 &#8211;<\/strong> <a href=\"https:\/\/terra.ufpr.br\/laboclima\/2020\/05\/20\/live-dengue-no-meio-de-uma-pandemia-como-fica-a-epidemia\/\">LIVE: \u201cDengue: no meio de uma pandemia como fica a epidemia?\u201d<\/a><\/p>\n<p style=\"text-align: justify\"><strong>13\/05\/2020 &#8211;<\/strong> <a href=\"https:\/\/terra.ufpr.br\/laboclima\/2020\/05\/13\/chamada-iniciacao-cientifica-no-laboclima-prazo-21-05-2020\/\">Chamada: Inicia\u00e7\u00e3o Cient\u00edfica no LaboClima (Prazo: 21\/05\/2020)<\/a><\/p>\n<p style=\"text-align: justify\"><strong>13\/05\/2020 &#8211;<\/strong> <a href=\"https:\/\/terra.ufpr.br\/laboclima\/2020\/05\/13\/live-dia-do-geografo\/\">LIVE: \u201cDia Do Ge\u00f3grafo\u201d<\/a><\/p>\n<p style=\"text-align: justify\"><strong>13\/04\/2020 &#8211;<\/strong>\u00a0<a href=\"https:\/\/terra.ufpr.br\/laboclima\/2020\/04\/13\/live-doencas-tropicais-meio-ambiente-mudancas-climaticas\/\">LIVE: &#8220;Doen\u00e7as Tropicais, Meio Ambiente &amp; Mudan\u00e7as Clim\u00e1ticas&#8221;<\/a><\/p>\n<p style=\"text-align: justify\"><strong>07\/04\/2020 &#8211;<\/strong> <a href=\"https:\/\/terra.ufpr.br\/laboclima\/2020\/04\/07\/live-geografia-climatologia-e-epidemiologia\/\">LIVE: &#8220;Geografia, Climatologia e Epidemiologia&#8221;<\/a><\/p>\n<p style=\"text-align: justify\"><strong>23\/03\/2020 &#8211;<\/strong>\u00a0<a href=\"https:\/\/terra.ufpr.br\/laboclima\/2020\/03\/23\/prorrogado-o-prazo-de-envio-de-trabalhos-para-o-xiv-simposio-brasileiro-de-climatologia-geografica\/\">Prorrogado o prazo de envio de trabalhos para o XIV SBCG<\/a><\/p>\n<p style=\"text-align: justify\"><strong>08\/11\/2019 &#8211;<\/strong>\u00a0<a href=\"https:\/\/terra.ufpr.br\/laboclima\/2019\/11\/08\/i-encontro-da-rede-clima-sul\/\">I Encontro da Rede Clima Sul<\/a><\/p>\n<p style=\"text-align: justify\"><strong>12\/09\/2019 &#8211;\u00a0<\/strong><a href=\"https:\/\/terra.ufpr.br\/laboclima\/2019\/09\/12\/escola-de-verao-do-ppggeo-2019\/\">Escola de Ver\u00e3o do PPGGEO \u2013 2019<\/a><\/p>\n<p style=\"text-align: justify\"><strong>09\/09\/2019 &#8211;\u00a0<\/strong><a href=\"https:\/\/terra.ufpr.br\/laboclima\/2019\/09\/09\/33-coloquio-anual-da-association-internationale-de-climatologie-aic-rennes-franca\/\">33\u00b0 Col\u00f3quio Anual da Association Internationale de Climatologie \u2013 AIC (Rennes, Fran\u00e7a)<\/a><\/p>\n<p style=\"text-align: justify\"><strong>28\/08\/2019 &#8211;\u00a0<\/strong><a href=\"https:\/\/terra.ufpr.br\/laboclima\/2019\/08\/28\/primeira-circular-do-xiv-simposio-brasileiro-de-climatologia-geografica-joao-pessoa-pb\/\">Primeira Circular do XIV Simp\u00f3sio Brasileiro de Climatologia Geogr\u00e1fica (Jo\u00e3o Pessoa\/PB)<\/a><\/p>\n<p style=\"text-align: justify\"><strong>02\/02\/2018 &#8211;\u00a0<\/strong><a href=\"https:\/\/terra.ufpr.br\/laboclima\/2018\/02\/02\/iiiworkshop-nacional\/\">III Workshop Nacional de Clima Urbano e Dengue<\/a><\/p>\n\n\n<p><\/p>\n","protected":false},"excerpt":{"rendered":"<p>17\/10\/2025 &#8211; Sele\u00e7\u00e3o de Bolsistas de Mestrado e Doutorado no PPGGEO\/UFPR (Edital 05\/2025-PROPG\/SAE) 20\/03\/2025 &#8211; Edital LABOCLIMA 001-2025 \u2013 Chamada para novos alunos (2025) \u2013 e RESULTADO FINAL 28\/03\/2024 &#8211; Edital Laboclima 2024: Chamada para novos alunos de Extens\u00e3o e Licenciar (2024) 31\/08\/2023 &#8211; Estreia do Canal do NAPI-Emerg\u00eancia Clim\u00e1tica 20\/04\/2023 &#8211; Edital 2023 \u2013 [&hellip;]<\/p>\n","protected":false},"author":1318,"featured_media":0,"parent":0,"menu_order":0,"comment_status":"closed","ping_status":"closed","template":"","meta":{"footnotes":""},"class_list":["post-328","page","type-page","status-publish","hentry"],"_links":{"self":[{"href":"https:\/\/terra.ufpr.br\/laboclima\/wp-json\/wp\/v2\/pages\/328"}],"collection":[{"href":"https:\/\/terra.ufpr.br\/laboclima\/wp-json\/wp\/v2\/pages"}],"about":[{"href":"https:\/\/terra.ufpr.br\/laboclima\/wp-json\/wp\/v2\/types\/page"}],"author":[{"embeddable":true,"href":"https:\/\/terra.ufpr.br\/laboclima\/wp-json\/wp\/v2\/users\/1318"}],"replies":[{"embeddable":true,"href":"https:\/\/terra.ufpr.br\/laboclima\/wp-json\/wp\/v2\/comments?post=328"}],"version-history":[{"count":32,"href":"https:\/\/terra.ufpr.br\/laboclima\/wp-json\/wp\/v2\/pages\/328\/revisions"}],"predecessor-version":[{"id":6827,"href":"https:\/\/terra.ufpr.br\/laboclima\/wp-json\/wp\/v2\/pages\/328\/revisions\/6827"}],"wp:attachment":[{"href":"https:\/\/terra.ufpr.br\/laboclima\/wp-json\/wp\/v2\/media?parent=328"}],"curies":[{"name":"wp","href":"https:\/\/api.w.org\/{rel}","templated":true}]}}