{"id":3978,"date":"2021-08-03T22:21:32","date_gmt":"2021-08-04T01:21:32","guid":{"rendered":"https:\/\/terra.ufpr.br\/laboclima\/?page_id=3978"},"modified":"2021-11-29T11:24:28","modified_gmt":"2021-11-29T14:24:28","slug":"curso-covid-19","status":"publish","type":"page","link":"https:\/\/terra.ufpr.br\/laboclima\/curso-covid-19\/","title":{"rendered":"Cursos"},"content":{"rendered":"\n<p style=\"text-align:center\"><strong><em>Curso de Extens\u00e3o<\/em><\/strong><em>: A DIN\u00c2MICA ESPACIAL E TEMPORAL DA COVID-19: riscos, vulnerabilidades e preven\u00e7\u00e3o.<\/em><\/p>\n\n\n\n<div class=\"wp-block-image\"><figure class=\"aligncenter\"><img loading=\"lazy\" decoding=\"async\" width=\"723\" height=\"1024\" src=\"https:\/\/terra.ufpr.br\/laboclima\/wp-content\/uploads\/sites\/3\/2021\/08\/Curso_COVID19-723x1024.jpeg\" alt=\"\" class=\"wp-image-3981\" srcset=\"https:\/\/terra.ufpr.br\/laboclima\/wp-content\/uploads\/sites\/3\/2021\/08\/Curso_COVID19-723x1024.jpeg 723w, https:\/\/terra.ufpr.br\/laboclima\/wp-content\/uploads\/sites\/3\/2021\/08\/Curso_COVID19-212x300.jpeg 212w, https:\/\/terra.ufpr.br\/laboclima\/wp-content\/uploads\/sites\/3\/2021\/08\/Curso_COVID19-768x1087.jpeg 768w, https:\/\/terra.ufpr.br\/laboclima\/wp-content\/uploads\/sites\/3\/2021\/08\/Curso_COVID19.jpeg 904w\" sizes=\"(max-width: 723px) 100vw, 723px\" \/><figcaption>Cartaz de Divulga\u00e7\u00e3o. Para inscri\u00e7\u00f5es, clique <a href=\"https:\/\/docs.google.com\/forms\/d\/1rhRvMHBnR_h1xN-Rn-8a0rHjjK2sQULRmh_XNEjqC0k\/viewform?edit_requested=true\" target=\"_blank\" rel=\"noreferrer noopener\" aria-label=\"AQUI (abre em uma nova aba)\">AQUI<\/a>.<\/figcaption><\/figure><\/div>\n\n\n\n<p><strong>T\u00edtulo do Curso de Extens\u00e3o<\/strong>: \u201cA din\u00e2mica espacial e temporal da COVID-19: riscos, vulnerabilidades e preven\u00e7\u00e3o\u201d<\/p>\n\n\n\n<p><strong>Inscri\u00e7\u00f5es<\/strong>: de 03 a 10 de agosto de 2021.<\/p>\n\n\n\n<p><strong>Descri\u00e7\u00e3o<\/strong>: Nos \u00faltimos tempos, a humanidade tem vivenciado uma nova emerg\u00eancia \u00e0 sa\u00fade p\u00fablica provocada pelo surgimento de um novo coronav\u00edrus humano (<em>SARS-CoV-2<\/em>), causador da s\u00edndrome respirat\u00f3ria aguda grave intitulada COVID-19 (<em>Coronavirus Disease 2019<\/em>). A doen\u00e7a emergiu provavelmente no m\u00eas de dezembro de 2019 na cidade de Wuhan, na China, e se espalhou rapidamente por praticamente todo o Planeta, tendo sido declarada oficialmente como uma pandemia global no dia 11 de mar\u00e7o de 2020 pela Organiza\u00e7\u00e3o Mundial da Sa\u00fade. Isto posto, apenas no Estado do Paran\u00e1, j\u00e1 foram registrados oficialmente mais de 1,3 milh\u00e3o de casos confirmados e pelo menos 30 mil mortes por COVID-19, e os efeitos desencadeados pela doen\u00e7a tem afetado seriamente o desenvolvimento econ\u00f4mico e social do Brasil e as din\u00e2micas socioambientais do Planeta. Nesse contexto, a velocidade com que o v\u00edrus se transmitiu e se espalhou ao longo do tempo e espa\u00e7o t\u00eam perturbado cientistas e alarmado a popula\u00e7\u00e3o em geral, sobretudo os idosos e portadores de comorbidades (hipertensos, diab\u00e9ticos, imunodepressivos, etc). O fato da din\u00e2mica desse novo v\u00edrus ainda ser uma quest\u00e3o fortemente marcada por incertezas e\/ou questionamentos gerais acerca das previs\u00f5es e dos modelos adotados atualmente, somado \u00e0 falta de informa\u00e7\u00f5es precisas e confi\u00e1veis sobre o tema, em alguns casos prejudicada pela dissemina\u00e7\u00e3o de informa\u00e7\u00f5es falsas (fake news) e a nega\u00e7\u00e3o da ci\u00eancia, tem tornado o combate a essa enfermidade cada vez mais desafiador. Diante deste cen\u00e1rio, \u00e9 proposto a realiza\u00e7\u00e3o do curso de extens\u00e3o intitulado \u201cA din\u00e2mica espacial e temporal da COVID-19: riscos, vulnerabilidades e preven\u00e7\u00e3o\u201d, com o intuito de apresentar, debater, trocar experi\u00eancias e disseminar os conhecimentos produzidos por pesquisas cient\u00edficas realizadas at\u00e9 o momento no campo da ci\u00eancia geogr\u00e1fica e \u00e1reas correlatas, buscando contribuir para a capacita\u00e7\u00e3o de estudantes, gestores p\u00fablicos, t\u00e9cnicos, professores e demais profissionais que ir\u00e3o atuar em benef\u00edcio da sociedade.<\/p>\n\n\n\n<p><strong>Local de Inscri\u00e7\u00e3o e Realiza\u00e7\u00e3o do Curso de Extens\u00e3o<\/strong>: A inscri\u00e7\u00e3o ser\u00e1 por meio deste <a rel=\"noreferrer noopener\" aria-label=\"Formul\u00e1rio de Inscri\u00e7\u00e3o (abre em uma nova aba)\" href=\"https:\/\/docs.google.com\/forms\/d\/1rhRvMHBnR_h1xN-Rn-8a0rHjjK2sQULRmh_XNEjqC0k\/viewform?edit_requested=true\" target=\"_blank\">Formul\u00e1rio de Inscri\u00e7\u00e3o<\/a> disponibilizado para preenchimento online, gratuito e de maneira remota. O curso de extens\u00e3o ser\u00e1 totalmente gratuito e ministrado \u00e0 dist\u00e2ncia (<em>plataforma online&nbsp;&#8211;&nbsp;videoconfer\u00eancia<\/em>), n\u00e3o havendo um local f\u00edsico para a realiza\u00e7\u00e3o das atividades devido ao ensino remoto emergencial durante a pandemia.<\/p>\n\n\n\n<p><strong>Total de Vagas<\/strong>: 50 vagas.<\/p>\n\n\n\n<p><strong>Carga Hor\u00e1ria Total do Curso<\/strong>: 20 horas*.<\/p>\n\n\n\n<p><strong>Coordenadores\/Organizadores \u2013 UFPR<\/strong>: professores Francisco Mendon\u00e7a, Wilson Flavio Feltrim Roseghini e Pedro Augusto Breda Font\u00e3o; Dr\u00aa. Eucilene Alves Santana; mestranda Karina Flavia Ribeiro Matos; graduandos em Geografia Nat\u00e1lia Chudzik Bauer e Afonso Navroski Junior.<\/p>\n\n\n\n<p style=\"text-align:center\"><em>As inscri\u00e7\u00f5es j\u00e1 foram encerradas. Agradecemos pelo interesse no curso.<\/em><a href=\"https:\/\/docs.google.com\/forms\/d\/1rhRvMHBnR_h1xN-Rn-8a0rHjjK2sQULRmh_XNEjqC0k\/viewform?edit_requested=true\"><\/a><\/p>\n\n\n\n<p><\/p>\n\n\n\n<p style=\"text-align:center\"><strong>Programa\u00e7\u00e3o do Curso** (atividades s\u00edncronas):<\/strong><\/p>\n\n\n\n<p><strong>Dia 16\/08&nbsp;&#8211;&nbsp;19hrs<\/strong>: Mesa de Abertura com Prof. Dr. Francisco de Assis Mendon\u00e7a (UFPR), Prof. Dr. Pedro Augusto Breda Font\u00e3o (UFPR), Prof. Dr. Wilson Flavio Feltrim Roseghini (UFPR) e Dra. Eucilene Alves Santana (Consultora em Sa\u00fade\/OPAS &#8211; For\u00e7a Tarefa Covid Distrito Federal)  <br><em>(Carga hor\u00e1ria: 3hrs).<\/em><\/p>\n\n\n\n<p><strong>Dia 17\/08<\/strong> <strong>&#8211; 19hrs<\/strong>: Pequena palestra com o Prof. Dr. Rafael de Castro Cat\u00e3o (UFES-ES), focando principalmente na Geografia da Sa\u00fade e nos Riscos envolvendo a COVID-19 <em>(Carga hor\u00e1ria: 3hrs)<\/em> .<\/p>\n\n\n\n<p><strong>Dia 18\/08<\/strong> <strong>&#8211; 19hrs<\/strong>: Pequena palestra com o Prof. Dr. Prof. Dr. Jonas Lotufo Brant de Carvalho (UNB), focando principalmente nas quest\u00f5es Epidemiol\u00f3gicas da COVID-19, com \u00eanfase nas vulnerabilidades <em>(Carga hor\u00e1ria: 3hrs).<\/em><\/p>\n\n\n\n<p><strong>Dia 19\/08&nbsp;&#8211;&nbsp;19hrs<\/strong>: Pequena palestra com o Prof. Dr. Rui Moreira Braz (Minist\u00e9rio da Sa\u00fade), focando principalmente na vigil\u00e2ncia em sa\u00fade e na preven\u00e7\u00e3o da COVID-19, al\u00e9m de quest\u00f5es envolvendo a vacina\u00e7\u00e3o <em>(Carga hor\u00e1ria: 3hrs).<\/em><br><\/p>\n\n\n\n<p>Ademais, ao longo do curso, ser\u00e3o desenvolvidas as seguintes <strong>atividades ass\u00edncronas<\/strong>:<br><strong> I)<\/strong> Atividade de Leitura de Textos\/Artigos enviados previamente aos alunos matriculados (<em>Carga hor\u00e1ria: 6hrs<\/em>).<br><strong> II) <\/strong>Atividade de avalia\u00e7\u00e3o do curso atrav\u00e9s da resposta de um Formul\u00e1rio com quest\u00f5es enviadas, que dever\u00e1 ser respondido no dia 20\/08 (<em>Carga hor\u00e1ria: 2hrs<\/em>).<\/p>\n\n\n\n<p style=\"text-align:right\">.<\/p>\n\n\n\n<h2 class=\"wp-block-heading\">Novidades e Atualiza\u00e7\u00f5es do Curso:<\/h2>\n\n\n\n<blockquote class=\"wp-block-quote is-layout-flow wp-block-quote-is-layout-flow\"><p><strong>12\/08\/2021<\/strong>:<\/p><cite>Tivemos um total de 60 inscritos no Curso de Extens\u00e3o. Inicialmente hav\u00edamos previsto 50 vagas, mas devido \u00e0 alta procura, estendemos um pouco o n\u00famero inicial de vagas. Todos os inscritos receber\u00e3o por e-mail uma confirma\u00e7\u00e3o (at\u00e9 o dia 13\/08***), e ao longo do final de semana receber\u00e3o os links das atividades, o material de leitura e demais informa\u00e7\u00f5es acerca do curso.<\/cite><\/blockquote>\n\n\n\n<blockquote class=\"wp-block-quote is-layout-flow wp-block-quote-is-layout-flow\"><p> <strong>15\/08\/2021<\/strong>:<\/p><cite>Todos os inscritos no curso j\u00e1 receberam a confirma\u00e7\u00e3o de sua inscri\u00e7\u00e3o. Os links das atividades j\u00e1 est\u00e3o gerados, e ser\u00e3o enviados at\u00e9 amanh\u00e3 (provavelmente no per\u00edodo matutino), juntamente com o material de leitura.<br><\/cite><\/blockquote>\n\n\n\n<blockquote class=\"wp-block-quote is-layout-flow wp-block-quote-is-layout-flow\"><p> <strong>16\/08\/2021<\/strong>:<\/p><cite>Os e-mails com o material da disciplina e os links j\u00e1 foram enviados aos participantes. Hoje teremos a <strong>Mesa de Abertura<\/strong> oficial do curso, que ter\u00e1 como Programa\u00e7\u00e3o:<br><br>19:00 &#8211; 19:20hrs &#8211; Introdu\u00e7\u00e3o e Apresenta\u00e7\u00e3o do Curso de Extens\u00e3o (Prof. Pedro Font\u00e3o)<br>19:20 &#8211; 19:40hrs &#8211; SACER \u2013 Sistema de Alerta Clim\u00e1tico para Enfermidades Respirat\u00f3rias (Prof. Wilson Flavio).<br>19:40 &#8211; 20:15hrs &#8211; Pesquisas e relatos de experi\u00eancias e estudos sobre a COVID-19 no campo cient\u00edfico (Dr\u00aa. Eucilene Alves Santana).<br>                             &#8212;&#8211; (intervalo para ajuste do tempo, se necess\u00e1rio) &#8212;&#8212;<br> 20:30 &#8211; 21:30hrs &#8211; Palestra sobre a Geografia da Sa\u00fade, a Pandemia e a COVID-19 (Prof. Francisco Mendon\u00e7a).<br> 21:30 &#8211; 22:00hrs &#8211; Perguntas.<br><br>Link para assistir a Mesa de Abertura de hoje (16\/08): <a rel=\"noreferrer noopener\" aria-label=\"https:\/\/youtu.be\/JSWJfbcg9po (abre em uma nova aba)\" href=\"https:\/\/youtu.be\/JSWJfbcg9po\" target=\"_blank\">https:\/\/youtu.be\/JSWJfbcg9po<\/a> <br>Material da Introdu\u00e7\u00e3o\/Apresenta\u00e7\u00e3o do Curso: <a href=\"https:\/\/drive.google.com\/file\/d\/14oDOv6wBBzs1G4WTIm7ZmAprvQ9cC79V\/view?usp=sharing\">CLIQUE AQUI<\/a>.<br>Site com a apresenta\u00e7\u00e3o da Dra. Eucilene: <a href=\"https:\/\/palestraufpreucilene.netlify.app\/experiencias\">https:\/\/palestraufpreucilene.netlify.app\/experiencias<\/a><br>Lista de Presen\u00e7a de hoje (16\/08): no v\u00eddeo.<br><\/cite><\/blockquote>\n\n\n\n<blockquote class=\"wp-block-quote is-layout-flow wp-block-quote-is-layout-flow\"><p><strong>17\/08\/2021<\/strong>:<\/p><cite>Programa\u00e7\u00e3o da Atividade S\u00edncrona de hoje: <br><br>19:00 &#8211; 19:10hrs &#8211; Apresenta\u00e7\u00e3o e Introdu\u00e7\u00e3o do tema abordado.<br>19:10 &#8211; 21:00hrs &#8211; Geografia da Sa\u00fade e Riscos Envolvendo a COVID-19 &#8211; Prof. Dr. Rafael de Castro Cat\u00e3o.<br>21:00 em diante &#8211; Perguntas.<br><br>Link para a atividade de hoje: <a rel=\"noreferrer noopener\" aria-label=\"https:\/\/youtu.be\/uCNEOauPhtk (abre em uma nova aba)\" href=\"https:\/\/youtu.be\/uCNEOauPhtk\" target=\"_blank\">https:\/\/youtu.be\/uCNEOauPhtk<\/a><br>Link da Lista de Presen\u00e7a de hoje (17\/08): no v\u00eddeo.<br><\/cite><\/blockquote>\n\n\n\n<blockquote class=\"wp-block-quote is-layout-flow wp-block-quote-is-layout-flow\"><p><strong>18\/08\/2021:<\/strong><\/p><cite> Programa\u00e7\u00e3o da Atividade S\u00edncrona de hoje: <br><br>19:00 &#8211; 19:10hrs &#8211; Apresenta\u00e7\u00e3o e Introdu\u00e7\u00e3o do tema abordado.<br>19:10 &#8211; 21:00hrs &#8211; Quest\u00f5es Epidemiol\u00f3gicas da COVID-19, com \u00eanfase nas vulnerabilidades &#8211; Prof. Dr. Jonas Lotufo Brant de Carvalho (UNB).<br>21:00 em diante &#8211; Perguntas.<br><br>Link para a atividade de hoje: <a rel=\"noreferrer noopener\" aria-label=\"https:\/\/youtu.be\/OCRUbnRBAlo (abre em uma nova aba)\" href=\"https:\/\/youtu.be\/OCRUbnRBAlo\" target=\"_blank\">https:\/\/youtu.be\/OCRUbnRBAlo<\/a><br>Link da Lista de Presen\u00e7a de hoje (18\/08): no v\u00eddeo. <\/cite><\/blockquote>\n\n\n\n<blockquote class=\"wp-block-quote is-layout-flow wp-block-quote-is-layout-flow\"><p><strong>19\/08\/2021:<\/strong><\/p><cite>Programa\u00e7\u00e3o da Atividade S\u00edncrona de hoje:<br> <br>19:00 &#8211; 19:10hrs &#8211; Apresenta\u00e7\u00e3o e Introdu\u00e7\u00e3o do tema abordado.<br>19:10 &#8211; 21:00hrs &#8211; Vigil\u00e2ncia em sa\u00fade e na preven\u00e7\u00e3o da COVID-19, al\u00e9m de quest\u00f5es envolvendo a vacina\u00e7\u00e3o &#8211; Prof. Dr. Rui Moreira Braz (Minist\u00e9rio da Sa\u00fade).<br>21:00 em diante &#8211; Perguntas. <br><br>Link para a atividade de hoje: <a href=\"https:\/\/www.youtube.com\/watch?v=_n1pGrwMAYc\">https:\/\/www.youtube.com\/watch?v=_n1pGrwMAYc<\/a><br>Link da Lista de Presen\u00e7a de hoje (19\/08): <a href=\"https:\/\/forms.gle\/NFDf5PZkCcZ8y1616\">https:\/\/forms.gle\/NFDf5PZkCcZ8y1616<\/a><\/cite><\/blockquote>\n\n\n\n<blockquote class=\"wp-block-quote is-layout-flow wp-block-quote-is-layout-flow\"><p><strong>20\/08\/2021:<\/strong><\/p><cite>Formul\u00e1rio de Avalia\u00e7\u00e3o do Curso de Extens\u00e3o (dever\u00e1 ser respondido por todos os inscritos): <a rel=\"noreferrer noopener\" aria-label=\"https:\/\/forms.gle\/T5YvW4zUm1hJRsSr7 (abre em uma nova aba)\" href=\"https:\/\/forms.gle\/T5YvW4zUm1hJRsSr7\" target=\"_blank\">https:\/\/forms.gle\/T5YvW4zUm1hJRsSr7<\/a><\/cite><\/blockquote>\n\n\n\n<p style=\"text-align:right\">.<\/p>\n\n\n\n<p><em>* todos os participante do Curso de Extens\u00e3o receber\u00e3o certificado emitido pela PROEC\/UFPR, com Carga Hor\u00e1ria de 20 horas de atividade (para cada atividade s\u00edncrona, ser\u00e3o disponibilizadas listas de presen\u00e7a para confirmar a participa\u00e7\u00e3o; ser\u00e1 necess\u00e1rio cumprir pelo menos 80% da carga hor\u00e1ria total).<\/em><\/p>\n\n\n\n<h6 class=\"wp-block-heading\"><em>** os inscritos no curso receber\u00e3o por e-mail at\u00e9 o dia 15\/08 o material para leitura, os links para as palestras e informa\u00e7\u00f5es detalhadas das atividades. <\/em><\/h6>\n\n\n\n<h6 class=\"wp-block-heading\"> <em>*** sujeito a altera\u00e7\u00e3o. No entanto, garantimos que o link e o material ser\u00e3o enviados com anteced\u00eancia e antes do in\u00edcio oficial do curso (19hrs do dia 16\/08). <\/em> <br><\/h6>\n","protected":false},"excerpt":{"rendered":"<p>Curso de Extens\u00e3o: A DIN\u00c2MICA ESPACIAL E TEMPORAL DA COVID-19: riscos, vulnerabilidades e preven\u00e7\u00e3o. T\u00edtulo do Curso de Extens\u00e3o: \u201cA din\u00e2mica espacial e temporal da COVID-19: riscos, vulnerabilidades e preven\u00e7\u00e3o\u201d Inscri\u00e7\u00f5es: de 03 a 10 de agosto de 2021. Descri\u00e7\u00e3o: Nos \u00faltimos tempos, a humanidade tem vivenciado uma nova emerg\u00eancia \u00e0 sa\u00fade p\u00fablica provocada pelo [&hellip;]<\/p>\n","protected":false},"author":1324,"featured_media":0,"parent":0,"menu_order":0,"comment_status":"closed","ping_status":"closed","template":"","meta":{"footnotes":""},"class_list":["post-3978","page","type-page","status-publish","hentry"],"_links":{"self":[{"href":"https:\/\/terra.ufpr.br\/laboclima\/wp-json\/wp\/v2\/pages\/3978"}],"collection":[{"href":"https:\/\/terra.ufpr.br\/laboclima\/wp-json\/wp\/v2\/pages"}],"about":[{"href":"https:\/\/terra.ufpr.br\/laboclima\/wp-json\/wp\/v2\/types\/page"}],"author":[{"embeddable":true,"href":"https:\/\/terra.ufpr.br\/laboclima\/wp-json\/wp\/v2\/users\/1324"}],"replies":[{"embeddable":true,"href":"https:\/\/terra.ufpr.br\/laboclima\/wp-json\/wp\/v2\/comments?post=3978"}],"version-history":[{"count":55,"href":"https:\/\/terra.ufpr.br\/laboclima\/wp-json\/wp\/v2\/pages\/3978\/revisions"}],"predecessor-version":[{"id":4698,"href":"https:\/\/terra.ufpr.br\/laboclima\/wp-json\/wp\/v2\/pages\/3978\/revisions\/4698"}],"wp:attachment":[{"href":"https:\/\/terra.ufpr.br\/laboclima\/wp-json\/wp\/v2\/media?parent=3978"}],"curies":[{"name":"wp","href":"https:\/\/api.w.org\/{rel}","templated":true}]}}