{"id":64,"date":"2017-09-26T15:43:13","date_gmt":"2017-09-26T18:43:13","guid":{"rendered":"https:\/\/terra.ufpr.br\/laboclima\/?page_id=64"},"modified":"2025-10-20T14:54:17","modified_gmt":"2025-10-20T17:54:17","slug":"pesquisadores","status":"publish","type":"page","link":"https:\/\/terra.ufpr.br\/laboclima\/pesquisadores\/","title":{"rendered":"Pesquisadores"},"content":{"rendered":"\n<div class=\"wp-block-group\"><div class=\"wp-block-group__inner-container is-layout-constrained wp-block-group-is-layout-constrained\">\n<p><strong>Coordenadores<\/strong><br><a href=\"http:\/\/lattes.cnpq.br\/2169966917320531\" target=\"_blank\" rel=\"noopener\"><img loading=\"lazy\" decoding=\"async\" width=\"15\" height=\"15\" class=\"alignnone size-full wp-image-169\" src=\"https:\/\/terra.ufpr.br\/laboclima\/wp-content\/uploads\/sites\/3\/2017\/09\/logolattes.gif\" alt=\"\"><\/a>&nbsp;Prof. Dr. Wilson Flavio Feltrim Roseghini&nbsp;<span style=\"color: #000000\"><a style=\"color: #000000\" href=\"mailto:feltrim@ufpr.br\">\u2013<\/a><\/span>&nbsp;<br><a href=\"http:\/\/lattes.cnpq.br\/7615025096908509\" target=\"_blank\" rel=\"noopener\"><img loading=\"lazy\" decoding=\"async\" width=\"15\" height=\"15\" class=\"alignnone size-full wp-image-169\" src=\"https:\/\/terra.ufpr.br\/laboclima\/wp-content\/uploads\/sites\/3\/2017\/09\/logolattes.gif\" alt=\"\"><\/a>&nbsp;Prof. Dr. Pedro Augusto Breda Font\u00e3o&nbsp;<span style=\"color: #000000\"><a style=\"color: #000000\" href=\"mailto:pedrofontao@ufpr.br\">\u2013<\/a>&nbsp;<\/span><br><a href=\"http:\/\/lattes.cnpq.br\/3941384182506697\" target=\"_blank\" rel=\"noopener\"><img loading=\"lazy\" decoding=\"async\" width=\"15\" height=\"15\" class=\"alignnone size-full wp-image-169\" src=\"https:\/\/terra.ufpr.br\/laboclima\/wp-content\/uploads\/sites\/3\/2017\/09\/logolattes.gif\" alt=\"\"><\/a> Prof. Dr. Francisco de Assis Mendon\u00e7a <span style=\"color: #000000\"><a style=\"color: #000000\" href=\"mailto:chico@ufpr.br\">\u2013<\/a><\/span><\/p>\n\n\n\n<p><strong>Pesquisadores parceiros<\/strong><\/p>\n\n\n\n<p><a href=\"http:\/\/lattes.cnpq.br\/7654015279122265\"><img loading=\"lazy\" decoding=\"async\" width=\"15\" height=\"15\" class=\"alignnone size-full wp-image-169\" src=\"https:\/\/terra.ufpr.br\/laboclima\/wp-content\/uploads\/sites\/3\/2017\/09\/logolattes.gif\" alt=\"\"><\/a> Dra. Gabriela Goudard&nbsp;<br><a href=\"http:\/\/lattes.cnpq.br\/2730146407492791\"><img loading=\"lazy\" decoding=\"async\" width=\"15\" height=\"15\" class=\"alignnone wp-image-169 size-full\" src=\"https:\/\/terra.ufpr.br\/laboclima\/wp-content\/uploads\/sites\/3\/2017\/09\/logolattes.gif\" alt=\"\"><\/a> Dr. Max Wendell Batista dos Anjos<span style=\"color: #000000\">&nbsp;<\/span><br><a href=\"http:\/\/lattes.cnpq.br\/143172402377899\"><img loading=\"lazy\" decoding=\"async\" width=\"15\" height=\"15\" class=\"alignnone size-full wp-image-169\" src=\"https:\/\/terra.ufpr.br\/laboclima\/wp-content\/uploads\/sites\/3\/2017\/09\/logolattes.gif\" alt=\"\"><\/a> Dra. Geisa Silveira Rocha<\/p>\n\n\n\n<p> <strong>P\u00f3s-Doutorandos<\/strong><\/p>\n\n\n\n<p><a href=\"http:\/\/lattes.cnpq.br\/1448576018147950\" target=\"_blank\" rel=\"noopener\"><img loading=\"lazy\" decoding=\"async\" width=\"15\" height=\"15\" class=\"alignnone wp-image-169 size-full\" src=\"https:\/\/terra.ufpr.br\/laboclima\/wp-content\/uploads\/sites\/3\/2017\/09\/logolattes.gif\" alt=\"\"><\/a> Dr. Thiago Kich Foga\u00e7a<\/p>\n\n\n\n<p><strong>Doutorandos<\/strong><br><a href=\"http:\/\/lattes.cnpq.br\/0062529597254448\" target=\"_blank\" rel=\"noopener\"><img loading=\"lazy\" decoding=\"async\" width=\"15\" height=\"15\" class=\"alignnone size-full wp-image-169\" src=\"https:\/\/terra.ufpr.br\/laboclima\/wp-content\/uploads\/sites\/3\/2017\/09\/logolattes.gif\" alt=\"\"><\/a>&nbsp;Msc.&nbsp;Jo\u00e3o Paulo Schultz<br><a href=\"http:\/\/lattes.cnpq.br\/8743265021641593\" target=\"_blank\" rel=\"noopener\"><img loading=\"lazy\" decoding=\"async\" width=\"15\" height=\"15\" class=\"alignnone wp-image-169\" src=\"https:\/\/terra.ufpr.br\/laboclima\/wp-content\/uploads\/sites\/3\/2017\/09\/logolattes.gif\" alt=\"\"><\/a>&nbsp;Msc. Thiago Rodrigues Leite<br><a href=\"http:\/\/lattes.cnpq.br\/1665637421046102\" target=\"_blank\" rel=\"noopener\"><img loading=\"lazy\" decoding=\"async\" width=\"15\" height=\"15\" class=\"alignnone  wp-image-169\" src=\"https:\/\/terra.ufpr.br\/laboclima\/wp-content\/uploads\/sites\/3\/2017\/09\/logolattes.gif\" alt=\"\"><\/a>&nbsp;Msc. Karina Flavia Ribeiro Matos<br><a href=\"http:\/\/lattes.cnpq.br\/0613065489965750\" target=\"_blank\" rel=\"noreferrer noopener\"><img loading=\"lazy\" decoding=\"async\" width=\"15\" height=\"15\" class=\"alignnone  wp-image-169\" src=\"https:\/\/terra.ufpr.br\/laboclima\/wp-content\/uploads\/sites\/3\/2017\/09\/logolattes.gif\" alt=\"\"><\/a>&nbsp;Msc. Jessika Alexandra Zambrano Hernandez<br><a href=\"http:\/\/lattes.cnpq.br\/0773585128573760\"><img loading=\"lazy\" decoding=\"async\" width=\"15\" height=\"15\" class=\"alignnone  wp-image-169\" src=\"https:\/\/terra.ufpr.br\/laboclima\/wp-content\/uploads\/sites\/3\/2017\/09\/logolattes.gif\" alt=\"\"><\/a>&nbsp;Msc. Vinnicius Vale Dionizio Fran\u00e7a<br><img loading=\"lazy\" decoding=\"async\" width=\"15\" height=\"15\" class=\"alignnone  wp-image-169\" src=\"https:\/\/terra.ufpr.br\/laboclima\/wp-content\/uploads\/sites\/3\/2017\/09\/logolattes.gif\" alt=\"\"> Msc. Luana Rudy<br><img loading=\"lazy\" decoding=\"async\" width=\"15\" height=\"15\" class=\"alignnone  wp-image-169\" src=\"https:\/\/terra.ufpr.br\/laboclima\/wp-content\/uploads\/sites\/3\/2017\/09\/logolattes.gif\" alt=\"\">&nbsp;Msc. Gisele da Silva Prado<br><a href=\"http:\/\/lattes.cnpq.br\/1435721441384908\"><img loading=\"lazy\" decoding=\"async\" width=\"15\" height=\"15\" src=\"https:\/\/terra.ufpr.br\/laboclima\/wp-content\/uploads\/sites\/3\/2017\/09\/logolattes.gif\" alt=\"\"><\/a>&nbsp;Msc. Guilherme Gonzatto<\/p>\n\n\n\n<p><strong>Mestrandos<\/strong><br><a href=\"http:\/\/lattes.cnpq.br\/9197170362352715\" data-type=\"link\" data-id=\"http:\/\/lattes.cnpq.br\/9197170362352715\"><img loading=\"lazy\" decoding=\"async\" width=\"15\" height=\"15\" src=\"https:\/\/terra.ufpr.br\/laboclima\/wp-content\/uploads\/sites\/3\/2017\/09\/logolattes.gif\" alt=\"\"><\/a>\u00a0Braien Henrique Gon\u00e7alves<br><a href=\"http:\/\/lattes.cnpq.br\/9423546808058459\"><img loading=\"lazy\" decoding=\"async\" width=\"15\" height=\"15\" src=\"https:\/\/terra.ufpr.br\/laboclima\/wp-content\/uploads\/sites\/3\/2017\/09\/logolattes.gif\" alt=\"\"><\/a>\u00a0Gabriel Leitoles<br><a href=\"http:\/\/lattes.cnpq.br\/7109284581775680\"><img loading=\"lazy\" decoding=\"async\" width=\"15\" height=\"15\" class=\"alignnone wp-image-169 size-full\" src=\"https:\/\/terra.ufpr.br\/laboclima\/wp-content\/uploads\/sites\/3\/2017\/09\/logolattes.gif\" alt=\"\"><\/a> Lais Monike Rudy<br><a href=\"http:\/\/lattes.cnpq.br\/9757036808932971\"><img loading=\"lazy\" decoding=\"async\" width=\"15\" height=\"15\" class=\"alignnone size-full wp-image-169\" src=\"https:\/\/terra.ufpr.br\/laboclima\/wp-content\/uploads\/sites\/3\/2017\/09\/logolattes.gif\" alt=\"\"><\/a> Martina Victoria Klein<br><a href=\"http:\/\/lattes.cnpq.br\/5013440439192928\"><img loading=\"lazy\" decoding=\"async\" width=\"15\" height=\"15\" class=\"alignnone wp-image-169 size-full\" src=\"https:\/\/terra.ufpr.br\/laboclima\/wp-content\/uploads\/sites\/3\/2017\/09\/logolattes.gif\" alt=\"\"><\/a> Nat\u00e1lia Chudzik Bauer<\/p>\n\n\n\n<p><strong>Inicia\u00e7\u00e3o Cient\u00edfica \/ Extens\u00e3o \/ TCC<\/strong><br><a href=\"http:\/\/lattes.cnpq.br\/3124244191856910\" target=\"_blank\" rel=\"noopener\"><img loading=\"lazy\" decoding=\"async\" width=\"15\" height=\"15\" class=\"alignnone wp-image-169 size-full\" src=\"https:\/\/terra.ufpr.br\/laboclima\/wp-content\/uploads\/sites\/3\/2017\/09\/logolattes.gif\" alt=\"\"><\/a> Anne Mary Santos Sampaio<br><img loading=\"lazy\" decoding=\"async\" width=\"15\" height=\"15\" class=\"alignnone wp-image-169 size-full\" src=\"https:\/\/terra.ufpr.br\/laboclima\/wp-content\/uploads\/sites\/3\/2017\/09\/logolattes.gif\" alt=\"\">&nbsp;Gabriela Freire Portugal<br><img loading=\"lazy\" decoding=\"async\" width=\"15\" height=\"15\" class=\"alignnone wp-image-169 size-full\" src=\"https:\/\/terra.ufpr.br\/laboclima\/wp-content\/uploads\/sites\/3\/2017\/09\/logolattes.gif\" alt=\"\">&nbsp;Eduarda Moreira Farias<br><a href=\"http:\/\/lattes.cnpq.br\/1134306667362158\"><img loading=\"lazy\" decoding=\"async\" width=\"15\" height=\"15\" class=\"alignnone wp-image-169 size-full\" src=\"https:\/\/terra.ufpr.br\/laboclima\/wp-content\/uploads\/sites\/3\/2017\/09\/logolattes.gif\" alt=\"\"><\/a>&nbsp;Barbara Marek Cordeiro<br><img loading=\"lazy\" decoding=\"async\" width=\"15\" height=\"15\" class=\"alignnone wp-image-169 size-full\" src=\"https:\/\/terra.ufpr.br\/laboclima\/wp-content\/uploads\/sites\/3\/2017\/09\/logolattes.gif\" alt=\"\">&nbsp;Higor Rodrigues Riccio<br><img loading=\"lazy\" decoding=\"async\" width=\"15\" height=\"15\" class=\"alignnone wp-image-169 size-full\" src=\"https:\/\/terra.ufpr.br\/laboclima\/wp-content\/uploads\/sites\/3\/2017\/09\/logolattes.gif\" alt=\"\">&nbsp;Lucas Tamanini Camargo<br><img loading=\"lazy\" decoding=\"async\" width=\"15\" height=\"15\" class=\"alignnone wp-image-169 size-full\" src=\"https:\/\/terra.ufpr.br\/laboclima\/wp-content\/uploads\/sites\/3\/2017\/09\/logolattes.gif\" alt=\"\">&nbsp;Caio Calemi Tangerino<br><\/p>\n\n\n\n<p class=\"has-text-align-right\"><em>\u00daltima atualiza\u00e7\u00e3o: 17\/10\/2025<\/em><\/p>\n\n\n\n<p><\/p>\n<\/div><\/div>\n","protected":false},"excerpt":{"rendered":"<p>Coordenadores&nbsp;Prof. Dr. Wilson Flavio Feltrim Roseghini&nbsp;\u2013&nbsp;&nbsp;Prof. Dr. Pedro Augusto Breda Font\u00e3o&nbsp;\u2013&nbsp; Prof. Dr. Francisco de Assis Mendon\u00e7a \u2013 Pesquisadores parceiros Dra. Gabriela Goudard&nbsp; Dr. Max Wendell Batista dos Anjos&nbsp; Dra. Geisa Silveira Rocha P\u00f3s-Doutorandos Dr. Thiago Kich Foga\u00e7a Doutorandos&nbsp;Msc.&nbsp;Jo\u00e3o Paulo Schultz&nbsp;Msc. Thiago Rodrigues Leite&nbsp;Msc. Karina Flavia Ribeiro Matos&nbsp;Msc. Jessika Alexandra Zambrano Hernandez&nbsp;Msc. Vinnicius Vale Dionizio [&hellip;]<\/p>\n","protected":false},"author":1316,"featured_media":0,"parent":0,"menu_order":0,"comment_status":"closed","ping_status":"closed","template":"","meta":{"footnotes":""},"class_list":["post-64","page","type-page","status-publish","hentry"],"_links":{"self":[{"href":"https:\/\/terra.ufpr.br\/laboclima\/wp-json\/wp\/v2\/pages\/64"}],"collection":[{"href":"https:\/\/terra.ufpr.br\/laboclima\/wp-json\/wp\/v2\/pages"}],"about":[{"href":"https:\/\/terra.ufpr.br\/laboclima\/wp-json\/wp\/v2\/types\/page"}],"author":[{"embeddable":true,"href":"https:\/\/terra.ufpr.br\/laboclima\/wp-json\/wp\/v2\/users\/1316"}],"replies":[{"embeddable":true,"href":"https:\/\/terra.ufpr.br\/laboclima\/wp-json\/wp\/v2\/comments?post=64"}],"version-history":[{"count":104,"href":"https:\/\/terra.ufpr.br\/laboclima\/wp-json\/wp\/v2\/pages\/64\/revisions"}],"predecessor-version":[{"id":6798,"href":"https:\/\/terra.ufpr.br\/laboclima\/wp-json\/wp\/v2\/pages\/64\/revisions\/6798"}],"wp:attachment":[{"href":"https:\/\/terra.ufpr.br\/laboclima\/wp-json\/wp\/v2\/media?parent=64"}],"curies":[{"name":"wp","href":"https:\/\/api.w.org\/{rel}","templated":true}]}}