{"id":6426,"date":"2024-09-30T10:25:07","date_gmt":"2024-09-30T13:25:07","guid":{"rendered":"https:\/\/terra.ufpr.br\/laboclima\/?page_id=6426"},"modified":"2026-03-30T18:02:37","modified_gmt":"2026-03-30T21:02:37","slug":"sisam","status":"publish","type":"page","link":"https:\/\/terra.ufpr.br\/laboclima\/sisam\/","title":{"rendered":"SISAM"},"content":{"rendered":"<div class=\"wp-block-image\">\n<figure class=\"aligncenter size-medium\"><img loading=\"lazy\" decoding=\"async\" width=\"300\" height=\"280\" src=\"https:\/\/terra.ufpr.br\/laboclima\/wp-content\/uploads\/sites\/3\/2024\/09\/logo_sisam-1-300x280.jpeg\" alt=\"\" class=\"wp-image-6428\" srcset=\"https:\/\/terra.ufpr.br\/laboclima\/wp-content\/uploads\/sites\/3\/2024\/09\/logo_sisam-1-300x280.jpeg 300w, https:\/\/terra.ufpr.br\/laboclima\/wp-content\/uploads\/sites\/3\/2024\/09\/logo_sisam-1-768x717.jpeg 768w, https:\/\/terra.ufpr.br\/laboclima\/wp-content\/uploads\/sites\/3\/2024\/09\/logo_sisam-1.jpeg 788w\" sizes=\"(max-width: 300px) 100vw, 300px\" \/><\/figure><\/div>\n\n\n<p>O SISAM &#8211; Sistema Integrado de Alertas Socioambientais \u00e9 um sistema de alerta que congrega outros subsistemas existentes no LABOCLIMA &#8211; Laborat\u00f3rio de Climatologia da Universidade Federal do Paran\u00e1 (UFPR). Entre esses subsistemas podemos destacar o SACDENGUE &#8211; Sistema de Alerta Clim\u00e1tico de Dengue e o SACER &#8211; Sistema de Alerta Clim\u00e1tico para Enfermidades Respirat\u00f3rias.<\/p>\n\n\n\n<p>O objetivo do SISAM \u00e9 o desenvolvimento de diferentes plataformas de alerta voltadas \u00e0 popula\u00e7\u00e3o, incluindo tanto as vari\u00e1veis ambientais (o clima em especial) quanto \u00edndices sociais (popula\u00e7\u00e3o, renda, sa\u00fade, etc).<\/p>\n\n\n\n<p>Para acessar os subsistemas atuais (SACDENGUE e o SACER) basta clicar nos mapas correspondentes abaixo:<\/p>\n\n\n\n<figure class=\"wp-block-gallery has-nested-images columns-default is-cropped wp-block-gallery-1 is-layout-flex wp-block-gallery-is-layout-flex\">\n<figure class=\"wp-block-image size-large\"><a href=\"https:\/\/app.powerbi.com\/view?r=eyJrIjoiZTk1NzllN2ItM2QyZi00YmE5LWEwOTktOTFmZTUwMjkwYzMzIiwidCI6ImMzN2IzN2EzLWU5ZTItNDJmOS1iYzY3LTRiOWI3MzhlMWRmMCJ9\"><img loading=\"lazy\" decoding=\"async\" width=\"1024\" height=\"724\" data-id=\"6909\" src=\"https:\/\/terra.ufpr.br\/laboclima\/wp-content\/uploads\/sites\/3\/2026\/02\/25.01.2026_31.01.2026-1024x724.jpeg\" alt=\"\" class=\"wp-image-6909\" srcset=\"https:\/\/terra.ufpr.br\/laboclima\/wp-content\/uploads\/sites\/3\/2026\/02\/25.01.2026_31.01.2026-1024x724.jpeg 1024w, https:\/\/terra.ufpr.br\/laboclima\/wp-content\/uploads\/sites\/3\/2026\/02\/25.01.2026_31.01.2026-300x212.jpeg 300w, https:\/\/terra.ufpr.br\/laboclima\/wp-content\/uploads\/sites\/3\/2026\/02\/25.01.2026_31.01.2026-768x543.jpeg 768w, https:\/\/terra.ufpr.br\/laboclima\/wp-content\/uploads\/sites\/3\/2026\/02\/25.01.2026_31.01.2026-1536x1086.jpeg 1536w, https:\/\/terra.ufpr.br\/laboclima\/wp-content\/uploads\/sites\/3\/2026\/02\/25.01.2026_31.01.2026-2048x1448.jpeg 2048w\" sizes=\"(max-width: 1024px) 100vw, 1024px\" \/><\/a><\/figure>\n\n\n\n<figure class=\"wp-block-image size-large\"><a href=\"https:\/\/terra.ufpr.br\/laboclima\/sacer\/\"><img loading=\"lazy\" decoding=\"async\" width=\"1024\" height=\"724\" data-id=\"6893\" src=\"https:\/\/terra.ufpr.br\/laboclima\/wp-content\/uploads\/sites\/3\/2026\/01\/02-1024x724.png\" alt=\"\" class=\"wp-image-6893\" srcset=\"https:\/\/terra.ufpr.br\/laboclima\/wp-content\/uploads\/sites\/3\/2026\/01\/02-1024x724.png 1024w, https:\/\/terra.ufpr.br\/laboclima\/wp-content\/uploads\/sites\/3\/2026\/01\/02-300x212.png 300w, https:\/\/terra.ufpr.br\/laboclima\/wp-content\/uploads\/sites\/3\/2026\/01\/02-768x543.png 768w, https:\/\/terra.ufpr.br\/laboclima\/wp-content\/uploads\/sites\/3\/2026\/01\/02.png 1122w\" sizes=\"(max-width: 1024px) 100vw, 1024px\" \/><\/a><\/figure>\n<\/figure>\n\n\n\n<p><\/p>\n","protected":false},"excerpt":{"rendered":"<p>O SISAM &#8211; Sistema Integrado de Alertas Socioambientais \u00e9 um sistema de alerta que congrega outros subsistemas existentes no LABOCLIMA &#8211; Laborat\u00f3rio de Climatologia da Universidade Federal do Paran\u00e1 (UFPR). Entre esses subsistemas podemos destacar o SACDENGUE &#8211; Sistema de Alerta Clim\u00e1tico de Dengue e o SACER &#8211; Sistema de Alerta Clim\u00e1tico para Enfermidades Respirat\u00f3rias. [&hellip;]<\/p>\n","protected":false},"author":1318,"featured_media":0,"parent":0,"menu_order":0,"comment_status":"closed","ping_status":"closed","template":"","meta":{"footnotes":""},"class_list":["post-6426","page","type-page","status-publish","hentry"],"_links":{"self":[{"href":"https:\/\/terra.ufpr.br\/laboclima\/wp-json\/wp\/v2\/pages\/6426"}],"collection":[{"href":"https:\/\/terra.ufpr.br\/laboclima\/wp-json\/wp\/v2\/pages"}],"about":[{"href":"https:\/\/terra.ufpr.br\/laboclima\/wp-json\/wp\/v2\/types\/page"}],"author":[{"embeddable":true,"href":"https:\/\/terra.ufpr.br\/laboclima\/wp-json\/wp\/v2\/users\/1318"}],"replies":[{"embeddable":true,"href":"https:\/\/terra.ufpr.br\/laboclima\/wp-json\/wp\/v2\/comments?post=6426"}],"version-history":[{"count":14,"href":"https:\/\/terra.ufpr.br\/laboclima\/wp-json\/wp\/v2\/pages\/6426\/revisions"}],"predecessor-version":[{"id":6992,"href":"https:\/\/terra.ufpr.br\/laboclima\/wp-json\/wp\/v2\/pages\/6426\/revisions\/6992"}],"wp:attachment":[{"href":"https:\/\/terra.ufpr.br\/laboclima\/wp-json\/wp\/v2\/media?parent=6426"}],"curies":[{"name":"wp","href":"https:\/\/api.w.org\/{rel}","templated":true}]}}