{"id":6930,"date":"2026-02-06T16:57:47","date_gmt":"2026-02-06T19:57:47","guid":{"rendered":"https:\/\/terra.ufpr.br\/laboclima\/?page_id=6930"},"modified":"2026-02-06T17:07:07","modified_gmt":"2026-02-06T20:07:07","slug":"laboclima-na-midia","status":"publish","type":"page","link":"https:\/\/terra.ufpr.br\/laboclima\/laboclima-na-midia\/","title":{"rendered":"Laboclima na M\u00eddia"},"content":{"rendered":"\n<p class=\"has-text-align-center\"><strong>Mat\u00e9rias e Reportagens envolvendo o Laborat\u00f3rio de Climatologia da UFPR<\/strong><\/p>\n\n\n\n<p><\/p>\n\n\n\n<figure class=\"wp-block-embed aligncenter is-type-video is-provider-youtube wp-block-embed-youtube wp-embed-aspect-16-9 wp-has-aspect-ratio\"><div class=\"wp-block-embed__wrapper\">\n<iframe loading=\"lazy\" title=\"Vai nevar em Curitiba? CMC Podcasts discute a chance de neve na cidade\" width=\"500\" height=\"281\" src=\"https:\/\/www.youtube.com\/embed\/hqtZ2_50uYY?feature=oembed\" frameborder=\"0\" allow=\"accelerometer; autoplay; clipboard-write; encrypted-media; gyroscope; picture-in-picture; web-share\" referrerpolicy=\"strict-origin-when-cross-origin\" allowfullscreen><\/iframe>\n<\/div><figcaption class=\"wp-element-caption\"><em>Vai nevar em Curitiba? CMC Podcasts discute a chance de neve na cidade &#8211; C\u00e2mara Municipal de Curitiba (25\/06\/2025)<\/em><\/figcaption><\/figure>\n\n\n\n<figure class=\"wp-block-embed aligncenter is-type-video is-provider-youtube wp-block-embed-youtube wp-embed-aspect-16-9 wp-has-aspect-ratio\"><div class=\"wp-block-embed__wrapper\">\n<iframe loading=\"lazy\" title=\"Polui\u00e7\u00e3o nos Oceanos - [Coaliz\u00e3o Oceano]\" width=\"500\" height=\"281\" src=\"https:\/\/www.youtube.com\/embed\/I6RWTZ9NdOE?feature=oembed\" frameborder=\"0\" allow=\"accelerometer; autoplay; clipboard-write; encrypted-media; gyroscope; picture-in-picture; web-share\" referrerpolicy=\"strict-origin-when-cross-origin\" allowfullscreen><\/iframe>\n<\/div><figcaption class=\"wp-element-caption\"><em>Polui\u00e7\u00e3o nos Oceanos &#8211; [Coaliz\u00e3o Oceano] &#8211; UFPR TV (12\/02\/2025)<\/em><\/figcaption><\/figure>\n\n\n\n<figure class=\"wp-block-embed aligncenter is-type-video is-provider-youtube wp-block-embed-youtube wp-embed-aspect-16-9 wp-has-aspect-ratio\"><div class=\"wp-block-embed__wrapper\">\n<iframe loading=\"lazy\" title=\"Mudan\u00e7as clim\u00e1ticas [Coaliz\u00e3o Oceano]\" width=\"500\" height=\"281\" src=\"https:\/\/www.youtube.com\/embed\/FwNetaNd0to?feature=oembed\" frameborder=\"0\" allow=\"accelerometer; autoplay; clipboard-write; encrypted-media; gyroscope; picture-in-picture; web-share\" referrerpolicy=\"strict-origin-when-cross-origin\" allowfullscreen><\/iframe>\n<\/div><figcaption class=\"wp-element-caption\"><em>Mudan\u00e7as clim\u00e1ticas [Coaliz\u00e3o Oceano] &#8211; UFPR TV (17\/06\/2024)<\/em><\/figcaption><\/figure>\n\n\n\n<figure class=\"wp-block-embed aligncenter is-type-video is-provider-youtube wp-block-embed-youtube wp-embed-aspect-16-9 wp-has-aspect-ratio\"><div class=\"wp-block-embed__wrapper\">\n<iframe loading=\"lazy\" title=\"Podcast Curitibou? aborda os riscos de enchentes e alagamentos em Curitiba\" width=\"500\" height=\"281\" src=\"https:\/\/www.youtube.com\/embed\/NZF8mU0Yb3U?feature=oembed\" frameborder=\"0\" allow=\"accelerometer; autoplay; clipboard-write; encrypted-media; gyroscope; picture-in-picture; web-share\" referrerpolicy=\"strict-origin-when-cross-origin\" allowfullscreen><\/iframe>\n<\/div><figcaption class=\"wp-element-caption\"><em>Podcast Curitibou? aborda os riscos de enchentes e alagamentos em Curitiba &#8211; C\u00e2mara Municipal de Curitiba (15\/05\/2024)<\/em><\/figcaption><\/figure>\n\n\n\n<figure class=\"wp-block-embed is-type-video is-provider-youtube wp-block-embed-youtube wp-embed-aspect-16-9 wp-has-aspect-ratio\"><div class=\"wp-block-embed__wrapper\">\n<iframe loading=\"lazy\" title=\"Entrevista Prof. Dr. Francisco de Assis Mendon\u00e7a, pesquisador Universidade Federal do Paran\u00e1 - UFPR\" width=\"500\" height=\"281\" src=\"https:\/\/www.youtube.com\/embed\/9jjuk29_wEI?feature=oembed\" frameborder=\"0\" allow=\"accelerometer; autoplay; clipboard-write; encrypted-media; gyroscope; picture-in-picture; web-share\" referrerpolicy=\"strict-origin-when-cross-origin\" allowfullscreen><\/iframe>\n<\/div><figcaption class=\"wp-element-caption\"><em>Entrevista Prof. Dr. Francisco de Assis Mendon\u00e7a, pesquisador Universidade Federal do Paran\u00e1 &#8211; UFPR &#8211; NAPI-Emerg\u00eancia Clim\u00e1tica<\/em><\/figcaption><\/figure>\n\n\n\n<figure class=\"wp-block-embed aligncenter is-type-video is-provider-youtube wp-block-embed-youtube wp-embed-aspect-16-9 wp-has-aspect-ratio\"><div class=\"wp-block-embed__wrapper\">\n<iframe loading=\"lazy\" title=\"[Al\u00e9mdas8] O laborat\u00f3rio que estuda o impacto do clima em doen\u00e7as, polui\u00e7\u00e3o e produ\u00e7\u00e3o de alimentos\" width=\"500\" height=\"281\" src=\"https:\/\/www.youtube.com\/embed\/Ax_LBbbJdl8?feature=oembed\" frameborder=\"0\" allow=\"accelerometer; autoplay; clipboard-write; encrypted-media; gyroscope; picture-in-picture; web-share\" referrerpolicy=\"strict-origin-when-cross-origin\" allowfullscreen><\/iframe>\n<\/div><figcaption class=\"wp-element-caption\"><em>O laborat\u00f3rio que estuda o impacto do clima em doen\u00e7as, polui\u00e7\u00e3o e produ\u00e7\u00e3o de alimentos &#8211; APUFPR SSind<\/em><\/figcaption><\/figure>\n\n\n\n<p><\/p>\n","protected":false},"excerpt":{"rendered":"<p>Mat\u00e9rias e Reportagens envolvendo o Laborat\u00f3rio de Climatologia da UFPR<\/p>\n","protected":false},"author":1324,"featured_media":1645,"parent":0,"menu_order":0,"comment_status":"closed","ping_status":"closed","template":"","meta":{"footnotes":""},"class_list":["post-6930","page","type-page","status-publish","has-post-thumbnail","hentry"],"_links":{"self":[{"href":"https:\/\/terra.ufpr.br\/laboclima\/wp-json\/wp\/v2\/pages\/6930"}],"collection":[{"href":"https:\/\/terra.ufpr.br\/laboclima\/wp-json\/wp\/v2\/pages"}],"about":[{"href":"https:\/\/terra.ufpr.br\/laboclima\/wp-json\/wp\/v2\/types\/page"}],"author":[{"embeddable":true,"href":"https:\/\/terra.ufpr.br\/laboclima\/wp-json\/wp\/v2\/users\/1324"}],"replies":[{"embeddable":true,"href":"https:\/\/terra.ufpr.br\/laboclima\/wp-json\/wp\/v2\/comments?post=6930"}],"version-history":[{"count":2,"href":"https:\/\/terra.ufpr.br\/laboclima\/wp-json\/wp\/v2\/pages\/6930\/revisions"}],"predecessor-version":[{"id":6937,"href":"https:\/\/terra.ufpr.br\/laboclima\/wp-json\/wp\/v2\/pages\/6930\/revisions\/6937"}],"wp:featuredmedia":[{"embeddable":true,"href":"https:\/\/terra.ufpr.br\/laboclima\/wp-json\/wp\/v2\/media\/1645"}],"wp:attachment":[{"href":"https:\/\/terra.ufpr.br\/laboclima\/wp-json\/wp\/v2\/media?parent=6930"}],"curies":[{"name":"wp","href":"https:\/\/api.w.org\/{rel}","templated":true}]}}